{"id":1792,"date":"2024-06-24T05:57:58","date_gmt":"2024-06-24T05:57:58","guid":{"rendered":"https:\/\/membraneswitchmfg.com\/manufacturer\/anti-ultraviolet-membrane-switch\/"},"modified":"2024-06-25T13:20:26","modified_gmt":"2024-06-25T13:20:26","slug":"anti-ultraviolet-membrane-switch","status":"publish","type":"product","link":"https:\/\/membraneswitchmfg.com\/sv\/manufacturer\/anti-ultraviolet-membrane-switch\/","title":{"rendered":"Membranbrytare f\u00f6r anti-Ultraviolett"},"content":{"rendered":"<h2><strong><b>Membranbrytare f\u00f6r anti-Ultraviolett str\u00e5lning: H\u00e5llbar prestanda under tuffa f\u00f6rh\u00e5llanden<\/b><\/strong><\/h2>\n<p><strong>Skyddar mot UV-str\u00e5lning<\/strong><\/p>\n<p>Anti-ultravioletta membranbrytare inneh\u00e5ller UV-resistenta material och bel\u00e4ggningar som effektivt absorberar och blockerar UV-str\u00e5lar, vilket f\u00f6rhindrar att de skadar brytarens komponenter och grafik. Detta skydd s\u00e4kerst\u00e4ller att brytarna beh\u00e5ller sin funktionalitet, sitt utseende och sin livsl\u00e4ngd.<\/p>\n<ul>\n<li><strong>F\u00f6rhindrar blekning och missf\u00e4rgning av legender och grafik<\/strong><\/li>\n<li><strong>Bibeh\u00e5llen brytarfunktionalitet och taktil respons<\/strong><\/li>\n<li><strong>F\u00f6rl\u00e4ng livsl\u00e4ngden f\u00f6r membranbrytare i utomhusapplikationer<\/strong><\/li>\n<\/ul>\n<p><strong>Slitstark och l\u00e4mplig f\u00f6r utomhusbruk<\/strong><\/p>\n<p>Anti-ultravioletta membranbrytare \u00e4r inte bara UV-best\u00e4ndiga utan ocks\u00e5 utformade f\u00f6r att klara tuffa v\u00e4derf\u00f6rh\u00e5llanden, inklusive extrema temperaturer, fukt och damm. De \u00e4r l\u00e4mpliga f\u00f6r utomhusapplikationer d\u00e4r h\u00e5llbarhet och tillf\u00f6rlitlighet \u00e4r av st\u00f6rsta vikt.<\/p>\n<ul>\n<li><strong>Motst\u00e5ndskraftig mot repor, kemikalier och UV-str\u00e5lar<\/strong><\/li>\n<li><strong>Driftstemperaturer fr\u00e5n -40\u00b0C till 85\u00b0C<\/strong><\/li>\n<li><strong>L\u00e4mplig f\u00f6r utomhuskiosker, industriella kontrollpaneler och skyltar<\/strong><\/li>\n<\/ul>\n<p><strong>Till\u00e4mpningar<\/strong><\/p>\n<p>Membranbrytare som skyddar mot ultraviolett str\u00e5lning anv\u00e4nds ofta i en rad olika utomhusapplikationer, t.ex:<\/p>\n<ul>\n<li><strong>Kiosker utomhus:<\/strong>Uttagsautomater, informationskiosker, digital skyltning<\/li>\n<li><strong>Industriella kontrollpaneler:<\/strong>Trafiksignaler, bevattningssystem, solpaneler<\/li>\n<li><strong>Skyltning f\u00f6r transport:<\/strong>V\u00e4gskyltar, j\u00e4rnv\u00e4gssignaler, flygplatsskyltning<\/li>\n<li><strong>Marina till\u00e4mpningar:<\/strong>B\u00e5tkontroller, navigationspaneler, kommunikationssystem<\/li>\n<li><strong>Jordbruksutrustning:<\/strong>Traktorer, sk\u00f6rdemaskiner, bevattningssystem<\/li>\n<\/ul>\n<p><strong>Samarbeta med en erfaren tillverkare av membranbrytare f\u00f6r anti-Ultraviolett<\/strong><\/p>\n<p>Med m\u00e5nga \u00e5rs expertis inom UV-best\u00e4ndiga material och tillverkning av membranbrytare \u00e4r vi din p\u00e5litliga k\u00e4lla f\u00f6r h\u00f6gkvalitativa membranbrytare som \u00e4r skyddade mot ultraviolett str\u00e5lning. V\u00e5rt team av experter kommer att arbeta n\u00e4ra dig f\u00f6r att f\u00f6rst\u00e5 dina specifika behov och leverera skr\u00e4ddarsydda l\u00f6sningar som s\u00e4kerst\u00e4ller l\u00e5ngvarig prestanda i tuffa utomhusmilj\u00f6er.<\/p>\n<p><strong>Kontakta oss idag<\/strong>\u00a0f\u00f6r att l\u00e4ra dig mer om v\u00e5ra membranbrytarl\u00f6sningar mot ultraviolett str\u00e5lning och hur vi kan hj\u00e4lpa dig att skapa h\u00e5llbara, tillf\u00f6rlitliga och visuellt tilltalande gr\u00e4nssnitt f\u00f6r dina utomhusapplikationer.<\/p>","protected":false},"excerpt":{"rendered":"<p>I utomhusmilj\u00f6er och applikationer som uts\u00e4tts f\u00f6r direkt solljus kan membranbrytare f\u00f6rs\u00e4mras och missf\u00e4rgas p\u00e5 grund av ultraviolett (UV) str\u00e5lning. Anti-ultravioletta membranbrytare \u00e4r utformade f\u00f6r att motst\u00e5 h\u00e5rd UV-exponering, vilket s\u00e4kerst\u00e4ller l\u00e5ngvarig prestanda och bibeh\u00e5ller sin visuella integritet \u00e4ven under extrema f\u00f6rh\u00e5llanden.<\/p>","protected":false},"featured_media":1768,"template":"","meta":[],"product_brand":[],"product_cat":[40],"product_tag":[],"class_list":{"0":"post-1792","1":"product","2":"type-product","3":"status-publish","4":"has-post-thumbnail","6":"product_cat-membrane-switch","8":"first","9":"instock","10":"shipping-taxable","11":"product-type-simple"},"_links":{"self":[{"href":"https:\/\/membraneswitchmfg.com\/sv\/wp-json\/wp\/v2\/product\/1792","targetHints":{"allow":["GET"]}}],"collection":[{"href":"https:\/\/membraneswitchmfg.com\/sv\/wp-json\/wp\/v2\/product"}],"about":[{"href":"https:\/\/membraneswitchmfg.com\/sv\/wp-json\/wp\/v2\/types\/product"}],"wp:featuredmedia":[{"embeddable":true,"href":"https:\/\/membraneswitchmfg.com\/sv\/wp-json\/wp\/v2\/media\/1768"}],"wp:attachment":[{"href":"https:\/\/membraneswitchmfg.com\/sv\/wp-json\/wp\/v2\/media?parent=1792"}],"wp:term":[{"taxonomy":"product_brand","embeddable":true,"href":"https:\/\/membraneswitchmfg.com\/sv\/wp-json\/wp\/v2\/product_brand?post=1792"},{"taxonomy":"product_cat","embeddable":true,"href":"https:\/\/membraneswitchmfg.com\/sv\/wp-json\/wp\/v2\/product_cat?post=1792"},{"taxonomy":"product_tag","embeddable":true,"href":"https:\/\/membraneswitchmfg.com\/sv\/wp-json\/wp\/v2\/product_tag?post=1792"}],"curies":[{"name":"wp","href":"https:\/\/api.w.org\/{rel}","templated":true}]}}