{"id":1793,"date":"2024-06-24T05:57:58","date_gmt":"2024-06-24T05:57:58","guid":{"rendered":"https:\/\/membraneswitchmfg.com\/manufacturer\/ip68-waterproof-membrane-switch\/"},"modified":"2024-06-25T12:29:03","modified_gmt":"2024-06-25T12:29:03","slug":"ip68-waterproof-membrane-switch","status":"publish","type":"product","link":"https:\/\/membraneswitchmfg.com\/sv\/manufacturer\/ip68-waterproof-membrane-switch\/","title":{"rendered":"IP68 vattent\u00e4t membranbrytare"},"content":{"rendered":"<h2><strong><b>IP68 vattent\u00e4ta membranomkopplare: S\u00e4kerst\u00e4ller tillf\u00f6rlitlig drift i utmanande milj\u00f6er<\/b><\/strong><\/h2>\n<p><strong>O\u00f6vertr\u00e4ffat vattent\u00e4tt skydd<\/strong><\/p>\n<p>IP68 vattent\u00e4ta membranbrytare \u00e4r noggrant t\u00e4tade och konstruerade f\u00f6r att f\u00f6rhindra att vatten, damm eller andra f\u00f6roreningar tr\u00e4nger in. Denna exceptionella skyddsniv\u00e5 g\u00f6r dem idealiska f\u00f6r anv\u00e4ndning i kr\u00e4vande milj\u00f6er, t.ex:<\/p>\n<ul>\n<li><strong>Anv\u00e4nds utomhus:<\/strong>Kiosker, skyltar, industriella kontrollpaneler<\/li>\n<li><strong>Marina milj\u00f6er:<\/strong>B\u00e5tkontroller, navigationssystem, kommunikationsutrustning<\/li>\n<li><strong>Livsmedels- och dryckesindustrin:<\/strong>Diskutrymmen, maskinstyrning, f\u00f6rpackningsutrustning<\/li>\n<li><strong>Medicinska milj\u00f6er och laboratoriemilj\u00f6er:<\/strong>Sterila milj\u00f6er, kirurgisk utrustning, diagnostiska apparater<\/li>\n<\/ul>\n<p><strong>H\u00e5llbarhet och tillf\u00f6rlitlighet<\/strong><\/p>\n<p>Ut\u00f6ver sina vattent\u00e4ta egenskaper \u00e4r de vattent\u00e4ta membranbrytarna IP68 ocks\u00e5 utformade f\u00f6r exceptionell h\u00e5llbarhet, som t\u00e5l tuffa driftsf\u00f6rh\u00e5llanden, frekvent anv\u00e4ndning och aggressiva reng\u00f6ringsmedel. Detta s\u00e4kerst\u00e4ller l\u00e5ngvarig prestanda och en l\u00e5g total \u00e4gandekostnad.<\/p>\n<ul>\n<li><strong>Motst\u00e5ndskraftig mot repor, kemikalier och UV-str\u00e5lar<\/strong><\/li>\n<li><strong>Brett driftstemperaturomr\u00e5de<\/strong><\/li>\n<li><strong>L\u00e5ng livsl\u00e4ngd \u00e4ven i kr\u00e4vande milj\u00f6er<\/strong><\/li>\n<\/ul>\n<p><strong>Anpassningsbara l\u00f6sningar<\/strong><\/p>\n<p>Vi erbjuder ett brett utbud av anpassningsalternativ f\u00f6r IP68 vattent\u00e4ta membranomkopplare, inklusive:<\/p>\n<ul>\n<li><strong>M\u00e5nga olika storlekar och stilar p\u00e5 brytare<\/strong><\/li>\n<li><strong>Anpassad grafik och legender<\/strong><\/li>\n<li><strong>Alternativ f\u00f6r bakgrundsbelysning och belysning<\/strong><\/li>\n<li><strong>Integration av ytterligare komponenter<\/strong><\/li>\n<\/ul>\n<p><strong>Samarbeta med en erfaren tillverkare av IP68-vattent\u00e4ta membranbrytare<\/strong><\/p>\n<p>Med m\u00e5nga \u00e5rs expertis inom vattent\u00e4t membranbrytarteknik och ett engagemang f\u00f6r kvalitet \u00e4r vi din p\u00e5litliga k\u00e4lla f\u00f6r kundanpassade IP68 vattent\u00e4ta membranbrytare. V\u00e5rt team av experter kommer att arbeta n\u00e4ra dig f\u00f6r att f\u00f6rst\u00e5 dina specifika behov och leverera l\u00f6sningar som s\u00e4kerst\u00e4ller tillf\u00f6rlitlig drift och l\u00e5ngvarig prestanda \u00e4ven i de mest utmanande milj\u00f6erna.<\/p>\n<p><strong>Kontakta oss idag<\/strong>\u00a0f\u00f6r att l\u00e4ra dig mer om v\u00e5ra IP68-vattent\u00e4ta membranbrytare och hur vi kan hj\u00e4lpa dig att skydda din kritiska utrustning och s\u00e4kerst\u00e4lla s\u00f6ml\u00f6s drift i alla milj\u00f6er.<\/p>","protected":false},"excerpt":{"rendered":"<p>I applikationer d\u00e4r exponering f\u00f6r vatten, damm och andra tuffa f\u00f6rh\u00e5llanden \u00e4r ett problem ger vattent\u00e4ta membranbrytare enligt IP68 det ultimata skyddet. Dessa robusta brytare \u00e4r utformade f\u00f6r att uppfylla de str\u00e4nga kraven i IP68-standarden f\u00f6r intr\u00e5ngsskydd, vilket s\u00e4kerst\u00e4ller tillf\u00f6rlitlig drift \u00e4ven n\u00e4r de \u00e4r neds\u00e4nkta i vatten eller uts\u00e4tts f\u00f6r extremt damm och smuts.<\/p>","protected":false},"featured_media":1769,"template":"","meta":[],"product_brand":[],"product_cat":[40],"product_tag":[],"class_list":{"0":"post-1793","1":"product","2":"type-product","3":"status-publish","4":"has-post-thumbnail","6":"product_cat-membrane-switch","8":"first","9":"instock","10":"shipping-taxable","11":"product-type-simple"},"_links":{"self":[{"href":"https:\/\/membraneswitchmfg.com\/sv\/wp-json\/wp\/v2\/product\/1793","targetHints":{"allow":["GET"]}}],"collection":[{"href":"https:\/\/membraneswitchmfg.com\/sv\/wp-json\/wp\/v2\/product"}],"about":[{"href":"https:\/\/membraneswitchmfg.com\/sv\/wp-json\/wp\/v2\/types\/product"}],"wp:featuredmedia":[{"embeddable":true,"href":"https:\/\/membraneswitchmfg.com\/sv\/wp-json\/wp\/v2\/media\/1769"}],"wp:attachment":[{"href":"https:\/\/membraneswitchmfg.com\/sv\/wp-json\/wp\/v2\/media?parent=1793"}],"wp:term":[{"taxonomy":"product_brand","embeddable":true,"href":"https:\/\/membraneswitchmfg.com\/sv\/wp-json\/wp\/v2\/product_brand?post=1793"},{"taxonomy":"product_cat","embeddable":true,"href":"https:\/\/membraneswitchmfg.com\/sv\/wp-json\/wp\/v2\/product_cat?post=1793"},{"taxonomy":"product_tag","embeddable":true,"href":"https:\/\/membraneswitchmfg.com\/sv\/wp-json\/wp\/v2\/product_tag?post=1793"}],"curies":[{"name":"wp","href":"https:\/\/api.w.org\/{rel}","templated":true}]}}