{"id":1794,"date":"2024-06-24T05:57:58","date_gmt":"2024-06-24T05:57:58","guid":{"rendered":"https:\/\/membraneswitchmfg.com\/manufacturer\/ip65-waterproof-membrane-switch\/"},"modified":"2024-06-25T13:14:18","modified_gmt":"2024-06-25T13:14:18","slug":"ip65-waterproof-membrane-switch","status":"publish","type":"product","link":"https:\/\/membraneswitchmfg.com\/sv\/manufacturer\/ip65-waterproof-membrane-switch\/","title":{"rendered":"IP65 vattent\u00e4t membranbrytare"},"content":{"rendered":"<h2><strong><b>IP65 vattent\u00e4ta membranbrytare: Prisv\u00e4rt skydd f\u00f6r vardagliga applikationer<\/b><\/strong><\/h2>\n<p><strong>Effektivt skydd till ett \u00f6verkomligt pris<\/strong><\/p>\n<p>IP65 vattent\u00e4ta membranbrytare ger en balans mellan skydd och prisv\u00e4rdhet, vilket g\u00f6r dem till ett perfekt val f\u00f6r applikationer d\u00e4r tillf\u00e4llig exponering f\u00f6r vatten eller damm \u00e4r ett problem. Deras effektivitet mot vardagliga st\u00e4nk och damm g\u00f6r dem l\u00e4mpliga f\u00f6r:<\/p>\n<ul>\n<li><strong>Industriella kontrollpaneler<\/strong><\/li>\n<li><strong>Medicintekniska produkter<\/strong><\/li>\n<li><strong>Konsumentelektronik<\/strong><\/li>\n<li><strong>Vitvaror<\/strong><\/li>\n<li><strong>Maskiner och inventarier<\/strong><\/li>\n<\/ul>\n<p><strong>H\u00e5llbar och p\u00e5litlig<\/strong><\/p>\n<p>Trots att de \u00e4r kostnadseffektiva har de vattent\u00e4ta membranbrytarna IP65 samma h\u00e5llbarhet och tillf\u00f6rlitlighet som vanliga membranbrytare. De \u00e4r motst\u00e5ndskraftiga mot repor, kemikalier och UV-str\u00e5lar, vilket garanterar l\u00e5ngvarig prestanda.<\/p>\n<ul>\n<li><strong>Skarp och responsiv taktil feedback<\/strong><\/li>\n<li><strong>Motst\u00e5ndskraftig mot repor, kemikalier och UV-str\u00e5lar<\/strong><\/li>\n<li><strong>L\u00e4mplig f\u00f6r inomhus- och utomhusapplikationer<\/strong><\/li>\n<\/ul>\n<p><strong>Anpassningsbara alternativ<\/strong><\/p>\n<p>Vi erbjuder en m\u00e4ngd olika anpassningsalternativ f\u00f6r IP65 vattent\u00e4ta membranomkopplare, inklusive:<\/p>\n<ul>\n<li><strong>M\u00e5nga olika storlekar och stilar p\u00e5 brytare<\/strong><\/li>\n<li><strong>Anpassad grafik och legender<\/strong><\/li>\n<li><strong>Alternativ f\u00f6r bakgrundsbelysning och belysning<\/strong><\/li>\n<li><strong>Integration av ytterligare komponenter<\/strong><\/li>\n<\/ul>\n<p><strong>Samarbeta med en erfaren tillverkare av vattent\u00e4ta IP65-membranbrytare<\/strong><\/p>\n<p>Med m\u00e5nga \u00e5rs expertis inom vattent\u00e4t membranbrytarteknik och ett \u00e5tagande om kvalitet och prisv\u00e4rdhet \u00e4r vi din p\u00e5litliga k\u00e4lla f\u00f6r anpassade IP65 vattent\u00e4ta membranbrytare. V\u00e5rt team av experter kommer att arbeta n\u00e4ra dig f\u00f6r att f\u00f6rst\u00e5 dina specifika behov och leverera l\u00f6sningar som ger effektivt skydd och l\u00e5ngvarig prestanda till ett konkurrenskraftigt pris.<\/p>\n<p><strong>Kontakta oss idag<\/strong>\u00a0f\u00f6r att l\u00e4ra dig mer om v\u00e5ra IP65 vattent\u00e4ta membranbrytarl\u00f6sningar och hur vi kan hj\u00e4lpa dig att skydda din elektronik och s\u00e4kerst\u00e4lla s\u00f6ml\u00f6s drift i vardagliga milj\u00f6er.<\/p>","protected":false},"excerpt":{"rendered":"<p>IP65-vattent\u00e4ta membranbrytare \u00e4r en kostnadseffektiv l\u00f6sning f\u00f6r att skydda k\u00e4nslig elektronik fr\u00e5n vatten- och dammintr\u00e4ngning. Dessa m\u00e5ngsidiga switchar uppfyller IP65-standarden f\u00f6r intr\u00e4ngningsskydd, vilket skyddar mot l\u00e5gtrycksvattenstr\u00e5lar och dammintr\u00e4ngning, vilket g\u00f6r dem l\u00e4mpliga f\u00f6r ett brett spektrum av applikationer.<\/p>","protected":false},"featured_media":1770,"template":"","meta":[],"product_brand":[],"product_cat":[40],"product_tag":[],"class_list":{"0":"post-1794","1":"product","2":"type-product","3":"status-publish","4":"has-post-thumbnail","6":"product_cat-membrane-switch","8":"first","9":"instock","10":"shipping-taxable","11":"product-type-simple"},"_links":{"self":[{"href":"https:\/\/membraneswitchmfg.com\/sv\/wp-json\/wp\/v2\/product\/1794","targetHints":{"allow":["GET"]}}],"collection":[{"href":"https:\/\/membraneswitchmfg.com\/sv\/wp-json\/wp\/v2\/product"}],"about":[{"href":"https:\/\/membraneswitchmfg.com\/sv\/wp-json\/wp\/v2\/types\/product"}],"wp:featuredmedia":[{"embeddable":true,"href":"https:\/\/membraneswitchmfg.com\/sv\/wp-json\/wp\/v2\/media\/1770"}],"wp:attachment":[{"href":"https:\/\/membraneswitchmfg.com\/sv\/wp-json\/wp\/v2\/media?parent=1794"}],"wp:term":[{"taxonomy":"product_brand","embeddable":true,"href":"https:\/\/membraneswitchmfg.com\/sv\/wp-json\/wp\/v2\/product_brand?post=1794"},{"taxonomy":"product_cat","embeddable":true,"href":"https:\/\/membraneswitchmfg.com\/sv\/wp-json\/wp\/v2\/product_cat?post=1794"},{"taxonomy":"product_tag","embeddable":true,"href":"https:\/\/membraneswitchmfg.com\/sv\/wp-json\/wp\/v2\/product_tag?post=1794"}],"curies":[{"name":"wp","href":"https:\/\/api.w.org\/{rel}","templated":true}]}}