{"id":1795,"date":"2024-06-24T05:57:58","date_gmt":"2024-06-24T05:57:58","guid":{"rendered":"https:\/\/membraneswitchmfg.com\/manufacturer\/membrane-keypads-and-keyboards\/"},"modified":"2024-06-25T12:34:01","modified_gmt":"2024-06-25T12:34:01","slug":"membrane-keypads-and-keyboards","status":"publish","type":"product","link":"https:\/\/membraneswitchmfg.com\/sv\/manufacturer\/membrane-keypads-and-keyboards\/","title":{"rendered":"Membranknappsatser och tangentbord"},"content":{"rendered":"<h2><strong><b>Membranknappsatser och tangentbord: Tillf\u00f6rlitliga och kostnadseffektiva inmatningsl\u00f6sningar<\/b><\/strong><\/h2>\n<p><strong>H\u00e5llbar och kostnadseffektiv<\/strong><\/p>\n<p>Membranknappsatser och -tangentbord \u00e4r k\u00e4nda f\u00f6r sin h\u00e5llbarhet och sitt prisv\u00e4rda pris. Den enkla konstruktionen och avsaknaden av r\u00f6rliga delar g\u00f6r dem mindre k\u00e4nsliga f\u00f6r slitage, vilket f\u00f6rl\u00e4nger deras livsl\u00e4ngd. Dessutom \u00e4r tillverkningsprocessen relativt billig, vilket resulterar i l\u00e4gre kostnader j\u00e4mf\u00f6rt med andra inmatningsenheter.<\/p>\n<ul>\n<li><strong>L\u00e5ng livsl\u00e4ngd med minimalt underh\u00e5ll<\/strong><\/li>\n<li><strong>Kostnadseffektiv l\u00f6sning f\u00f6r applikationer med stora volymer<\/strong><\/li>\n<li><strong>L\u00e4mplig f\u00f6r tuffa milj\u00f6er och frekvent anv\u00e4ndning<\/strong><\/li>\n<\/ul>\n<p><strong>M\u00e5ngsidiga till\u00e4mpningar<\/strong><\/p>\n<p>Membranknappsatser och tangentbord \u00e4r m\u00e5ngsidiga inmatningsenheter som l\u00e4mpar sig f\u00f6r en rad olika till\u00e4mpningar, t.ex:<\/p>\n<ul>\n<li><strong>Industriella kontrollpaneler<\/strong><\/li>\n<li><strong>Medicintekniska produkter<\/strong><\/li>\n<li><strong>Konsumentelektronik<\/strong><\/li>\n<li><strong>Vitvaror<\/strong><\/li>\n<li><strong>Varuautomater<\/strong><\/li>\n<li><strong>Automatiserade kassaapparater (ATM)<\/strong><\/li>\n<\/ul>\n<p><strong>Anpassningsbara alternativ<\/strong><\/p>\n<p>Membranknappsatser och tangentbord kan anpassas f\u00f6r att uppfylla specifika krav, t.ex:<\/p>\n<ul>\n<li><strong>M\u00e5nga olika tangentlayouter och storlekar<\/strong><\/li>\n<li><strong>Anpassad grafik och legender<\/strong><\/li>\n<li><strong>Alternativ f\u00f6r bakgrundsbelysning och belysning<\/strong><\/li>\n<li><strong>Integration av ytterligare komponenter<\/strong><\/li>\n<\/ul>\n<p><strong>Samarbeta med en erfaren tillverkare av membranbaserade knappsatser och tangentbord<\/strong><\/p>\n<p>Med m\u00e5nga \u00e5rs expertis inom membranknappsatser och tangentbordsteknik \u00e4r vi din p\u00e5litliga k\u00e4lla f\u00f6r h\u00f6gkvalitativa, anpassade inmatningsl\u00f6sningar. V\u00e5rt team av experter kommer att arbeta n\u00e4ra dig f\u00f6r att f\u00f6rst\u00e5 dina specifika behov och leverera l\u00f6sningar som ger tillf\u00f6rlitlig prestanda, kostnadseffektivitet och m\u00e5ngsidighet.<\/p>\n<p><strong><a href=\"https:\/\/membraneswitchmfg.com\/sv\/contact\/\">Kontakta oss <\/a>idag<\/strong>\u00a0f\u00f6r att l\u00e4ra dig mer om v\u00e5ra l\u00f6sningar f\u00f6r membranknappsatser och tangentbord och hur vi kan hj\u00e4lpa dig att skapa anv\u00e4ndarv\u00e4nliga och h\u00e5llbara inmatningsenheter f\u00f6r dina applikationer.<\/p>","protected":false},"excerpt":{"rendered":"<p>Membranknappsatser och tangentbord \u00e4r en tillf\u00f6rlitlig och kostnadseffektiv l\u00f6sning f\u00f6r ett brett spektrum av inmatningsapplikationer. Dessa inmatningsenheter har en unik design som anv\u00e4nder tryckk\u00e4nsliga membran och ledande sp\u00e5r f\u00f6r att registrera tangenttryckningar, vilket ger ett taktilt svar och l\u00e5ngvarig prestanda.<\/p>","protected":false},"featured_media":1751,"template":"","meta":[],"product_brand":[],"product_cat":[40],"product_tag":[],"class_list":{"0":"post-1795","1":"product","2":"type-product","3":"status-publish","4":"has-post-thumbnail","6":"product_cat-membrane-switch","8":"first","9":"instock","10":"shipping-taxable","11":"product-type-simple"},"_links":{"self":[{"href":"https:\/\/membraneswitchmfg.com\/sv\/wp-json\/wp\/v2\/product\/1795","targetHints":{"allow":["GET"]}}],"collection":[{"href":"https:\/\/membraneswitchmfg.com\/sv\/wp-json\/wp\/v2\/product"}],"about":[{"href":"https:\/\/membraneswitchmfg.com\/sv\/wp-json\/wp\/v2\/types\/product"}],"wp:featuredmedia":[{"embeddable":true,"href":"https:\/\/membraneswitchmfg.com\/sv\/wp-json\/wp\/v2\/media\/1751"}],"wp:attachment":[{"href":"https:\/\/membraneswitchmfg.com\/sv\/wp-json\/wp\/v2\/media?parent=1795"}],"wp:term":[{"taxonomy":"product_brand","embeddable":true,"href":"https:\/\/membraneswitchmfg.com\/sv\/wp-json\/wp\/v2\/product_brand?post=1795"},{"taxonomy":"product_cat","embeddable":true,"href":"https:\/\/membraneswitchmfg.com\/sv\/wp-json\/wp\/v2\/product_cat?post=1795"},{"taxonomy":"product_tag","embeddable":true,"href":"https:\/\/membraneswitchmfg.com\/sv\/wp-json\/wp\/v2\/product_tag?post=1795"}],"curies":[{"name":"wp","href":"https:\/\/api.w.org\/{rel}","templated":true}]}}