{"id":2226,"date":"2024-07-22T14:19:04","date_gmt":"2024-07-22T14:19:04","guid":{"rendered":"https:\/\/membraneswitchmfg.com\/manufacturer\/silicone-protectors\/"},"modified":"2024-07-25T08:30:07","modified_gmt":"2024-07-25T08:30:07","slug":"silicone-protectors","status":"publish","type":"product","link":"https:\/\/membraneswitchmfg.com\/sv\/manufacturer\/silicone-protectors\/","title":{"rendered":"Silikonskydd"},"content":{"rendered":"<h2><strong>Silikonskydd Viktiga egenskaper:<\/strong><\/h2>\n<p>1. exakt kontroll av f\u00e4rgtolerans: Med hj\u00e4lp av f\u00e4rgspektrofotometrar med h\u00f6g precision kontrollerar vi f\u00e4rgtoleransen inom industristandarderna Delta 1, Delta 2 och Delta 3, vilket s\u00e4kerst\u00e4ller f\u00e4rgkonsistens i varje produktparti.<\/p>\n<p>2. Silikonmaterial av h\u00f6g kvalitet: V\u00e5ra fodral \u00e4r tillverkade av premiumsilikonmaterial och erbjuder utm\u00e4rkt h\u00e5llbarhet, flexibilitet och \u00e5ldringsbest\u00e4ndighet, vilket ger l\u00e5ngvarigt skydd.<\/p>\n<p>3. brett utbud av f\u00e4rgalternativ: Vi erbjuder ett rikt urval av f\u00e4rger f\u00f6r att m\u00f6ta olika kundbehov. Oavsett om det \u00e4r livfulla f\u00e4rger eller d\u00e4mpade neutraler, uppr\u00e4tth\u00e5ller var och en konsekvent nyans och visuell effekt.<\/p>\n<p>4. utm\u00e4rkt skydd: V\u00e5ra fodral \u00e4r utformade f\u00f6r att passa perfekt och ger ett helt\u00e4ckande skydd som effektivt f\u00f6rhindrar repor, st\u00f6tar och slitage och d\u00e4rmed f\u00f6rl\u00e4nger livsl\u00e4ngden p\u00e5 dina enheter.<\/p>\n<p>5.Bekv\u00e4m k\u00e4nsla: Silikonfodralets yta \u00e4r sl\u00e4t och ger ett bekv\u00e4mt grepp. Den halkfria designen f\u00f6rb\u00e4ttrar h\u00e5llstabiliteten.<\/p>\n<h3><strong>Silikonskydd Till\u00e4mpningar:<\/strong><\/h3>\n<p>1. Konsumentelektronik: Perfekt f\u00f6r smartphones, surfplattor och andra handh\u00e5llna enheter, med tillf\u00f6rlitligt skydd och snyggt utseende.<\/p>\n<p>2. hush\u00e5llsapparater: L\u00e4mplig f\u00f6r fj\u00e4rrkontroller, smarta hem-enheter m.m. och skyddar dem fr\u00e5n dagligt slitage.<\/p>\n<p>3. medicintekniska produkter: Det s\u00e4kra, giftfria silikonmaterialet \u00e4r l\u00e4mpligt f\u00f6r att skydda medicintekniska produkter, vilket garanterar renhet och s\u00e4kerhet.<\/p>\n<p>4. industriella till\u00e4mpningar: L\u00e4mplig f\u00f6r olika industriella utrustningar som kr\u00e4ver skydd, vilket ger tillf\u00f6rlitlig avsk\u00e4rmning och h\u00e5llbarhet.<\/p>","protected":false},"excerpt":{"rendered":"<p>V\u00e5ra silikonskydd utm\u00e4rker sig inte bara genom sin skyddande funktion utan ocks\u00e5 genom att uppn\u00e5 branschledande f\u00e4rgkonsistens. Genom att anv\u00e4nda avancerad f\u00e4rgspektrofotometri s\u00e4kerst\u00e4ller vi att f\u00e4rgtoleransen f\u00f6r varje fodral kontrolleras inom industristandarder, vilket ger en visuellt perfekt enhetlighet och h\u00f6gkvalitativt utseende.Vi \u00e4r fast beslutna att leverera silikonskydd av h\u00f6gsta kvalitet och se till att varje produkt uppfyller dina f\u00f6rv\u00e4ntningar. Med avancerad tillverkningsteknik och strikta kvalitetskontrollsystem erbjuder vi f\u00e4rgkonsekventa, h\u00e5llbara och funktionella skyddsfodral. Oavsett om du beh\u00f6ver standardprodukter eller skr\u00e4ddarsydda l\u00f6sningar kan vi tillgodose dina behov och hj\u00e4lpa dina enheter att h\u00e5lla sig i optimalt skick.<\/p>","protected":false},"featured_media":2212,"template":"","meta":[],"product_brand":[],"product_cat":[39],"product_tag":[],"class_list":{"0":"post-2226","1":"product","2":"type-product","3":"status-publish","4":"has-post-thumbnail","6":"product_cat-silicone-rubber","8":"first","9":"instock","10":"shipping-taxable","11":"product-type-simple"},"_links":{"self":[{"href":"https:\/\/membraneswitchmfg.com\/sv\/wp-json\/wp\/v2\/product\/2226","targetHints":{"allow":["GET"]}}],"collection":[{"href":"https:\/\/membraneswitchmfg.com\/sv\/wp-json\/wp\/v2\/product"}],"about":[{"href":"https:\/\/membraneswitchmfg.com\/sv\/wp-json\/wp\/v2\/types\/product"}],"wp:featuredmedia":[{"embeddable":true,"href":"https:\/\/membraneswitchmfg.com\/sv\/wp-json\/wp\/v2\/media\/2212"}],"wp:attachment":[{"href":"https:\/\/membraneswitchmfg.com\/sv\/wp-json\/wp\/v2\/media?parent=2226"}],"wp:term":[{"taxonomy":"product_brand","embeddable":true,"href":"https:\/\/membraneswitchmfg.com\/sv\/wp-json\/wp\/v2\/product_brand?post=2226"},{"taxonomy":"product_cat","embeddable":true,"href":"https:\/\/membraneswitchmfg.com\/sv\/wp-json\/wp\/v2\/product_cat?post=2226"},{"taxonomy":"product_tag","embeddable":true,"href":"https:\/\/membraneswitchmfg.com\/sv\/wp-json\/wp\/v2\/product_tag?post=2226"}],"curies":[{"name":"wp","href":"https:\/\/api.w.org\/{rel}","templated":true}]}}