{"id":2228,"date":"2024-07-22T14:19:04","date_gmt":"2024-07-22T14:19:04","guid":{"rendered":"https:\/\/membraneswitchmfg.com\/manufacturer\/silicon-pad\/"},"modified":"2024-07-25T08:35:32","modified_gmt":"2024-07-25T08:35:32","slug":"silicone-pad","status":"publish","type":"product","link":"https:\/\/membraneswitchmfg.com\/sv\/manufacturer\/silicone-pad\/","title":{"rendered":"Silikonplatta"},"content":{"rendered":"<h2><strong>Silikonplatta Viktiga egenskaper:<\/strong><\/h2>\n<p>1.\u00d6verl\u00e4gsen h\u00e5llbarhet: V\u00e5ra kuddar \u00e4r tillverkade av h\u00f6gkvalitativt silikongummi och \u00e4r motst\u00e5ndskraftiga mot extrema temperaturer, UV-str\u00e5lning och slitage, vilket garanterar l\u00e5ngvarig prestanda \u00e4ven i de mest kr\u00e4vande milj\u00f6erna.<\/p>\n<p>2. utm\u00e4rkt flexibilitet: Den inneboende flexibiliteten hos silikon g\u00f6r att v\u00e5ra kuddar kan anpassas till oregelbundna ytor och beh\u00e5lla sin form, vilket ger ett konsekvent skydd och d\u00e4mpning.<\/p>\n<p>3. termisk hantering: Med enast\u00e5ende v\u00e4rmeledningsf\u00f6rm\u00e5ga \u00e4r v\u00e5ra silikonpads idealiska f\u00f6r applikationer som kr\u00e4ver effektiv v\u00e4rmeavledning, t.ex. elektronik och LED-belysning.<\/p>\n<p>4. vibrationsd\u00e4mpning: V\u00e5ra dynor \u00e4r konstruerade f\u00f6r att absorbera och d\u00e4mpa vibrationer, vilket minskar buller och mekaniska st\u00f6tar, skyddar k\u00e4nsliga komponenter och \u00f6kar livsl\u00e4ngden p\u00e5 din utrustning.<\/p>\n<p>5. anpassningsbara alternativ: V\u00e5ra silikonkuddar finns i olika tjocklekar, storlekar och h\u00e5rdhetsniv\u00e5er och kan skr\u00e4ddarsys f\u00f6r att uppfylla de specifika behoven i ditt projekt. Anpassade former och stansade alternativ finns ocks\u00e5 tillg\u00e4ngliga.<\/p>\n<p>6. kemisk resistens: V\u00e5ra silikonkuddar \u00e4r resistenta mot ett brett spektrum av kemikalier, oljor och l\u00f6sningsmedel och bibeh\u00e5ller sin integritet och prestanda i tuffa milj\u00f6er.<\/p>\n<h2><strong>Silikon Pad Till\u00e4mpningar:<\/strong><\/h2>\n<p>1.Elektronik: Idealisk f\u00f6r termisk hantering i elektroniska enheter, vilket ger effektiv v\u00e4rme\u00f6verf\u00f6ring och skydd f\u00f6r k\u00e4nsliga komponenter.<\/p>\n<p>2.Automotive: L\u00e4mplig f\u00f6r anv\u00e4ndning i motorer, v\u00e4xell\u00e5dor och andra fordonssystem, med vibrationsd\u00e4mpning och termisk hantering.<\/p>\n<p>3. Industriell utrustning: Perfekt f\u00f6r maskiner och utrustning som kr\u00e4ver d\u00e4mpning, ljudd\u00e4mpning och skydd mot mekaniska st\u00f6tar.<\/p>\n<p>4. Medicinsk utrustning: S\u00e4ker f\u00f6r anv\u00e4ndning i medicinsk utrustning och ger tillf\u00f6rlitlig d\u00e4mpning och skydd f\u00f6r k\u00e4nsliga instrument.<\/p>\n<p>5. Konsumentvaror: Idealisk f\u00f6r hush\u00e5llsapparater, m\u00f6bler och andra konsumentprodukter som ger d\u00e4mpning och skydd.<\/p>","protected":false},"excerpt":{"rendered":"<p>V\u00e5ra silikonkuddar erbjuder den perfekta kombinationen av h\u00e5llbarhet, flexibilitet och h\u00f6gpresterande d\u00e4mpning f\u00f6r ett brett spektrum av applikationer. Oavsett om du beh\u00f6ver tillf\u00f6rlitlig termisk hantering, vibrationsd\u00e4mpning eller skyddande stoppning \u00e4r v\u00e5ra silikonkuddar utformade f\u00f6r att uppfylla dina specifika krav med exceptionell kvalitet och konsekvens. V\u00e5rt engagemang f\u00f6r kvalitet och innovation s\u00e4kerst\u00e4ller att v\u00e5ra silikonkuddar uppfyller de h\u00f6gsta industristandarderna. Vi erbjuder ett brett utbud av alternativ f\u00f6r att passa dina specifika behov, och v\u00e5rt expertteam \u00e4r dedikerat till att leverera produkter som \u00f6vertr\u00e4ffar dina f\u00f6rv\u00e4ntningar. Oavsett om du beh\u00f6ver standardkuddar eller helt kundanpassade l\u00f6sningar har vi expertisen och resurserna f\u00f6r att tillhandah\u00e5lla den perfekta d\u00e4mpningsl\u00f6sningen f\u00f6r din applikation.<\/p>","protected":false},"featured_media":2220,"template":"","meta":[],"product_brand":[],"product_cat":[39],"product_tag":[],"class_list":{"0":"post-2228","1":"product","2":"type-product","3":"status-publish","4":"has-post-thumbnail","6":"product_cat-silicone-rubber","8":"first","9":"instock","10":"shipping-taxable","11":"product-type-simple"},"_links":{"self":[{"href":"https:\/\/membraneswitchmfg.com\/sv\/wp-json\/wp\/v2\/product\/2228","targetHints":{"allow":["GET"]}}],"collection":[{"href":"https:\/\/membraneswitchmfg.com\/sv\/wp-json\/wp\/v2\/product"}],"about":[{"href":"https:\/\/membraneswitchmfg.com\/sv\/wp-json\/wp\/v2\/types\/product"}],"wp:featuredmedia":[{"embeddable":true,"href":"https:\/\/membraneswitchmfg.com\/sv\/wp-json\/wp\/v2\/media\/2220"}],"wp:attachment":[{"href":"https:\/\/membraneswitchmfg.com\/sv\/wp-json\/wp\/v2\/media?parent=2228"}],"wp:term":[{"taxonomy":"product_brand","embeddable":true,"href":"https:\/\/membraneswitchmfg.com\/sv\/wp-json\/wp\/v2\/product_brand?post=2228"},{"taxonomy":"product_cat","embeddable":true,"href":"https:\/\/membraneswitchmfg.com\/sv\/wp-json\/wp\/v2\/product_cat?post=2228"},{"taxonomy":"product_tag","embeddable":true,"href":"https:\/\/membraneswitchmfg.com\/sv\/wp-json\/wp\/v2\/product_tag?post=2228"}],"curies":[{"name":"wp","href":"https:\/\/api.w.org\/{rel}","templated":true}]}}