{"id":2274,"date":"2024-07-26T02:52:22","date_gmt":"2024-07-26T02:52:22","guid":{"rendered":"https:\/\/membraneswitchmfg.com\/?post_type=product&#038;p=2274"},"modified":"2024-09-19T12:54:44","modified_gmt":"2024-09-19T12:54:44","slug":"magnetic-switch","status":"publish","type":"product","link":"https:\/\/membraneswitchmfg.com\/sv\/manufacturer\/magnetic-switch\/","title":{"rendered":"Magnetisk omkopplare"},"content":{"rendered":"<h4><strong><b>Viktiga egenskaper:<\/b><\/strong><\/h4>\n<p><strong>1.<\/strong><strong>O\u00f6vertr\u00e4ffad h\u00e5llbarhet<\/strong>: V\u00e5r produkt \u00e4r konstruerad f\u00f6r att klara upp till 10 miljoner pressningar och garanterar konsekvent prestanda och tillf\u00f6rlitlighet under en l\u00e4ngre period, vilket g\u00f6r den till ett kostnadseffektivt val f\u00f6r l\u00e5ngsiktiga applikationer.<\/p>\n<p><strong>2.<\/strong><strong>M\u00e5ngsidiga till\u00e4mpningar<\/strong>: F\u00f6r n\u00e4rvarande anv\u00e4nds v\u00e5r magnetbrytare i stor utstr\u00e4ckning i olika sektorer med h\u00f6g efterfr\u00e5gan, inklusive:<\/p>\n<ul>\n<li><strong>Medicinsk utrustning<\/strong>: V\u00e5r brytare ger exakt och tillf\u00f6rlitlig kontroll och \u00e4r en kritisk komponent i medicintekniska produkter, vilket garanterar s\u00e4kerhet och tillf\u00f6rlitlighet i v\u00e5rdmilj\u00f6er.<\/li>\n<li><strong>L\u00f6pband<\/strong>: V\u00e5r str\u00f6mbrytare, som \u00e4r integrerad i tr\u00e4ningsutrustning, garanterar smidig drift och f\u00f6rb\u00e4ttrar anv\u00e4ndarupplevelsen och klarar de h\u00e5rda krav som st\u00e4lls vid frekvent anv\u00e4ndning.<\/li>\n<\/ul>\n<h4><strong><b>Varf\u00f6r v\u00e4lja v\u00e5r magnetbrytare?<\/b><\/strong><\/h4>\n<p><strong>1.<\/strong><strong>O\u00f6vertr\u00e4ffad livsl\u00e4ngd<\/strong>: Som den enda magnetbrytaren p\u00e5 den inhemska marknaden med en livsl\u00e4ngd p\u00e5 10 miljoner tryckningar s\u00e4tter vi standarden f\u00f6r h\u00e5llbarhet.<\/p>\n<p><strong>2.<\/strong><strong>Tillf\u00f6rlitlighet i kritiska applikationer<\/strong>: V\u00e5r brytare anv\u00e4nds i medicinsk utrustning d\u00e4r tillf\u00f6rlitlighet och precision \u00e4r av st\u00f6rsta vikt.<\/p>\n<p><strong>3.<\/strong><strong>Prestanda i milj\u00f6er med h\u00f6g belastning<\/strong>: Med applikationer i l\u00f6pband bevisar v\u00e5r brytare sin t\u00e5lighet i milj\u00f6er med mycket trafik och h\u00f6g anv\u00e4ndning.<\/p>","protected":false},"excerpt":{"rendered":"<p>Vi presenterar v\u00e5r avancerade <span class=\"Y2IQFc\" lang=\"en\">Magnetisk membranbrytare<\/span>\u00e4r en symbol f\u00f6r h\u00e5llbarhet och tillf\u00f6rlitlighet p\u00e5 marknaden. Med en anm\u00e4rkningsv\u00e4rd produktlivsl\u00e4ngd p\u00e5 upp till <strong>10 miljoner tryckpressar<\/strong>\u00e4r v\u00e5r magnetbrytare f\u00f6ljande <strong>den enda i sitt slag p\u00e5 hemmamarknaden som erbjuder en s\u00e5dan l\u00e5ng livsl\u00e4ngd<\/strong>Vi presenterar v\u00e5r avancerade magnetbrytare, som \u00e4r marknadens symbol f\u00f6r h\u00e5llbarhet och tillf\u00f6rlitlighet. Med en anm\u00e4rkningsv\u00e4rd produktlivsl\u00e4ngd p\u00e5 upp till 10 miljoner tryckningar \u00e4r v\u00e5r magnetbrytare den enda i sitt slag p\u00e5 hemmamarknaden som erbjuder en s\u00e5dan livsl\u00e4ngd.<\/p>","protected":false},"featured_media":2435,"template":"","meta":[],"product_brand":[],"product_cat":[40],"product_tag":[],"class_list":{"0":"post-2274","1":"product","2":"type-product","3":"status-publish","4":"has-post-thumbnail","6":"product_cat-membrane-switch","8":"first","9":"instock","10":"shipping-taxable","11":"product-type-simple"},"_links":{"self":[{"href":"https:\/\/membraneswitchmfg.com\/sv\/wp-json\/wp\/v2\/product\/2274","targetHints":{"allow":["GET"]}}],"collection":[{"href":"https:\/\/membraneswitchmfg.com\/sv\/wp-json\/wp\/v2\/product"}],"about":[{"href":"https:\/\/membraneswitchmfg.com\/sv\/wp-json\/wp\/v2\/types\/product"}],"wp:featuredmedia":[{"embeddable":true,"href":"https:\/\/membraneswitchmfg.com\/sv\/wp-json\/wp\/v2\/media\/2435"}],"wp:attachment":[{"href":"https:\/\/membraneswitchmfg.com\/sv\/wp-json\/wp\/v2\/media?parent=2274"}],"wp:term":[{"taxonomy":"product_brand","embeddable":true,"href":"https:\/\/membraneswitchmfg.com\/sv\/wp-json\/wp\/v2\/product_brand?post=2274"},{"taxonomy":"product_cat","embeddable":true,"href":"https:\/\/membraneswitchmfg.com\/sv\/wp-json\/wp\/v2\/product_cat?post=2274"},{"taxonomy":"product_tag","embeddable":true,"href":"https:\/\/membraneswitchmfg.com\/sv\/wp-json\/wp\/v2\/product_tag?post=2274"}],"curies":[{"name":"wp","href":"https:\/\/api.w.org\/{rel}","templated":true}]}}