{"id":2438,"date":"2024-09-20T06:37:42","date_gmt":"2024-09-20T06:37:42","guid":{"rendered":"https:\/\/membraneswitchmfg.com\/?post_type=product&#038;p=2438"},"modified":"2024-09-20T06:40:01","modified_gmt":"2024-09-20T06:40:01","slug":"in-mold-electronics-ime","status":"publish","type":"product","link":"https:\/\/membraneswitchmfg.com\/sv\/manufacturer\/in-mold-electronics-ime\/","title":{"rendered":"In-Mold elektronik (IME)"},"content":{"rendered":"<h2>In-Mold Electronics (IME): En revolutionerande teknik<\/h2>\n<h3 data-sourcepos=\"5:1-5:24\">Viktiga f\u00f6rdelar med In-Mold Electronics<strong>:<\/strong><\/h3>\n<ul>\n<li><span class=\"citation-2 recitation\">Minskade monteringskostnader:<\/span><span class=\"citation-2 recitation citation-end-2\"> Genom att integrera elektroniska komponenter direkt i plastdelen eliminerar IME behovet av separata monteringssteg, vilket avsev\u00e4rt minskar tillverkningskostnaderna.<\/span><\/li>\n<li>F\u00f6rb\u00e4ttrad h\u00e5llbarhet: <span class=\"citation-3 recitation citation-end-3\">IME skapar en stark bindning mellan de elektroniska komponenterna och plastdelen, vilket f\u00f6rb\u00e4ttrar h\u00e5llbarheten och motst\u00e5ndskraften mot milj\u00f6faktorer.<\/span><\/li>\n<li>Mindre formfaktor: <span class=\"citation-4 recitation citation-end-4\">IME m\u00f6jligg\u00f6r skapandet av tunnare och mer kompakta elektroniska enheter, vilket g\u00f6r dem mer b\u00e4rbara och estetiskt tilltalande.<\/span><\/li>\n<li>F\u00f6rb\u00e4ttrad estetik: IME kan anv\u00e4ndas f\u00f6r att skapa s\u00f6ml\u00f6sa och visuellt tilltalande designer, som integrerar elektroniska komponenter s\u00f6ml\u00f6st i produktens \u00f6vergripande utseende.<\/li>\n<li>F\u00f6rb\u00e4ttrad tillf\u00f6rlitlighet: <span class=\"citation-5 recitation citation-end-5\">Genom att eliminera externa anslutningar och monteringssteg kan IME f\u00f6rb\u00e4ttra tillf\u00f6rlitligheten och livsl\u00e4ngden f\u00f6r elektroniska produkter.<\/span><\/li>\n<\/ul>\n<h3 data-sourcepos=\"13:1-13:24\">Till\u00e4mpningar av In-Mold Electronics:<\/h3>\n<ul data-sourcepos=\"15:1-19:0\">\n<li data-sourcepos=\"15:1-15:100\">Konsumentelektronik: Tangentbord, fj\u00e4rrkontroller, instrumentpaneler f\u00f6r bilar och b\u00e4rbara enheter.<\/li>\n<li data-sourcepos=\"16:1-16:110\">Medicinska apparater: <span class=\"citation-6 recitation citation-end-6\">Diagnostisk utrustning, system f\u00f6r patient\u00f6vervakning och implanterbara enheter.<\/span><\/li>\n<li data-sourcepos=\"16:1-16:110\">Fordonsindustrin: <span class=\"citation-7 recitation citation-end-7\">Kontrollpaneler, instrumentkluster och d\u00f6rrpaneler.<\/span><\/li>\n<li data-sourcepos=\"16:1-16:110\">Industriell automation: Kontrollpaneler, sensorer och andra automationskomponenter.<\/li>\n<\/ul>","protected":false},"excerpt":{"rendered":"<p><span class=\"citation-0 recitation\">In-Mold elektronik (IME)<\/span><span class=\"citation-0 recitation citation-end-0\"> \u00e4r en tillverkningsprocess som integrerar elektroniska komponenter direkt i plastdelar under gjutningsprocessen.<\/span> <span class=\"citation-1 recitation citation-end-1\">Denna innovativa teknik erbjuder m\u00e5nga f\u00f6rdelar j\u00e4mf\u00f6rt med traditionella monteringsmetoder, vilket g\u00f6r den till ett popul\u00e4rt val f\u00f6r olika branscher.<\/span><\/p>\n<p><span class=\"citation-8 recitation citation-end-8\">IME \u00e4r en banbrytande teknik som erbjuder betydande f\u00f6rdelar n\u00e4r det g\u00e4ller kostnad, h\u00e5llbarhet, design och tillf\u00f6rlitlighet.<\/span> Allt eftersom tekniken forts\u00e4tter att utvecklas kan vi f\u00f6rv\u00e4nta oss att se \u00e4nnu mer innovativa till\u00e4mpningar i framtiden.<\/p>","protected":false},"featured_media":2439,"template":"","meta":[],"product_brand":[],"product_cat":[40],"product_tag":[],"class_list":{"0":"post-2438","1":"product","2":"type-product","3":"status-publish","4":"has-post-thumbnail","6":"product_cat-membrane-switch","8":"first","9":"instock","10":"shipping-taxable","11":"product-type-simple"},"_links":{"self":[{"href":"https:\/\/membraneswitchmfg.com\/sv\/wp-json\/wp\/v2\/product\/2438","targetHints":{"allow":["GET"]}}],"collection":[{"href":"https:\/\/membraneswitchmfg.com\/sv\/wp-json\/wp\/v2\/product"}],"about":[{"href":"https:\/\/membraneswitchmfg.com\/sv\/wp-json\/wp\/v2\/types\/product"}],"wp:featuredmedia":[{"embeddable":true,"href":"https:\/\/membraneswitchmfg.com\/sv\/wp-json\/wp\/v2\/media\/2439"}],"wp:attachment":[{"href":"https:\/\/membraneswitchmfg.com\/sv\/wp-json\/wp\/v2\/media?parent=2438"}],"wp:term":[{"taxonomy":"product_brand","embeddable":true,"href":"https:\/\/membraneswitchmfg.com\/sv\/wp-json\/wp\/v2\/product_brand?post=2438"},{"taxonomy":"product_cat","embeddable":true,"href":"https:\/\/membraneswitchmfg.com\/sv\/wp-json\/wp\/v2\/product_cat?post=2438"},{"taxonomy":"product_tag","embeddable":true,"href":"https:\/\/membraneswitchmfg.com\/sv\/wp-json\/wp\/v2\/product_tag?post=2438"}],"curies":[{"name":"wp","href":"https:\/\/api.w.org\/{rel}","templated":true}]}}