{"id":1686,"date":"2024-06-22T14:56:03","date_gmt":"2024-06-22T14:56:03","guid":{"rendered":"https:\/\/membraneswitchmfg.com\/manufacturer\/ul-high-temperature-resistant-certification-label\/"},"modified":"2024-06-26T00:55:30","modified_gmt":"2024-06-26T00:55:30","slug":"ul-high-temperature-resistant-certification-label","status":"publish","type":"product","link":"https:\/\/membraneswitchmfg.com\/tr\/manufacturer\/ul-high-temperature-resistant-certification-label\/","title":{"rendered":"UL Y\u00fcksek S\u0131cakl\u0131\u011fa Dayan\u0131kl\u0131 Sertifika Etiketi"},"content":{"rendered":"<h2 class=\"\" data-sourcepos=\"1:1-1:109\">UL Y\u00fcksek S\u0131cakl\u0131\u011fa Dayan\u0131kl\u0131 Sertifika Etiketleri: A\u015f\u0131r\u0131 Ortamlarda G\u00fcvenli\u011fi ve Dayan\u0131kl\u0131l\u0131\u011f\u0131 Sa\u011flama<\/h2>\n<p data-sourcepos=\"3:1-3:104\">Zorlu ko\u015fullara dayanabilen UL sertifikal\u0131 y\u00fcksek s\u0131cakl\u0131\u011fa dayan\u0131kl\u0131 etiketlerle \u00fcr\u00fcnlerinizi ve markan\u0131z\u0131 koruyun.<\/p>\n<p data-sourcepos=\"5:1-5:49\"><strong>A\u015f\u0131r\u0131 Ortamlar i\u00e7in E\u015fsiz Dayan\u0131kl\u0131l\u0131k<\/strong><\/p>\n<p data-sourcepos=\"7:1-7:155\">UL sertifikal\u0131 y\u00fcksek s\u0131cakl\u0131\u011fa dayan\u0131kl\u0131 etiketlerimiz, -40\u00b0C ila 500\u00b0C (-40\u00b0F ila 932\u00b0F) aras\u0131ndaki s\u0131cakl\u0131klara s\u00fcrekli maruz kalmaya dayanabilen birinci s\u0131n\u0131f malzemelerden \u00fcretilmi\u015ftir. Solmaya, y\u0131rt\u0131lmaya ve kimyasal bozulmaya kar\u015f\u0131 dayan\u0131kl\u0131d\u0131rlar ve bu da onlar\u0131 \u00e7ok \u00e7e\u015fitli uygulamalarda kullan\u0131m i\u00e7in ideal k\u0131lar.<\/p>\n<p data-sourcepos=\"9:1-9:38\"><strong>\u0130\u00e7 Huzuru i\u00e7in UL Sertifikas\u0131<\/strong><\/p>\n<p data-sourcepos=\"11:1-11:62\">UL y\u00fcksek s\u0131cakl\u0131\u011fa dayan\u0131kl\u0131 etiketlerimiz, g\u00fcvenlik standartlar\u0131nda d\u00fcnya \u00e7ap\u0131nda tan\u0131nan bir lider olan Underwriters Laboratories (UL) taraf\u0131ndan titizlikle test edilmi\u015f ve onaylanm\u0131\u015ft\u0131r. Bu sertifika, etiketlerimizin dayan\u0131kl\u0131l\u0131k, performans ve g\u00fcvenlik i\u00e7in en y\u00fcksek standartlar\u0131 kar\u015f\u0131lamas\u0131n\u0131 sa\u011flar.<\/p>\n<p data-sourcepos=\"13:1-13:89\"><strong>\u00dcst\u00fcn Kalite ve Uzmanl\u0131k i\u00e7in \u00c7in Etiket Barkod Yaz\u0131c\u0131 Tedarik\u00e7ileriyle Ortak Olun<\/strong><\/p>\n<p data-sourcepos=\"15:1-15:207\">China Label Barcode Printer Suppliers olarak, m\u00fc\u015fterilerimize en y\u00fcksek kalitede UL y\u00fcksek s\u0131cakl\u0131\u011fa dayan\u0131kl\u0131 etiketleri ve \u00f6zel uygulama ihtiya\u00e7lar\u0131n\u0131 kar\u015f\u0131layacak uzmanl\u0131\u011f\u0131 sa\u011flamaya kararl\u0131y\u0131z.<\/p>\n<p data-sourcepos=\"17:1-17:82\"><strong>Bug\u00fcn bize ula\u015f\u0131n<\/strong> UL y\u00fcksek s\u0131cakl\u0131\u011fa dayan\u0131kl\u0131 etiketlerimiz hakk\u0131nda daha fazla bilgi edinmek i\u00e7in.<\/p>","protected":false},"excerpt":{"rendered":"<p>UL y\u00fcksek s\u0131cakl\u0131\u011fa dayan\u0131kl\u0131 sertifika etiketi, \u00fcr\u00fcn\u00fcn y\u00fcksek s\u0131cakl\u0131klara g\u00fcvenli bir \u015fekilde dayanmas\u0131 i\u00e7in UL (Underwriters Laboratories) taraf\u0131ndan test edildi\u011fini ve sertifikaland\u0131\u011f\u0131n\u0131 do\u011frular.<\/p>","protected":false},"featured_media":1660,"template":"","meta":[],"product_brand":[],"product_cat":[15],"product_tag":[],"class_list":{"0":"post-1686","1":"product","2":"type-product","3":"status-publish","4":"has-post-thumbnail","6":"product_cat-print-label","8":"first","9":"instock","10":"shipping-taxable","11":"product-type-simple"},"_links":{"self":[{"href":"https:\/\/membraneswitchmfg.com\/tr\/wp-json\/wp\/v2\/product\/1686","targetHints":{"allow":["GET"]}}],"collection":[{"href":"https:\/\/membraneswitchmfg.com\/tr\/wp-json\/wp\/v2\/product"}],"about":[{"href":"https:\/\/membraneswitchmfg.com\/tr\/wp-json\/wp\/v2\/types\/product"}],"wp:featuredmedia":[{"embeddable":true,"href":"https:\/\/membraneswitchmfg.com\/tr\/wp-json\/wp\/v2\/media\/1660"}],"wp:attachment":[{"href":"https:\/\/membraneswitchmfg.com\/tr\/wp-json\/wp\/v2\/media?parent=1686"}],"wp:term":[{"taxonomy":"product_brand","embeddable":true,"href":"https:\/\/membraneswitchmfg.com\/tr\/wp-json\/wp\/v2\/product_brand?post=1686"},{"taxonomy":"product_cat","embeddable":true,"href":"https:\/\/membraneswitchmfg.com\/tr\/wp-json\/wp\/v2\/product_cat?post=1686"},{"taxonomy":"product_tag","embeddable":true,"href":"https:\/\/membraneswitchmfg.com\/tr\/wp-json\/wp\/v2\/product_tag?post=1686"}],"curies":[{"name":"wp","href":"https:\/\/api.w.org\/{rel}","templated":true}]}}