{"id":1687,"date":"2024-06-22T14:56:03","date_gmt":"2024-06-22T14:56:03","guid":{"rendered":"https:\/\/membraneswitchmfg.com\/manufacturer\/csa-high-temperature-resistant-certification-label\/"},"modified":"2024-06-26T00:55:06","modified_gmt":"2024-06-26T00:55:06","slug":"csa-high-temperature-resistant-certification-label","status":"publish","type":"product","link":"https:\/\/membraneswitchmfg.com\/tr\/manufacturer\/csa-high-temperature-resistant-certification-label\/","title":{"rendered":"CSA Y\u00fcksek S\u0131cakl\u0131\u011fa Dayan\u0131kl\u0131 Sertifika Etiketi"},"content":{"rendered":"<h2 class=\"\" data-sourcepos=\"1:1-1:108\">CSA Y\u00fcksek S\u0131cakl\u0131\u011fa Dayan\u0131kl\u0131 Sertifika Etiketleri: Zorlu Ortamlarda Uyumluluk ve G\u00fcvenli\u011fi Sa\u011flama<\/h2>\n<p data-sourcepos=\"3:1-3:119\">\u00dcr\u00fcnlerinizi ve markan\u0131z\u0131, a\u015f\u0131r\u0131 ko\u015fullara dayanabilen CSA sertifikal\u0131 y\u00fcksek s\u0131cakl\u0131\u011fa dayan\u0131kl\u0131 etiketlerle koruyun.<\/p>\n<p data-sourcepos=\"5:1-5:51\"><strong>Zorlu Ortamlar i\u00e7in E\u015fsiz Dayan\u0131kl\u0131l\u0131k<\/strong><\/p>\n<p data-sourcepos=\"7:1-7:152\">CSA y\u00fcksek s\u0131cakl\u0131\u011fa dayan\u0131kl\u0131 etiketlerimiz, \u00fcr\u00fcn bilgilerinizin yo\u011fun \u0131s\u0131, sert kimyasallar ve a\u015f\u0131nd\u0131r\u0131c\u0131 a\u015f\u0131nma kar\u015f\u0131s\u0131nda bile net, g\u00f6r\u00fcn\u00fcr ve uyumlu kalmas\u0131n\u0131 sa\u011flayarak en zorlu ko\u015fullara dayanacak \u015fekilde tasarlanm\u0131\u015ft\u0131r. Birinci s\u0131n\u0131f malzemelerden \u00fcretilen bu etiketler, -40\u00b0C ila 500\u00b0C (-40\u00b0F ila 932\u00b0F) aras\u0131ndaki s\u0131cakl\u0131klara s\u00fcrekli maruz kalmaya dayanabilir.<\/p>\n<p data-sourcepos=\"9:1-9:23\"><strong>Huzur i\u00e7in CSA Sertifikas\u0131<\/strong><\/p>\n<p data-sourcepos=\"11:1-11:433\">CSA y\u00fcksek s\u0131cakl\u0131\u011fa dayan\u0131kl\u0131 etiketlerimiz, g\u00fcvenlik standartlar\u0131nda d\u00fcnya \u00e7ap\u0131nda tan\u0131nan bir lider olan Kanada Standartlar Birli\u011fi (CSA) taraf\u0131ndan titizlikle test edilmi\u015f ve onaylanm\u0131\u015ft\u0131r. Bu sertifika, etiketlerimizin dayan\u0131kl\u0131l\u0131k, performans ve g\u00fcvenlik i\u00e7in en y\u00fcksek standartlar\u0131 kar\u015f\u0131lamas\u0131n\u0131 sa\u011flayarak, \u00fcr\u00fcn tan\u0131mlama ve g\u00fcvenlik i\u015faretlerinizin en zorlu ortamlarda bile sa\u011flam kalaca\u011f\u0131na dair g\u00f6n\u00fcl rahatl\u0131\u011f\u0131 sa\u011flar.<\/p>\n<p data-sourcepos=\"13:1-13:42\"><strong>Geni\u015f Uygulama Yelpazesi i\u00e7in \u0130deal<\/strong><\/p>\n<p data-sourcepos=\"15:1-15:91\">CSA y\u00fcksek s\u0131cakl\u0131\u011fa dayan\u0131kl\u0131 etiketlerimiz, a\u015fa\u011f\u0131dakiler dahil olmak \u00fczere \u00e7ok \u00e7e\u015fitli uygulamalarda kullan\u0131m i\u00e7in idealdir:<\/p>\n<ul data-sourcepos=\"17:1-22:0\">\n<li data-sourcepos=\"17:1-17:36\">End\u00fcstriyel makine ve ekipman<\/li>\n<li data-sourcepos=\"18:1-18:37\">Otomotiv ve havac\u0131l\u0131k bile\u015fenleri<\/li>\n<li data-sourcepos=\"19:1-19:28\">Ev aletleri ve elektronik<\/li>\n<li data-sourcepos=\"20:1-20:17\">T\u0131bbi cihazlar<\/li>\n<li data-sourcepos=\"21:1-22:0\">D\u0131\u015f mekan tabelalar\u0131 ve etiketleri<\/li>\n<\/ul>\n<p data-sourcepos=\"23:1-23:89\"><strong>\u00dcst\u00fcn Kalite ve Uzmanl\u0131k i\u00e7in \u00c7in Etiket Barkod Yaz\u0131c\u0131 Tedarik\u00e7ileriyle Ortak Olun<\/strong><\/p>\n<p data-sourcepos=\"25:1-25:353\">\u00c7in Etiket Barkod Yaz\u0131c\u0131 Tedarik\u00e7ileri olarak, m\u00fc\u015fterilerimize en y\u00fcksek kalitede CSA y\u00fcksek s\u0131cakl\u0131\u011fa dayan\u0131kl\u0131 etiketleri ve \u00f6zel uygulama ihtiya\u00e7lar\u0131n\u0131 kar\u015f\u0131lama uzmanl\u0131\u011f\u0131n\u0131 sa\u011flamaya kararl\u0131y\u0131z. Deneyimli profesyonellerden olu\u015fan ekibimiz, benzersiz gereksinimleriniz i\u00e7in do\u011fru etiket malzemesini, yap\u0131\u015ft\u0131r\u0131c\u0131y\u0131 ve yazd\u0131rma se\u00e7eneklerini se\u00e7menize yard\u0131mc\u0131 olabilir.<\/p>\n<p data-sourcepos=\"27:1-27:181\"><strong>Bug\u00fcn bize ula\u015f\u0131n<\/strong> CSA y\u00fcksek s\u0131cakl\u0131\u011fa dayan\u0131kl\u0131 etiketlerimiz ve \u00fcr\u00fcnlerinizi ve markan\u0131z\u0131 en zorlu ortamlarda bile koruman\u0131za nas\u0131l yard\u0131mc\u0131 olabilece\u011fimiz hakk\u0131nda daha fazla bilgi edinmek i\u00e7in.<\/p>","protected":false},"excerpt":{"rendered":"<p>CSA y\u00fcksek s\u0131cakl\u0131\u011fa dayan\u0131kl\u0131 sertifika etiketi, \u00fcr\u00fcn\u00fcn y\u00fcksek s\u0131cakl\u0131klara etkili ve g\u00fcvenli bir \u015fekilde dayanmas\u0131 i\u00e7in CSA (Kanada Standartlar Birli\u011fi) taraf\u0131ndan test edildi\u011fini ve onayland\u0131\u011f\u0131n\u0131 g\u00f6sterir.<\/p>","protected":false},"featured_media":1653,"template":"","meta":[],"product_brand":[],"product_cat":[15],"product_tag":[],"class_list":{"0":"post-1687","1":"product","2":"type-product","3":"status-publish","4":"has-post-thumbnail","6":"product_cat-print-label","8":"first","9":"instock","10":"shipping-taxable","11":"product-type-simple"},"_links":{"self":[{"href":"https:\/\/membraneswitchmfg.com\/tr\/wp-json\/wp\/v2\/product\/1687","targetHints":{"allow":["GET"]}}],"collection":[{"href":"https:\/\/membraneswitchmfg.com\/tr\/wp-json\/wp\/v2\/product"}],"about":[{"href":"https:\/\/membraneswitchmfg.com\/tr\/wp-json\/wp\/v2\/types\/product"}],"wp:featuredmedia":[{"embeddable":true,"href":"https:\/\/membraneswitchmfg.com\/tr\/wp-json\/wp\/v2\/media\/1653"}],"wp:attachment":[{"href":"https:\/\/membraneswitchmfg.com\/tr\/wp-json\/wp\/v2\/media?parent=1687"}],"wp:term":[{"taxonomy":"product_brand","embeddable":true,"href":"https:\/\/membraneswitchmfg.com\/tr\/wp-json\/wp\/v2\/product_brand?post=1687"},{"taxonomy":"product_cat","embeddable":true,"href":"https:\/\/membraneswitchmfg.com\/tr\/wp-json\/wp\/v2\/product_cat?post=1687"},{"taxonomy":"product_tag","embeddable":true,"href":"https:\/\/membraneswitchmfg.com\/tr\/wp-json\/wp\/v2\/product_tag?post=1687"}],"curies":[{"name":"wp","href":"https:\/\/api.w.org\/{rel}","templated":true}]}}