{"id":1689,"date":"2024-06-22T14:56:03","date_gmt":"2024-06-22T14:56:03","guid":{"rendered":"https:\/\/membraneswitchmfg.com\/manufacturer\/outdoor-warning-signs\/"},"modified":"2024-06-26T00:53:33","modified_gmt":"2024-06-26T00:53:33","slug":"outdoor-warning-signs","status":"publish","type":"product","link":"https:\/\/membraneswitchmfg.com\/tr\/manufacturer\/outdoor-warning-signs\/","title":{"rendered":"D\u0131\u015f Mekan Uyar\u0131 Levhalar\u0131"},"content":{"rendered":"<h2 class=\"\" data-sourcepos=\"1:1-1:84\">D\u0131\u015f Mekan Uyar\u0131 \u0130\u015faretleri: A\u00e7\u0131k Hava Ortamlar\u0131nda G\u00fcvenlik ve \u0130leti\u015fimin Art\u0131r\u0131lmas\u0131<\/h2>\n<p data-sourcepos=\"3:1-3:144\">Dayan\u0131kl\u0131 ve \u00f6zelle\u015ftirilebilir d\u0131\u015f mekan uyar\u0131 levhalar\u0131m\u0131zla d\u0131\u015f mekan ortamlar\u0131ndaki potansiyel tehlikeleri ve \u00f6nemli bilgileri etkili bir \u015fekilde iletin. D\u0131\u015f ortamlar\u0131n zorluklar\u0131na dayanacak \u015fekilde tasarlanan tabelalar\u0131m\u0131z, zorlu hava ko\u015fullar\u0131nda bile mesajlar\u0131n\u0131z\u0131n net, g\u00f6r\u00fcn\u00fcr ve dikkat \u00e7ekici kalmas\u0131n\u0131 sa\u011flar.<\/p>\n<p data-sourcepos=\"5:1-5:49\"><strong>D\u0131\u015f Ortamlar i\u00e7in E\u015fsiz Dayan\u0131kl\u0131l\u0131k<\/strong><\/p>\n<p data-sourcepos=\"7:1-7:133\">Y\u00fcksek kaliteli malzemelerden \u00fcretilen ve geli\u015fmi\u015f bask\u0131 teknikleri kullan\u0131lan d\u0131\u015f mekan uyar\u0131 levhalar\u0131m\u0131z uzun \u00f6m\u00fcrl\u00fc olacak \u015fekilde \u00fcretilmi\u015ftir. Solmaya, y\u0131rt\u0131lmaya ve kimyasal bozulmaya kar\u015f\u0131 dayan\u0131kl\u0131d\u0131rlar ve mesajlar\u0131n\u0131z\u0131n y\u0131llarca g\u00f6r\u00fcn\u00fcr ve etkili kalmas\u0131n\u0131 sa\u011flarlar.<\/p>\n<p data-sourcepos=\"9:1-9:44\"><strong>\u00d6zel \u0130htiya\u00e7lar\u0131n\u0131z\u0131 Kar\u015f\u0131lamak i\u00e7in \u00d6zelle\u015ftirilebilir<\/strong><\/p>\n<p data-sourcepos=\"11:1-11:86\">\u00d6zel ihtiya\u00e7lar\u0131n\u0131z\u0131 kar\u015f\u0131lamak i\u00e7in a\u015fa\u011f\u0131dakiler de dahil olmak \u00fczere \u00e7ok \u00e7e\u015fitli \u00f6zelle\u015ftirme se\u00e7enekleri sunuyoruz:<\/p>\n<ul data-sourcepos=\"13:1-17:0\">\n<li data-sourcepos=\"13:1-13:60\"><strong>Her t\u00fcrl\u00fc mesaja uyum sa\u011flamak i\u00e7in \u00e7e\u015fitli boyut ve \u015fekiller<\/strong><\/li>\n<li data-sourcepos=\"14:1-14:49\"><strong>Y\u00fcksek etkili g\u00f6rseller i\u00e7in tam renkli bask\u0131<\/strong><\/li>\n<li data-sourcepos=\"15:1-15:67\"><strong>Mesaj\u0131n\u0131z\u0131 net bir \u015fekilde iletmek i\u00e7in \u00f6zelle\u015ftirilebilir metin ve grafikler<\/strong><\/li>\n<li data-sourcepos=\"16:1-17:0\"><strong>Ortam\u0131n\u0131za uygun malzeme se\u00e7imi<\/strong><\/li>\n<\/ul>\n<p data-sourcepos=\"18:1-18:50\"><strong>\u00c7ok \u00c7e\u015fitli D\u0131\u015f Mekan Uygulamalar\u0131 i\u00e7in \u0130deal<\/strong><\/p>\n<p data-sourcepos=\"20:1-20:80\">D\u0131\u015f mekan uyar\u0131 levhalar\u0131m\u0131z, a\u015fa\u011f\u0131dakiler de dahil olmak \u00fczere \u00e7ok \u00e7e\u015fitli uygulamalar i\u00e7in idealdir:<\/p>\n<ul data-sourcepos=\"22:1-22:10\">\n<li data-sourcepos=\"22:1-22:10\"><strong>G\u00fcvenlik uyar\u0131lar\u0131 ve talimatlar\u0131<\/strong><\/li>\n<li data-sourcepos=\"23:1-23:36\"><strong>Mevzuata uygunluk i\u015faretleri<\/strong><\/li>\n<li data-sourcepos=\"24:1-24:47\"><strong>Tehlike tan\u0131mlama ve uyar\u0131 i\u015faretleri<\/strong><\/li>\n<li data-sourcepos=\"25:1-25:43\"><strong>Y\u00f6nlendirme ve bilgilendirme tabelalar\u0131<\/strong><\/li>\n<li data-sourcepos=\"26:1-27:0\"><strong>\u0130n\u015faat sahas\u0131 tabelalar\u0131<\/strong><\/li>\n<\/ul>\n<p data-sourcepos=\"28:1-28:89\"><strong>\u00dcst\u00fcn Kalite ve Uzmanl\u0131k i\u00e7in \u00c7in Etiket Barkod Yaz\u0131c\u0131 Tedarik\u00e7ileriyle Ortak Olun<\/strong><\/p>\n<p data-sourcepos=\"30:1-30:309\">China Label Barkod Yaz\u0131c\u0131 Tedarik\u00e7ileri olarak, m\u00fc\u015fterilerimize en y\u00fcksek kalitede d\u0131\u015f mekan uyar\u0131 i\u015faretleri ve \u00f6zel uygulama ihtiya\u00e7lar\u0131n\u0131 kar\u015f\u0131layacak uzmanl\u0131\u011f\u0131 sunmay\u0131 taahh\u00fct ediyoruz. Deneyimli profesyonellerden olu\u015fan ekibimiz, benzersiz gereksinimleriniz i\u00e7in m\u00fckemmel i\u015faretleri tasarlaman\u0131za ve olu\u015fturman\u0131za yard\u0131mc\u0131 olabilir.<\/p>\n<p data-sourcepos=\"32:1-32:148\"><strong>Bug\u00fcn bize ula\u015f\u0131n<\/strong> d\u0131\u015f mekan uyar\u0131 levhalar\u0131m\u0131z hakk\u0131nda daha fazla bilgi edinmek ve d\u0131\u015f mekanlarda g\u00fcvenli\u011fi ve ileti\u015fimi art\u0131rman\u0131za nas\u0131l yard\u0131mc\u0131 olabilece\u011fimizi \u00f6\u011frenmek i\u00e7in.<\/p>","protected":false},"excerpt":{"rendered":"<p>D\u0131\u015f mekan uyar\u0131 i\u015faretleri, tehlikeleri bildirmek, talimatlar sa\u011flamak veya \u00f6nemli bilgileri iletmek i\u00e7in d\u0131\u015f ortamlara yerle\u015ftirilen \u00f6zel olarak tasarlanm\u0131\u015f i\u015faretlerdir. Bu i\u015faretler, \u00e7evresel fakt\u00f6rlerin ve potansiyel tehlikelerin insanlar veya m\u00fclkler i\u00e7in risk olu\u015fturdu\u011fu alanlarda g\u00fcvenlik ve d\u00fczeni sa\u011flamak i\u00e7in kritik \u00f6neme sahiptir.<\/p>","protected":false},"featured_media":1656,"template":"","meta":[],"product_brand":[],"product_cat":[15],"product_tag":[],"class_list":{"0":"post-1689","1":"product","2":"type-product","3":"status-publish","4":"has-post-thumbnail","6":"product_cat-print-label","8":"first","9":"instock","10":"shipping-taxable","11":"product-type-simple"},"_links":{"self":[{"href":"https:\/\/membraneswitchmfg.com\/tr\/wp-json\/wp\/v2\/product\/1689","targetHints":{"allow":["GET"]}}],"collection":[{"href":"https:\/\/membraneswitchmfg.com\/tr\/wp-json\/wp\/v2\/product"}],"about":[{"href":"https:\/\/membraneswitchmfg.com\/tr\/wp-json\/wp\/v2\/types\/product"}],"wp:featuredmedia":[{"embeddable":true,"href":"https:\/\/membraneswitchmfg.com\/tr\/wp-json\/wp\/v2\/media\/1656"}],"wp:attachment":[{"href":"https:\/\/membraneswitchmfg.com\/tr\/wp-json\/wp\/v2\/media?parent=1689"}],"wp:term":[{"taxonomy":"product_brand","embeddable":true,"href":"https:\/\/membraneswitchmfg.com\/tr\/wp-json\/wp\/v2\/product_brand?post=1689"},{"taxonomy":"product_cat","embeddable":true,"href":"https:\/\/membraneswitchmfg.com\/tr\/wp-json\/wp\/v2\/product_cat?post=1689"},{"taxonomy":"product_tag","embeddable":true,"href":"https:\/\/membraneswitchmfg.com\/tr\/wp-json\/wp\/v2\/product_tag?post=1689"}],"curies":[{"name":"wp","href":"https:\/\/api.w.org\/{rel}","templated":true}]}}