{"id":1690,"date":"2024-06-22T14:56:03","date_gmt":"2024-06-22T14:56:03","guid":{"rendered":"https:\/\/membraneswitchmfg.com\/manufacturer\/electrical-power-cord-certification-label\/"},"modified":"2024-06-26T00:54:03","modified_gmt":"2024-06-26T00:54:03","slug":"electrical-power-cord-certification-label","status":"publish","type":"product","link":"https:\/\/membraneswitchmfg.com\/tr\/manufacturer\/electrical-power-cord-certification-label\/","title":{"rendered":"Elektrik G\u00fc\u00e7 Kablosu Sertifikasyon Etiketi"},"content":{"rendered":"<h2 class=\"\" data-sourcepos=\"1:1-1:77\">Elektrik G\u00fc\u00e7 Kablosu Sertifika Etiketleri: G\u00fcvenli\u011fi ve Uyumlulu\u011fu Sa\u011flama<\/h2>\n<p data-sourcepos=\"3:1-3:140\">Dayan\u0131kl\u0131 ve y\u00fcksek kaliteli elektrik g\u00fc\u00e7 kablosu sertifika etiketlerimizle elektrik g\u00fc\u00e7 kablolar\u0131n\u0131z\u0131n g\u00fcvenli\u011fini ve uyumlulu\u011funu sa\u011flay\u0131n. Bu etiketler, kablolar\u0131n\u0131z hakk\u0131nda temel bilgiler sa\u011flayarak elektrik tehlikelerini \u00f6nlemeye ve mevzuata uygunlu\u011fu sa\u011flamaya yard\u0131mc\u0131 olur.<\/p>\n<p data-sourcepos=\"5:1-5:51\"><strong>Zorlu Ortamlar i\u00e7in E\u015fsiz Dayan\u0131kl\u0131l\u0131k<\/strong><\/p>\n<p data-sourcepos=\"7:1-7:3\">Elektrik g\u00fc\u00e7 kablosu sertifika etiketlerimiz, a\u015f\u0131r\u0131 s\u0131cakl\u0131klar, a\u015f\u0131nma ve kimyasallar dahil olmak \u00fczere zorlu ko\u015fullara dayanabilen birinci s\u0131n\u0131f malzemelerden \u00fcretilmi\u015ftir. Solmaya, y\u0131rt\u0131lmaya ve bula\u015fmaya kar\u015f\u0131 dayan\u0131kl\u0131d\u0131rlar ve etiketlerinizdeki \u00f6nemli bilgilerin y\u0131llarca net ve okunakl\u0131 kalmas\u0131n\u0131 sa\u011flarlar.<\/p>\n<p data-sourcepos=\"9:1-9:51\"><strong>G\u00fcvenlik ve Uyumluluk i\u00e7in Temel Bilgiler<\/strong><\/p>\n<p data-sourcepos=\"11:1-11:39\">Elektrik g\u00fc\u00e7 kablosu sertifika etiketlerimiz a\u015fa\u011f\u0131daki gibi temel bilgileri i\u00e7erir:<\/p>\n<ul data-sourcepos=\"13:1-17:0\">\n<li data-sourcepos=\"13:1-13:47\"><strong>\u00dcretici ad\u0131 ve ileti\u015fim bilgileri<\/strong><\/li>\n<li data-sourcepos=\"14:1-14:26\"><strong>Kablo tipi ve derecesi<\/strong><\/li>\n<li data-sourcepos=\"15:1-15:31\"><strong>Elektriksel \u00f6zellikler<\/strong><\/li>\n<li data-sourcepos=\"16:1-17:0\"><strong>Sertifika i\u015faretleri<\/strong><\/li>\n<\/ul>\n<p data-sourcepos=\"18:1-18:111\">Bu bilgiler, kablolar\u0131n\u0131z\u0131n g\u00fcvenli bir \u015fekilde ve ge\u00e7erli d\u00fczenlemelere uygun olarak kullan\u0131lmas\u0131n\u0131 sa\u011flamaya yard\u0131mc\u0131 olur.<\/p>\n<p data-sourcepos=\"20:1-20:53\"><strong>Geni\u015f Bir Elektrik Uygulamas\u0131 Yelpazesi i\u00e7in \u0130deal<\/strong><\/p>\n<p data-sourcepos=\"22:1-22:112\">Elektrik g\u00fc\u00e7 kablosu sertifika etiketlerimiz, a\u015fa\u011f\u0131dakiler dahil olmak \u00fczere geni\u015f bir elektrik uygulamas\u0131 yelpazesi i\u00e7in idealdir:<\/p>\n<ul data-sourcepos=\"24:1-25:28\">\n<li data-sourcepos=\"24:1-24:48\"><strong>Ev aletleri ve elektronik cihazlar i\u00e7in g\u00fc\u00e7 kablolar\u0131<\/strong><\/li>\n<li data-sourcepos=\"25:1-25:28\"><strong>End\u00fcstriyel g\u00fc\u00e7 kablolar\u0131<\/strong><\/li>\n<li data-sourcepos=\"26:1-26:21\"><strong>Uzatma kablolar\u0131<\/strong><\/li>\n<li data-sourcepos=\"27:1-27:31\"><strong>T\u0131bbi cihazlar i\u00e7in kablolar<\/strong><\/li>\n<li data-sourcepos=\"28:1-29:0\"><strong>D\u0131\u015f mekan kullan\u0131m\u0131 i\u00e7in kablolar<\/strong><\/li>\n<\/ul>\n<p data-sourcepos=\"30:1-30:89\"><strong>\u00dcst\u00fcn Kalite ve Uzmanl\u0131k i\u00e7in \u00c7in Etiket Barkod Yaz\u0131c\u0131 Tedarik\u00e7ileriyle Ortak Olun<\/strong><\/p>\n<p data-sourcepos=\"32:1-32:358\">China Label Barcode Printer Suppliers olarak, m\u00fc\u015fterilerimize en y\u00fcksek kalitede elektrik g\u00fc\u00e7 kablosu sertifika etiketleri ve \u00f6zel uygulama ihtiya\u00e7lar\u0131n\u0131 kar\u015f\u0131layacak uzmanl\u0131\u011f\u0131 sa\u011flamaya kararl\u0131y\u0131z. Deneyimli profesyonellerden olu\u015fan ekibimiz, benzersiz gereksinimleriniz i\u00e7in do\u011fru etiket malzemesini, yap\u0131\u015ft\u0131r\u0131c\u0131y\u0131 ve yazd\u0131rma se\u00e7eneklerini se\u00e7menize yard\u0131mc\u0131 olabilir.<\/p>\n<p data-sourcepos=\"34:1-34:170\"><strong>Bug\u00fcn bize ula\u015f\u0131n<\/strong> Elektrik g\u00fc\u00e7 kablosu sertifika etiketlerimiz ve elektrik kablolar\u0131n\u0131z\u0131n g\u00fcvenli\u011fini ve uyumlulu\u011funu sa\u011flaman\u0131za nas\u0131l yard\u0131mc\u0131 olabilece\u011fimiz hakk\u0131nda daha fazla bilgi edinmek i\u00e7in.<\/p>","protected":false},"excerpt":{"rendered":"<p>Elektrik g\u00fc\u00e7 kablolar\u0131, \u00f6zellikle t\u00fcketici elektroni\u011fi, cihazlar ve end\u00fcstriyel uygulamalarda kullan\u0131lanlar, genellikle s\u0131k\u0131 g\u00fcvenlik ve performans standartlar\u0131na tabidir. Bu standartlar, g\u00fc\u00e7 kablolar\u0131 \u00fczerindeki sertifika etiketleri veya i\u015faretleri arac\u0131l\u0131\u011f\u0131yla do\u011frulan\u0131r.<\/p>","protected":false},"featured_media":1654,"template":"","meta":[],"product_brand":[],"product_cat":[15],"product_tag":[],"class_list":{"0":"post-1690","1":"product","2":"type-product","3":"status-publish","4":"has-post-thumbnail","6":"product_cat-print-label","8":"first","9":"instock","10":"shipping-taxable","11":"product-type-simple"},"_links":{"self":[{"href":"https:\/\/membraneswitchmfg.com\/tr\/wp-json\/wp\/v2\/product\/1690","targetHints":{"allow":["GET"]}}],"collection":[{"href":"https:\/\/membraneswitchmfg.com\/tr\/wp-json\/wp\/v2\/product"}],"about":[{"href":"https:\/\/membraneswitchmfg.com\/tr\/wp-json\/wp\/v2\/types\/product"}],"wp:featuredmedia":[{"embeddable":true,"href":"https:\/\/membraneswitchmfg.com\/tr\/wp-json\/wp\/v2\/media\/1654"}],"wp:attachment":[{"href":"https:\/\/membraneswitchmfg.com\/tr\/wp-json\/wp\/v2\/media?parent=1690"}],"wp:term":[{"taxonomy":"product_brand","embeddable":true,"href":"https:\/\/membraneswitchmfg.com\/tr\/wp-json\/wp\/v2\/product_brand?post=1690"},{"taxonomy":"product_cat","embeddable":true,"href":"https:\/\/membraneswitchmfg.com\/tr\/wp-json\/wp\/v2\/product_cat?post=1690"},{"taxonomy":"product_tag","embeddable":true,"href":"https:\/\/membraneswitchmfg.com\/tr\/wp-json\/wp\/v2\/product_tag?post=1690"}],"curies":[{"name":"wp","href":"https:\/\/api.w.org\/{rel}","templated":true}]}}