{"id":1691,"date":"2024-06-22T14:56:03","date_gmt":"2024-06-22T14:56:03","guid":{"rendered":"https:\/\/membraneswitchmfg.com\/manufacturer\/anti-counterfeiting-anti-theft-label\/"},"modified":"2024-06-26T00:51:33","modified_gmt":"2024-06-26T00:51:33","slug":"anti-counterfeiting-anti-theft-label","status":"publish","type":"product","link":"https:\/\/membraneswitchmfg.com\/tr\/manufacturer\/anti-counterfeiting-anti-theft-label\/","title":{"rendered":"Sahtecili\u011fe Kar\u015f\u0131 H\u0131rs\u0131zl\u0131\u011fa Kar\u015f\u0131 Etiket"},"content":{"rendered":"<h2 class=\"\" data-sourcepos=\"1:1-1:76\">Sahtecili\u011fe Kar\u015f\u0131 H\u0131rs\u0131zl\u0131\u011fa Kar\u015f\u0131 Etiketler: \u00dcr\u00fcnlerinizi ve Markan\u0131z\u0131 Koruma<\/h2>\n<p data-sourcepos=\"3:1-3:90\">Yenilik\u00e7i sahtecili\u011fe ve h\u0131rs\u0131zl\u0131\u011fa kar\u015f\u0131 etiketlerimizle \u00fcr\u00fcnlerinizi ve marka itibar\u0131n\u0131z\u0131 koruyun. Bu geli\u015fmi\u015f etiketler sahtecili\u011fi cayd\u0131rmak, h\u0131rs\u0131zl\u0131\u011f\u0131 \u00f6nlemek ve \u00fcr\u00fcnlerinizin orijinalli\u011fini sa\u011flamak i\u00e7in tasarlanm\u0131\u015ft\u0131r ve hem siz hem de m\u00fc\u015fterileriniz i\u00e7in g\u00f6n\u00fcl rahatl\u0131\u011f\u0131 sa\u011flar.<\/p>\n<p data-sourcepos=\"5:1-5:31\"><strong>E\u015fsiz G\u00fcvenlik \u00d6zellikleri<\/strong><\/p>\n<p data-sourcepos=\"7:1-7:110\">Sahtecili\u011fe ve h\u0131rs\u0131zl\u0131\u011fa kar\u015f\u0131 etiketlerimiz, a\u015fa\u011f\u0131dakiler de dahil olmak \u00fczere \u00e7e\u015fitli sofistike g\u00fcvenlik \u00f6zellikleri i\u00e7erir:<\/p>\n<ul data-sourcepos=\"9:1-11:15\">\n<li data-sourcepos=\"9:1-9:85\"><strong>Kurcalanmaya kar\u015f\u0131 benzersiz tasar\u0131mlar<\/strong> \u00e7\u0131kar\u0131ld\u0131\u011f\u0131nda k\u0131r\u0131lan veya gizli mesajlar\u0131 a\u00e7\u0131\u011fa \u00e7\u0131karan<\/li>\n<li data-sourcepos=\"10:1-10:66\"><strong>G\u00f6m\u00fcl\u00fc mikro metin<\/strong> sadece b\u00fcy\u00fctme alt\u0131nda g\u00f6r\u00fclebilen<\/li>\n<li data-sourcepos=\"11:1-11:15\"><strong>Holografik g\u00f6r\u00fcnt\u00fcler<\/strong> \u00e7o\u011falt\u0131lamayan<\/li>\n<li data-sourcepos=\"12:1-13:0\"><strong>\u00d6zel m\u00fcrekkepler<\/strong> belirli kimyasallara veya \u00e7\u00f6z\u00fcc\u00fclere tepki veren<\/li>\n<\/ul>\n<p data-sourcepos=\"14:1-14:152\">Bu \u00f6zellikler, sahtecilerin etiketlerinizi kopyalamas\u0131n\u0131 neredeyse imkans\u0131z hale getirerek \u00fcr\u00fcnlerinizi ve markan\u0131z\u0131 yetkisiz taklitlerden korur.<\/p>\n<p data-sourcepos=\"16:1-16:49\"><strong>\u00dcr\u00fcn Korumas\u0131 i\u00e7in \u00c7ok Y\u00f6nl\u00fc Uygulamalar<\/strong><\/p>\n<p data-sourcepos=\"18:1-18:99\">Sahtecili\u011fe kar\u015f\u0131 h\u0131rs\u0131zl\u0131k \u00f6nleyici etiketlerimiz, a\u015fa\u011f\u0131dakiler de dahil olmak \u00fczere \u00e7ok \u00e7e\u015fitli uygulamalar i\u00e7in uygundur:<\/p>\n<ul data-sourcepos=\"20:1-23:1\">\n<li data-sourcepos=\"20:1-20:45\"><strong>\u0130la\u00e7lar ve sa\u011fl\u0131k \u00fcr\u00fcnleri<\/strong><\/li>\n<li data-sourcepos=\"21:1-21:36\"><strong>Elektronik ve t\u00fcketim mallar\u0131<\/strong><\/li>\n<li data-sourcepos=\"22:1-22:32\"><strong>L\u00fcks \u00fcr\u00fcnler ve kozmetikler<\/strong><\/li>\n<li data-sourcepos=\"23:1-23:1\"><strong>End\u00fcstriyel bile\u015fenler ve makineler<\/strong><\/li>\n<li data-sourcepos=\"24:1-25:0\"><strong>Yaz\u0131l\u0131m ve dijital \u00fcr\u00fcnler<\/strong><\/li>\n<\/ul>\n<p data-sourcepos=\"26:1-26:166\">Etiketlerimizi \u00fcr\u00fcnlerinize uygulayarak sahtecili\u011fi cayd\u0131rabilir, h\u0131rs\u0131zl\u0131\u011f\u0131 \u00f6nleyebilir ve m\u00fc\u015fterilerinizin yetkili kaynaklardan orijinal \u00fcr\u00fcnler almas\u0131n\u0131 sa\u011flayabilirsiniz.<\/p>\n<p data-sourcepos=\"28:1-28:89\"><strong>\u00dcst\u00fcn Kalite ve Uzmanl\u0131k i\u00e7in \u00c7in Etiket Barkod Yaz\u0131c\u0131 Tedarik\u00e7ileriyle Ortak Olun<\/strong><\/p>\n<p data-sourcepos=\"30:1-30:362\">\u00c7in Etiket Barkod Yaz\u0131c\u0131 Tedarik\u00e7ileri olarak, m\u00fc\u015fterilerimize en y\u00fcksek kalitede sahtecili\u011fe kar\u015f\u0131 h\u0131rs\u0131zl\u0131k \u00f6nleyici etiketler ve \u00f6zel uygulama ihtiya\u00e7lar\u0131n\u0131 kar\u015f\u0131layacak uzmanl\u0131k sunmay\u0131 taahh\u00fct ediyoruz. Deneyimli profesyonellerden olu\u015fan ekibimiz, benzersiz gereksinimleriniz i\u00e7in do\u011fru etiket malzemesini, g\u00fcvenlik \u00f6zelliklerini ve bask\u0131 se\u00e7eneklerini se\u00e7menize yard\u0131mc\u0131 olabilir.<\/p>\n<p data-sourcepos=\"32:1-32:169\"><strong>Bug\u00fcn bize ula\u015f\u0131n<\/strong> sahtecili\u011fe ve h\u0131rs\u0131zl\u0131\u011fa kar\u015f\u0131 etiketlerimiz ve \u00fcr\u00fcnlerinizi ve markan\u0131z\u0131 sahtecili\u011fe ve h\u0131rs\u0131zl\u0131\u011fa kar\u015f\u0131 koruman\u0131za nas\u0131l yard\u0131mc\u0131 olabilece\u011fimiz hakk\u0131nda daha fazla bilgi edinmek i\u00e7in.<\/p>\n<p data-sourcepos=\"34:1-34:80\"><strong>Ek Anahtar Kelimeler:<\/strong> yaz\u0131c\u0131 etiketleri, sahtecili\u011fe kar\u015f\u0131 etiket bask\u0131 \u015firketi<\/p>","protected":false},"excerpt":{"rendered":"<p>Sahtecili\u011fe ve h\u0131rs\u0131zl\u0131\u011fa kar\u015f\u0131 etiketler, \u00fcr\u00fcnleri ve varl\u0131klar\u0131 yetkisiz \u00e7o\u011faltma, h\u0131rs\u0131zl\u0131k ve kurcalamaya kar\u015f\u0131 korumak i\u00e7in tasarlanm\u0131\u015f \u00f6zel g\u00fcvenlik etiketleri ve i\u015faretleridir. Bu etiketler, orijinalli\u011fi do\u011frulamak, sahtecili\u011fi \u00f6nlemek ve h\u0131rs\u0131zl\u0131\u011f\u0131 cayd\u0131rmak i\u00e7in geli\u015fmi\u015f teknolojiler i\u00e7erir ve \u00e7e\u015fitli sekt\u00f6rlerde mallar\u0131n b\u00fct\u00fcnl\u00fc\u011f\u00fcn\u00fc ve g\u00fcvenli\u011fini sa\u011flar.<\/p>","protected":false},"featured_media":1652,"template":"","meta":[],"product_brand":[],"product_cat":[15],"product_tag":[],"class_list":{"0":"post-1691","1":"product","2":"type-product","3":"status-publish","4":"has-post-thumbnail","6":"product_cat-print-label","8":"first","9":"instock","10":"shipping-taxable","11":"product-type-simple"},"_links":{"self":[{"href":"https:\/\/membraneswitchmfg.com\/tr\/wp-json\/wp\/v2\/product\/1691","targetHints":{"allow":["GET"]}}],"collection":[{"href":"https:\/\/membraneswitchmfg.com\/tr\/wp-json\/wp\/v2\/product"}],"about":[{"href":"https:\/\/membraneswitchmfg.com\/tr\/wp-json\/wp\/v2\/types\/product"}],"wp:featuredmedia":[{"embeddable":true,"href":"https:\/\/membraneswitchmfg.com\/tr\/wp-json\/wp\/v2\/media\/1652"}],"wp:attachment":[{"href":"https:\/\/membraneswitchmfg.com\/tr\/wp-json\/wp\/v2\/media?parent=1691"}],"wp:term":[{"taxonomy":"product_brand","embeddable":true,"href":"https:\/\/membraneswitchmfg.com\/tr\/wp-json\/wp\/v2\/product_brand?post=1691"},{"taxonomy":"product_cat","embeddable":true,"href":"https:\/\/membraneswitchmfg.com\/tr\/wp-json\/wp\/v2\/product_cat?post=1691"},{"taxonomy":"product_tag","embeddable":true,"href":"https:\/\/membraneswitchmfg.com\/tr\/wp-json\/wp\/v2\/product_tag?post=1691"}],"curies":[{"name":"wp","href":"https:\/\/api.w.org\/{rel}","templated":true}]}}