{"id":1693,"date":"2024-06-22T14:56:03","date_gmt":"2024-06-22T14:56:03","guid":{"rendered":"https:\/\/membraneswitchmfg.com\/manufacturer\/removable-non-residual-electrostatic-film-label\/"},"modified":"2024-06-25T14:49:18","modified_gmt":"2024-06-25T14:49:18","slug":"removable-non-residual-electrostatic-film-label","status":"publish","type":"product","link":"https:\/\/membraneswitchmfg.com\/tr\/manufacturer\/removable-non-residual-electrostatic-film-label\/","title":{"rendered":"\u00c7\u0131kar\u0131labilir Tek Kullan\u0131ml\u0131k Olmayan Elektrostatik Film Etiket"},"content":{"rendered":"<h2 class=\"\" data-sourcepos=\"3:1-3:94\">S\u00f6k\u00fcl\u00fcp \u00c7\u0131kar\u0131labilen Kal\u0131nt\u0131 B\u0131rakmayan Elektrostatik Film Etiketleri: \u00c7ok Y\u00f6nl\u00fc ve Yeniden Kullan\u0131labilir Etiketleme \u00c7\u00f6z\u00fcmleri<\/h2>\n<p data-sourcepos=\"5:1-5:318\">S\u00f6k\u00fcl\u00fcp \u00e7\u0131kar\u0131labilen kal\u0131nt\u0131 b\u0131rakmayan elektrostatik film etiketlerimizle yeniden kullan\u0131labilir etiketlemenin rahatl\u0131\u011f\u0131n\u0131 ya\u015fay\u0131n. Bu \u00e7ok y\u00f6nl\u00fc etiketler, ge\u00e7ici tabelalar, \u00fcr\u00fcn tan\u0131mlamas\u0131 ve promosyon mesajlar\u0131 i\u00e7in sorunsuz bir \u00e7\u00f6z\u00fcm sunarak, arkas\u0131nda yap\u0131\u015fkan kal\u0131nt\u0131 b\u0131rakmadan \u00e7ok \u00e7e\u015fitli y\u00fczeylere g\u00fcvenli bir \u015fekilde yap\u0131\u015f\u0131r.<\/p>\n<p data-sourcepos=\"7:1-7:52\"><strong>Ge\u00e7ici Uygulamalar i\u00e7in E\u015fsiz \u00c7ok Y\u00f6nl\u00fcl\u00fck<\/strong><\/p>\n<p data-sourcepos=\"9:1-9:162\">S\u00f6k\u00fcl\u00fcp \u00e7\u0131kar\u0131labilen kal\u0131nt\u0131 b\u0131rakmayan elektrostatik film etiketlerimiz, etiketlerin s\u0131k s\u0131k \u00e7\u0131kar\u0131lmas\u0131 ve yeniden konumland\u0131r\u0131lmas\u0131 gereken uygulamalar i\u00e7in idealdir. \u015eunlar i\u00e7in m\u00fckemmeldirler:<\/p>\n<ul data-sourcepos=\"11:1-16:0\">\n<li data-sourcepos=\"11:1-11:36\"><strong>Perakende ve promosyon tabelalar\u0131<\/strong><\/li>\n<li data-sourcepos=\"12:1-12:38\"><strong>Depo ve envanter etiketlemesi<\/strong><\/li>\n<li data-sourcepos=\"13:1-13:40\"><strong>Ge\u00e7ici ofis ve etkinlik tabelalar\u0131<\/strong><\/li>\n<li data-sourcepos=\"14:1-14:41\"><strong>\u00dcr\u00fcn etiketleme ve tan\u0131mlama<\/strong><\/li>\n<li data-sourcepos=\"15:1-16:0\"><strong>E\u011fitim ve \u00f6\u011fretim tabelalar\u0131<\/strong><\/li>\n<\/ul>\n<p data-sourcepos=\"17:1-17:29\"><strong>Yeniden Kullan\u0131labilir ve Kal\u0131nt\u0131 B\u0131rakmaz<\/strong><\/p>\n<p data-sourcepos=\"19:1-19:284\">Y\u00fcksek kaliteli elektrostatik filmden \u00fcretilen bu etiketler, yap\u0131\u015ft\u0131r\u0131c\u0131ya ihtiya\u00e7 duymadan p\u00fcr\u00fczs\u00fcz y\u00fczeylere g\u00fcvenli bir \u015fekilde yap\u0131\u015f\u0131r. Arkas\u0131nda yap\u0131\u015fkan kal\u0131nt\u0131 b\u0131rakmadan kolayca \u00e7\u0131kar\u0131labilir ve yeniden konumland\u0131r\u0131labilir, bu da onlar\u0131 s\u00fcrd\u00fcr\u00fclebilir ve \u00e7evre dostu bir etiketleme se\u00e7ene\u011fi haline getirir.<\/p>\n<p data-sourcepos=\"21:1-21:2\"><strong>Geni\u015f Yaz\u0131c\u0131 Yelpazesiyle Uyumlu<\/strong><\/p>\n<p data-sourcepos=\"23:1-23:243\">S\u00f6k\u00fcl\u00fcp \u00e7\u0131kar\u0131labilen kal\u0131nt\u0131 b\u0131rakmayan elektrostatik film etiketlerimiz, \u00e7ok \u00e7e\u015fitli m\u00fcrekkep p\u00fcsk\u00fcrtmeli ve lazer yaz\u0131c\u0131larla uyumludur ve kurum i\u00e7inde \u00f6zel etiketler olu\u015fturman\u0131za olanak tan\u0131r. \u00d6zel ihtiya\u00e7lar\u0131n\u0131za uygun \u00e7e\u015fitli boyut ve \u015fekillerde mevcutturlar.<\/p>\n<p data-sourcepos=\"25:1-25:89\"><strong>\u00dcst\u00fcn Kalite ve Uzmanl\u0131k i\u00e7in \u00c7in Etiket Barkod Yaz\u0131c\u0131 Tedarik\u00e7ileriyle Ortak Olun<\/strong><\/p>\n<p data-sourcepos=\"27:1-27:360\">\u00c7in Etiket Barkod Yaz\u0131c\u0131 Tedarik\u00e7ileri olarak, m\u00fc\u015fterilerimize en y\u00fcksek kalitede s\u00f6k\u00fcl\u00fcp \u00e7\u0131kar\u0131labilen kal\u0131nt\u0131 b\u0131rakmayan elektrostatik film etiketleri ve \u00f6zel uygulama ihtiya\u00e7lar\u0131n\u0131 kar\u015f\u0131layacak uzmanl\u0131\u011f\u0131 sa\u011flamaya kararl\u0131y\u0131z. Deneyimli profesyonellerden olu\u015fan ekibimiz, benzersiz gereksinimleriniz i\u00e7in do\u011fru etiket malzemesini, boyutunu ve yazd\u0131rma se\u00e7eneklerini se\u00e7menize yard\u0131mc\u0131 olabilir.<\/p>\n<p data-sourcepos=\"29:1-29:170\"><strong>Bug\u00fcn bize ula\u015f\u0131n<\/strong> S\u00f6k\u00fcl\u00fcp \u00e7\u0131kar\u0131labilen kal\u0131nt\u0131 b\u0131rakmayan elektrostatik film etiketlerimiz ve etiketleme s\u00fcre\u00e7lerinizi nas\u0131l kolayla\u015ft\u0131rabilece\u011fimiz ve at\u0131klar\u0131 nas\u0131l azaltabilece\u011fimiz hakk\u0131nda daha fazla bilgi edinmek i\u00e7in.<\/p>","protected":false},"excerpt":{"rendered":"<p>\u00c7\u0131kar\u0131labilir kal\u0131nt\u0131 b\u0131rakmayan elektrostatik film etiketleri, yap\u0131\u015fkan yerine statik elektrik yoluyla y\u00fczeylere yap\u0131\u015fan bir etiket t\u00fcr\u00fcd\u00fcr. Bu benzersiz \u00f6zellik, yap\u0131\u015fkan kal\u0131nt\u0131 veya hasar b\u0131rakmadan kolayca uygulanmalar\u0131n\u0131 ve \u00e7\u0131kar\u0131lmalar\u0131n\u0131 sa\u011flar.<\/p>","protected":false},"featured_media":1658,"template":"","meta":[],"product_brand":[],"product_cat":[15],"product_tag":[],"class_list":{"0":"post-1693","1":"product","2":"type-product","3":"status-publish","4":"has-post-thumbnail","6":"product_cat-print-label","8":"first","9":"instock","10":"shipping-taxable","11":"product-type-simple"},"_links":{"self":[{"href":"https:\/\/membraneswitchmfg.com\/tr\/wp-json\/wp\/v2\/product\/1693","targetHints":{"allow":["GET"]}}],"collection":[{"href":"https:\/\/membraneswitchmfg.com\/tr\/wp-json\/wp\/v2\/product"}],"about":[{"href":"https:\/\/membraneswitchmfg.com\/tr\/wp-json\/wp\/v2\/types\/product"}],"wp:featuredmedia":[{"embeddable":true,"href":"https:\/\/membraneswitchmfg.com\/tr\/wp-json\/wp\/v2\/media\/1658"}],"wp:attachment":[{"href":"https:\/\/membraneswitchmfg.com\/tr\/wp-json\/wp\/v2\/media?parent=1693"}],"wp:term":[{"taxonomy":"product_brand","embeddable":true,"href":"https:\/\/membraneswitchmfg.com\/tr\/wp-json\/wp\/v2\/product_brand?post=1693"},{"taxonomy":"product_cat","embeddable":true,"href":"https:\/\/membraneswitchmfg.com\/tr\/wp-json\/wp\/v2\/product_cat?post=1693"},{"taxonomy":"product_tag","embeddable":true,"href":"https:\/\/membraneswitchmfg.com\/tr\/wp-json\/wp\/v2\/product_tag?post=1693"}],"curies":[{"name":"wp","href":"https:\/\/api.w.org\/{rel}","templated":true}]}}