{"id":1694,"date":"2024-06-22T14:56:04","date_gmt":"2024-06-22T14:56:04","guid":{"rendered":"https:\/\/membraneswitchmfg.com\/manufacturer\/listing-card-product-manual\/"},"modified":"2024-06-25T14:40:27","modified_gmt":"2024-06-25T14:40:27","slug":"listing-card-product-manual","status":"publish","type":"product","link":"https:\/\/membraneswitchmfg.com\/tr\/manufacturer\/listing-card-product-manual\/","title":{"rendered":"Listeleme Kart\u0131 ve \u00dcr\u00fcn K\u0131lavuzu"},"content":{"rendered":"<h2 class=\"\" data-sourcepos=\"1:1-1:87\">Listeleme Kartlar\u0131 ve \u00dcr\u00fcn K\u0131lavuzlar\u0131: \u00dcr\u00fcn Sunumunun ve Marka Kimli\u011finin Geli\u015ftirilmesi<\/h2>\n<p data-sourcepos=\"3:1-3:108\">Y\u00fcksek kaliteli listeleme kartlar\u0131m\u0131z ve \u00fcr\u00fcn k\u0131lavuzlar\u0131m\u0131zla \u00fcr\u00fcn sunumunuzu ve marka kimli\u011finizi geli\u015ftirin. Bu temel ara\u00e7lar m\u00fc\u015fterilere de\u011ferli bilgiler sa\u011flayarak al\u0131\u015fveri\u015f deneyimlerini geli\u015ftirir ve marka sadakatini te\u015fvik eder.<\/p>\n<p data-sourcepos=\"5:1-5:56\"><strong>Listeleme Kartlar\u0131: A\u00e7\u0131k ve \u00d6zl\u00fc \u00dcr\u00fcn Bilgileri<\/strong><\/p>\n<p data-sourcepos=\"7:1-7:21\">Liste kartlar\u0131, \u00fcr\u00fcnleriniz hakk\u0131nda k\u0131sa ve bilgilendirici bir genel bak\u0131\u015f sunarak temel ayr\u0131nt\u0131lar\u0131 bir bak\u0131\u015fta sa\u011flar. \u015eunlar i\u00e7in idealdir:<\/p>\n<ul data-sourcepos=\"9:1-12:0\">\n<li data-sourcepos=\"9:1-9:64\"><strong>\u00dcr\u00fcn adlar\u0131n\u0131, a\u00e7\u0131klamalar\u0131n\u0131 ve teknik \u00f6zelliklerini g\u00f6r\u00fcnt\u00fcleme<\/strong><\/li>\n<li data-sourcepos=\"10:1-10:44\"><strong>Temel \u00f6zelliklerin ve faydalar\u0131n vurgulanmas\u0131<\/strong><\/li>\n<li data-sourcepos=\"11:1-12:0\"><strong>\u00dcr\u00fcn g\u00f6rsellerini ve markas\u0131n\u0131 sergileme<\/strong><\/li>\n<\/ul>\n<p data-sourcepos=\"13:1-13:48\"><strong>\u00dcr\u00fcn K\u0131lavuzlar\u0131: Kapsaml\u0131 Kullan\u0131c\u0131 Rehberli\u011fi<\/strong><\/p>\n<p data-sourcepos=\"15:1-15:23\">\u00dcr\u00fcn k\u0131lavuzlar\u0131, \u00fcr\u00fcnleriniz i\u00e7in kapsaml\u0131 talimatlar ve rehberlik sa\u011flayarak m\u00fc\u015fteri memnuniyetini sa\u011flar ve destek maliyetlerini azalt\u0131r. Bunlar \u015funlar\u0131 i\u00e7erir:<\/p>\n<ul data-sourcepos=\"17:1-21:0\">\n<li data-sourcepos=\"17:1-17:50\"><strong>Ayr\u0131nt\u0131l\u0131 kurulum ve ayar talimatlar\u0131<\/strong><\/li>\n<li data-sourcepos=\"18:1-18:39\"><strong>Ad\u0131m ad\u0131m i\u015fletim prosed\u00fcrleri<\/strong><\/li>\n<li data-sourcepos=\"19:1-19:35\"><strong>Sorun giderme ipu\u00e7lar\u0131 ve SSS<\/strong><\/li>\n<li data-sourcepos=\"20:1-21:0\"><strong>G\u00fcvenlik uyar\u0131lar\u0131 ve \u00f6nlemleri<\/strong><\/li>\n<\/ul>\n<p data-sourcepos=\"22:1-22:89\"><strong>\u00dcst\u00fcn Kalite ve Uzmanl\u0131k i\u00e7in \u00c7in Etiket Barkod Yaz\u0131c\u0131 Tedarik\u00e7ileriyle Ortak Olun<\/strong><\/p>\n<p data-sourcepos=\"24:1-24:316\">\u00c7in Etiket Barkod Yaz\u0131c\u0131 Tedarik\u00e7ileri olarak, m\u00fc\u015fterilerimize en y\u00fcksek kalitede listeleme kartlar\u0131 ve \u00fcr\u00fcn k\u0131lavuzlar\u0131 sunmay\u0131 taahh\u00fct ediyoruz. Deneyimli profesyonellerden olu\u015fan ekibimiz, marka kimli\u011finizle uyumlu ve \u00fcr\u00fcn bilgilerini etkili bir \u015fekilde ileten \u00f6zel malzemeler tasarlaman\u0131za ve olu\u015fturman\u0131za yard\u0131mc\u0131 olabilir.<\/p>\n<p data-sourcepos=\"26:1-26:62\"><strong>Bug\u00fcn bize ula\u015f\u0131n<\/strong> Listeleme kartlar\u0131m\u0131z ve \u00fcr\u00fcn k\u0131lavuzlar\u0131m\u0131z hakk\u0131nda daha fazla bilgi edinmek ve \u00fcr\u00fcn sunumunuzu geli\u015ftirmenize, m\u00fc\u015fteri deneyimini iyile\u015ftirmenize ve markan\u0131z\u0131 g\u00fc\u00e7lendirmenize nas\u0131l yard\u0131mc\u0131 olabilece\u011fimizi \u00f6\u011frenmek i\u00e7in.<\/p>\n<p data-sourcepos=\"28:1-28:150\"><strong>Ek Anahtar Kelimeler:<\/strong> sd kart yaz\u0131c\u0131 etiketleri, kimlik kart\u0131 etiket yaz\u0131c\u0131s\u0131, etiket kart\u0131 yaz\u0131c\u0131s\u0131, y\u0131lba\u015f\u0131 kartlar\u0131 i\u00e7in etiket yazd\u0131rma, bask\u0131l\u0131 karton etiketler<\/p>","protected":false},"excerpt":{"rendered":"<p>Listeleme kart\u0131 veya \u00fcr\u00fcn k\u0131lavuzu, bir \u00fcr\u00fcn veya hizmet hakk\u0131nda ayr\u0131nt\u0131l\u0131 bilgi sa\u011flayan bir belgedir. Genellikle i\u015fletmeler taraf\u0131ndan m\u00fc\u015fterilere \u00fcr\u00fcnlerinin \u00f6zellikleri, faydalar\u0131 ve spesifikasyonlar\u0131 hakk\u0131nda bilgi vermek i\u00e7in kullan\u0131l\u0131r.<\/p>","protected":false},"featured_media":1657,"template":"","meta":[],"product_brand":[],"product_cat":[15],"product_tag":[],"class_list":{"0":"post-1694","1":"product","2":"type-product","3":"status-publish","4":"has-post-thumbnail","6":"product_cat-print-label","8":"first","9":"instock","10":"shipping-taxable","11":"product-type-simple"},"_links":{"self":[{"href":"https:\/\/membraneswitchmfg.com\/tr\/wp-json\/wp\/v2\/product\/1694","targetHints":{"allow":["GET"]}}],"collection":[{"href":"https:\/\/membraneswitchmfg.com\/tr\/wp-json\/wp\/v2\/product"}],"about":[{"href":"https:\/\/membraneswitchmfg.com\/tr\/wp-json\/wp\/v2\/types\/product"}],"wp:featuredmedia":[{"embeddable":true,"href":"https:\/\/membraneswitchmfg.com\/tr\/wp-json\/wp\/v2\/media\/1657"}],"wp:attachment":[{"href":"https:\/\/membraneswitchmfg.com\/tr\/wp-json\/wp\/v2\/media?parent=1694"}],"wp:term":[{"taxonomy":"product_brand","embeddable":true,"href":"https:\/\/membraneswitchmfg.com\/tr\/wp-json\/wp\/v2\/product_brand?post=1694"},{"taxonomy":"product_cat","embeddable":true,"href":"https:\/\/membraneswitchmfg.com\/tr\/wp-json\/wp\/v2\/product_cat?post=1694"},{"taxonomy":"product_tag","embeddable":true,"href":"https:\/\/membraneswitchmfg.com\/tr\/wp-json\/wp\/v2\/product_tag?post=1694"}],"curies":[{"name":"wp","href":"https:\/\/api.w.org\/{rel}","templated":true}]}}