{"id":1695,"date":"2024-06-22T14:56:04","date_gmt":"2024-06-22T14:56:04","guid":{"rendered":"https:\/\/membraneswitchmfg.com\/manufacturer\/screen-printed-panel-signs-and-warning-labels\/"},"modified":"2024-06-25T14:46:40","modified_gmt":"2024-06-25T14:46:40","slug":"screen-printed-panel-signs-and-warning-labels","status":"publish","type":"product","link":"https:\/\/membraneswitchmfg.com\/tr\/manufacturer\/screen-printed-panel-signs-and-warning-labels\/","title":{"rendered":"Serigrafi Bask\u0131l\u0131 Panel \u0130\u015faretleri ve Uyar\u0131 Etiketleri"},"content":{"rendered":"<h2 class=\"\" data-sourcepos=\"1:1-1:83\">Serigrafi Bask\u0131l\u0131 Panel \u0130\u015faretleri ve Uyar\u0131 Etiketleri: Geli\u015fmi\u015f G\u00fcvenlik ve \u0130leti\u015fim<\/h2>\n<p data-sourcepos=\"3:1-3:330\">Dayan\u0131kl\u0131 ve \u00f6zelle\u015ftirilebilir serigrafi bask\u0131l\u0131 panel i\u015faretlerimiz ve uyar\u0131 etiketlerimizle temel g\u00fcvenlik mesajlar\u0131n\u0131 ve \u00f6nemli bilgileri etkili bir \u015fekilde iletin. Bu \u00e7ok y\u00f6nl\u00fc i\u015faretler, zorlu ortamlara dayanacak ve mesajlar\u0131n\u0131z\u0131n zorlu ko\u015fullarda bile net, g\u00f6r\u00fcn\u00fcr ve dikkat \u00e7ekici kalmas\u0131n\u0131 sa\u011flayacak \u015fekilde tasarlanm\u0131\u015ft\u0131r.<\/p>\n<p data-sourcepos=\"5:1-5:2\"><strong>Zorlu Ortamlar i\u00e7in E\u015fsiz Dayan\u0131kl\u0131l\u0131k<\/strong><\/p>\n<p data-sourcepos=\"7:1-7:134\">Y\u00fcksek kaliteli malzemelerden \u00fcretilen ve geli\u015fmi\u015f serigrafi bask\u0131 teknikleri kullan\u0131lan panel i\u015faretlerimiz ve uyar\u0131 etiketlerimiz uzun \u00f6m\u00fcrl\u00fc olacak \u015fekilde \u00fcretilmi\u015ftir. Solmaya, y\u0131rt\u0131lmaya ve kimyasal bozulmaya kar\u015f\u0131 dayan\u0131kl\u0131d\u0131rlar ve mesajlar\u0131n\u0131z\u0131n y\u0131llarca g\u00f6r\u00fcn\u00fcr ve etkili kalmas\u0131n\u0131 sa\u011flarlar.<\/p>\n<p data-sourcepos=\"9:1-9:17\"><strong>\u00d6zel \u0130htiya\u00e7lar\u0131n\u0131z\u0131 Kar\u015f\u0131lamak i\u00e7in \u00d6zelle\u015ftirilebilir<\/strong><\/p>\n<p data-sourcepos=\"11:1-11:86\">\u00d6zel ihtiya\u00e7lar\u0131n\u0131z\u0131 kar\u015f\u0131lamak i\u00e7in a\u015fa\u011f\u0131dakiler de dahil olmak \u00fczere \u00e7ok \u00e7e\u015fitli \u00f6zelle\u015ftirme se\u00e7enekleri sunuyoruz:<\/p>\n<ul data-sourcepos=\"13:1-17:0\">\n<li data-sourcepos=\"13:1-13:60\"><strong>Her t\u00fcrl\u00fc mesaja uyum sa\u011flamak i\u00e7in \u00e7e\u015fitli boyut ve \u015fekiller<\/strong><\/li>\n<li data-sourcepos=\"14:1-14:49\"><strong>Y\u00fcksek etkili g\u00f6rseller i\u00e7in tam renkli bask\u0131<\/strong><\/li>\n<li data-sourcepos=\"15:1-15:67\"><strong>Mesaj\u0131n\u0131z\u0131 net bir \u015fekilde iletmek i\u00e7in \u00f6zelle\u015ftirilebilir metin ve grafikler<\/strong><\/li>\n<li data-sourcepos=\"16:1-17:0\"><strong>Ortam\u0131n\u0131za uygun malzeme se\u00e7imi<\/strong><\/li>\n<\/ul>\n<p data-sourcepos=\"18:1-18:53\"><strong>Geni\u015f Bir End\u00fcstriyel Uygulama Yelpazesi \u0130\u00e7in \u0130deal<\/strong><\/p>\n<p data-sourcepos=\"20:1-20:65\">Serigrafi bask\u0131l\u0131 panel i\u015faretlerimiz ve uyar\u0131 etiketlerimiz, a\u015fa\u011f\u0131dakiler dahil olmak \u00fczere \u00e7ok \u00e7e\u015fitli end\u00fcstriyel uygulamalar i\u00e7in idealdir:<\/p>\n<ul data-sourcepos=\"22:1-27:0\">\n<li data-sourcepos=\"22:1-22:38\"><strong>G\u00fcvenlik uyar\u0131lar\u0131 ve talimatlar\u0131<\/strong><\/li>\n<li data-sourcepos=\"23:1-23:36\"><strong>Mevzuata uygunluk i\u015faretleri<\/strong><\/li>\n<li data-sourcepos=\"24:1-24:47\"><strong>Tehlike tan\u0131mlama ve uyar\u0131 i\u015faretleri<\/strong><\/li>\n<li data-sourcepos=\"25:1-25:43\"><strong>Y\u00f6nlendirme ve bilgilendirme tabelalar\u0131<\/strong><\/li>\n<li data-sourcepos=\"26:1-27:0\"><strong>\u0130n\u015faat sahas\u0131 tabelalar\u0131<\/strong><\/li>\n<\/ul>\n<p data-sourcepos=\"28:1-28:89\"><strong>\u00dcst\u00fcn Kalite ve Uzmanl\u0131k i\u00e7in \u00c7in Etiket Barkod Yaz\u0131c\u0131 Tedarik\u00e7ileriyle Ortak Olun<\/strong><\/p>\n<p data-sourcepos=\"30:1-30:333\">China Label Barcode Printer Suppliers olarak, m\u00fc\u015fterilerimize en y\u00fcksek kalitede serigrafi bask\u0131l\u0131 panel i\u015faretleri ve uyar\u0131 etiketleri ve \u00f6zel uygulama ihtiya\u00e7lar\u0131n\u0131 kar\u015f\u0131layacak uzmanl\u0131\u011f\u0131 sa\u011flamaya kararl\u0131y\u0131z. Deneyimli profesyonellerden olu\u015fan ekibimiz, benzersiz gereksinimlerinize uygun m\u00fckemmel i\u015faretleri tasarlaman\u0131za ve olu\u015fturman\u0131za yard\u0131mc\u0131 olabilir.<\/p>\n<p data-sourcepos=\"32:1-32:179\"><strong>Bug\u00fcn bize ula\u015f\u0131n<\/strong> Serigrafi bask\u0131l\u0131 panel i\u015faretlerimiz ve uyar\u0131 etiketlerimiz hakk\u0131nda daha fazla bilgi edinmek ve end\u00fcstriyel ortam\u0131n\u0131zda g\u00fcvenli\u011fi ve ileti\u015fimi nas\u0131l geli\u015ftirebilece\u011fimiz hakk\u0131nda bilgi almak i\u00e7in.<\/p>","protected":false},"excerpt":{"rendered":"<p>Serigrafi bask\u0131l\u0131 panel i\u015faretleri ve uyar\u0131 etiketleri, \u00e7e\u015fitli end\u00fcstrilerde ayr\u0131lmaz bile\u015fenlerdir ve g\u00fcvenlik, talimat ve bilgi yay\u0131m\u0131nda kritik i\u015flevler g\u00f6r\u00fcrler.<\/p>","protected":false},"featured_media":1659,"template":"","meta":[],"product_brand":[],"product_cat":[15],"product_tag":[],"class_list":{"0":"post-1695","1":"product","2":"type-product","3":"status-publish","4":"has-post-thumbnail","6":"product_cat-print-label","8":"first","9":"instock","10":"shipping-taxable","11":"product-type-simple"},"_links":{"self":[{"href":"https:\/\/membraneswitchmfg.com\/tr\/wp-json\/wp\/v2\/product\/1695","targetHints":{"allow":["GET"]}}],"collection":[{"href":"https:\/\/membraneswitchmfg.com\/tr\/wp-json\/wp\/v2\/product"}],"about":[{"href":"https:\/\/membraneswitchmfg.com\/tr\/wp-json\/wp\/v2\/types\/product"}],"wp:featuredmedia":[{"embeddable":true,"href":"https:\/\/membraneswitchmfg.com\/tr\/wp-json\/wp\/v2\/media\/1659"}],"wp:attachment":[{"href":"https:\/\/membraneswitchmfg.com\/tr\/wp-json\/wp\/v2\/media?parent=1695"}],"wp:term":[{"taxonomy":"product_brand","embeddable":true,"href":"https:\/\/membraneswitchmfg.com\/tr\/wp-json\/wp\/v2\/product_brand?post=1695"},{"taxonomy":"product_cat","embeddable":true,"href":"https:\/\/membraneswitchmfg.com\/tr\/wp-json\/wp\/v2\/product_cat?post=1695"},{"taxonomy":"product_tag","embeddable":true,"href":"https:\/\/membraneswitchmfg.com\/tr\/wp-json\/wp\/v2\/product_tag?post=1695"}],"curies":[{"name":"wp","href":"https:\/\/api.w.org\/{rel}","templated":true}]}}