{"id":1772,"date":"2024-06-24T05:57:57","date_gmt":"2024-06-24T05:57:57","guid":{"rendered":"https:\/\/membraneswitchmfg.com\/manufacturer\/high-life-membrane-switches-with-5-million-times\/"},"modified":"2024-06-25T13:24:08","modified_gmt":"2024-06-25T13:24:08","slug":"high-life-membrane-switches-with-5-million-times","status":"publish","type":"product","link":"https:\/\/membraneswitchmfg.com\/tr\/manufacturer\/high-life-membrane-switches-with-5-million-times\/","title":{"rendered":"Y\u00fcksek \u00d6m\u00fcrl\u00fc Membran Anahtarlar 5 Milyon Kez"},"content":{"rendered":"<h2><strong><b>5 Milyon Kez \u00d6m\u00fcrl\u00fc Y\u00fcksek \u00d6m\u00fcrl\u00fc Membran Anahtarlar<\/b><\/strong><\/h2>\n<p><strong>E\u015fsiz Dayan\u0131kl\u0131l\u0131k ve G\u00fcvenilirlik<\/strong><\/p>\n<p>Y\u00fcksek \u00f6m\u00fcrl\u00fc membran anahtarlar\u0131m\u0131z dayanacak \u015fekilde \u00fcretilmi\u015ftir ve \u015fu \u00f6zelliklere sahiptir:<\/p>\n<ul>\n<li><strong>Birinci s\u0131n\u0131f malzemelerle sa\u011flam yap\u0131<\/strong><\/li>\n<li><strong>Tutarl\u0131 performans i\u00e7in hassas m\u00fchendislik \u00fcr\u00fcn\u00fc bile\u015fenler<\/strong><\/li>\n<li><strong>Uzun \u00f6m\u00fcrl\u00fc g\u00fcvenilirli\u011fi sa\u011flamak i\u00e7in titiz testler<\/strong><\/li>\n<\/ul>\n<p><strong>Fark\u0131 Deneyimleyin<\/strong><\/p>\n<p>Y\u00fcksek \u00f6m\u00fcrl\u00fc membran anahtarlar\u0131m\u0131zla \u015funlar\u0131 bekleyebilirsiniz:<\/p>\n<ul>\n<li><strong>D\u00fc\u015f\u00fck bak\u0131m maliyetleri ve ar\u0131za s\u00fcresi<\/strong><\/li>\n<li><strong>Geli\u015fmi\u015f kullan\u0131c\u0131 memnuniyeti ve \u00fcr\u00fcn itibar\u0131<\/strong><\/li>\n<li><strong>\u00dcr\u00fcn\u00fcn\u00fcz\u00fcn y\u0131llarca performans g\u00f6sterece\u011fini bilmenin verdi\u011fi i\u00e7 rahatl\u0131\u011f\u0131<\/strong><\/li>\n<\/ul>\n<p><strong>Uygulamalar<\/strong><\/p>\n<p>Y\u00fcksek \u00f6m\u00fcrl\u00fc membran anahtarlar\u0131m\u0131z, a\u015fa\u011f\u0131dakiler dahil olmak \u00fczere \u00e7ok \u00e7e\u015fitli uygulamalar i\u00e7in uygundur:<\/p>\n<ul>\n<li><strong>End\u00fcstriyel kontrol panelleri<\/strong><\/li>\n<li><strong>T\u0131bbi cihazlar<\/strong><\/li>\n<li><strong>T\u00fcketici elektroni\u011fi<\/strong><\/li>\n<li><strong>Ula\u015f\u0131m ekipmanlar\u0131<\/strong><\/li>\n<li><strong>Ve \u00e7ok daha fazlas\u0131<\/strong><\/li>\n<\/ul>\n<p><strong>\u00d6zelle\u015ftirilebilir \u00c7\u00f6z\u00fcmler<\/strong><\/p>\n<p>\u00d6zel ihtiya\u00e7lar\u0131n\u0131z\u0131 kar\u015f\u0131lamak i\u00e7in a\u015fa\u011f\u0131dakiler de dahil olmak \u00fczere \u00e7ok \u00e7e\u015fitli \u00f6zelle\u015ftirme se\u00e7enekleri sunuyoruz:<\/p>\n<ul>\n<li><strong>\u00c7e\u015fitli anahtar boyutlar\u0131 ve konfig\u00fcrasyonlar\u0131<\/strong><\/li>\n<li><strong>\u00d6zel grafikler ve arka ayd\u0131nlatma<\/strong><\/li>\n<li><strong>Dokunsal geri bildirim se\u00e7enekleri<\/strong><\/li>\n<li><strong>\u00c7evresel s\u0131zd\u0131rmazl\u0131k ve koruma<\/strong><\/li>\n<\/ul>\n<p><strong>Deneyimli Bir Membran Anahtar \u00dcreticisi ile \u0130\u015f Orta\u011f\u0131 Olun<\/strong><\/p>\n<p>Y\u0131llar\u0131n deneyimi ve kaliteye olan ba\u011fl\u0131l\u0131\u011f\u0131m\u0131zla, y\u00fcksek \u00f6m\u00fcrl\u00fc membran anahtarlar i\u00e7in g\u00fcvenilir kayna\u011f\u0131n\u0131z\u0131z. Uzmanlardan olu\u015fan ekibimiz, uygulaman\u0131z i\u00e7in m\u00fckemmel anahtarlar\u0131 tasarlaman\u0131za ve \u00fcretmenize yard\u0131mc\u0131 olabilir.<\/p>\n<p><strong>Bug\u00fcn bize ula\u015f\u0131n<\/strong>\u00a0Y\u00fcksek \u00f6m\u00fcrl\u00fc membran anahtarlar\u0131m\u0131z hakk\u0131nda daha fazla bilgi edinmek ve \u00fcr\u00fcn\u00fcn\u00fcz\u00fcn performans\u0131n\u0131 ve g\u00fcvenilirli\u011fini art\u0131rman\u0131za nas\u0131l yard\u0131mc\u0131 olabilece\u011fimizi \u00f6\u011frenmek i\u00e7in.<\/p>","protected":false},"excerpt":{"rendered":"<p>\u00dcr\u00fcn\u00fcn\u00fcz\u00fcn performans\u0131n\u0131 ve kullan\u0131c\u0131 deneyimini, 5 milyon \u00e7al\u0131\u015ft\u0131rmaya kadar dayanacak \u015fekilde tasarlanm\u0131\u015f y\u00fcksek \u00f6m\u00fcrl\u00fc membran anahtarlar\u0131m\u0131zla y\u00fckseltin. Bu dayan\u0131kl\u0131 anahtarlar, ola\u011fan\u00fcst\u00fc g\u00fcvenilirlik ve uzun \u00f6m\u00fcrl\u00fc performans sunarak, zorlu uygulamalar i\u00e7in idealdir.<\/p>","protected":false},"featured_media":1761,"template":"","meta":[],"product_brand":[],"product_cat":[40],"product_tag":[],"class_list":{"0":"post-1772","1":"product","2":"type-product","3":"status-publish","4":"has-post-thumbnail","6":"product_cat-membrane-switch","8":"first","9":"instock","10":"shipping-taxable","11":"product-type-simple"},"_links":{"self":[{"href":"https:\/\/membraneswitchmfg.com\/tr\/wp-json\/wp\/v2\/product\/1772","targetHints":{"allow":["GET"]}}],"collection":[{"href":"https:\/\/membraneswitchmfg.com\/tr\/wp-json\/wp\/v2\/product"}],"about":[{"href":"https:\/\/membraneswitchmfg.com\/tr\/wp-json\/wp\/v2\/types\/product"}],"wp:featuredmedia":[{"embeddable":true,"href":"https:\/\/membraneswitchmfg.com\/tr\/wp-json\/wp\/v2\/media\/1761"}],"wp:attachment":[{"href":"https:\/\/membraneswitchmfg.com\/tr\/wp-json\/wp\/v2\/media?parent=1772"}],"wp:term":[{"taxonomy":"product_brand","embeddable":true,"href":"https:\/\/membraneswitchmfg.com\/tr\/wp-json\/wp\/v2\/product_brand?post=1772"},{"taxonomy":"product_cat","embeddable":true,"href":"https:\/\/membraneswitchmfg.com\/tr\/wp-json\/wp\/v2\/product_cat?post=1772"},{"taxonomy":"product_tag","embeddable":true,"href":"https:\/\/membraneswitchmfg.com\/tr\/wp-json\/wp\/v2\/product_tag?post=1772"}],"curies":[{"name":"wp","href":"https:\/\/api.w.org\/{rel}","templated":true}]}}