{"id":1773,"date":"2024-06-24T05:57:57","date_gmt":"2024-06-24T05:57:57","guid":{"rendered":"https:\/\/membraneswitchmfg.com\/manufacturer\/silver-flex-membrane-switch\/"},"modified":"2024-06-25T13:26:16","modified_gmt":"2024-06-25T13:26:16","slug":"silver-flex-membrane-switch","status":"publish","type":"product","link":"https:\/\/membraneswitchmfg.com\/tr\/manufacturer\/silver-flex-membrane-switch\/","title":{"rendered":"G\u00fcm\u00fc\u015f Flex Membran Anahtar"},"content":{"rendered":"<h2><strong><b>G\u00fcm\u00fc\u015f Esnek Membran Anahtarlar: G\u00fcvenilir ve Uygun Maliyetli \u00c7\u00f6z\u00fcmler<\/b><\/strong><\/h2>\n<p><strong>E\u015fsiz \u00c7ok Y\u00f6nl\u00fcl\u00fck ve Performans<\/strong><\/p>\n<p>G\u00fcm\u00fc\u015f Esnek Membran Anahtarlar \u015funlarla \u00fcnl\u00fcd\u00fcr:<\/p>\n<ul>\n<li><strong>Kolay entegrasyon i\u00e7in ince ve esnek tasar\u0131m<\/strong><\/li>\n<li><strong>Geli\u015fmi\u015f kullan\u0131c\u0131 deneyimi i\u00e7in dokunsal geri bildirim<\/strong><\/li>\n<li><strong>Milyonlarca \u00e7al\u0131\u015ft\u0131rma ile uzun kullan\u0131m \u00f6mr\u00fc<\/strong><\/li>\n<li><strong>Neme, toza ve zorlu ortamlara kar\u015f\u0131 diren\u00e7<\/strong><\/li>\n<\/ul>\n<p><strong>Cost-Effective Solutions for Your Needs<\/strong><\/p>\n<p>G\u00fcm\u00fc\u015f Esnek Membran Anahtarlar, kaliteden \u00f6d\u00fcn vermeden uygun maliyetli bir \u00e7\u00f6z\u00fcm sunar. A\u015fa\u011f\u0131daki uygulamalar i\u00e7in idealdirler:<\/p>\n<ul>\n<li><strong>Budget is a primary concern<\/strong><\/li>\n<li><strong>Large quantities are required<\/strong><\/li>\n<li><strong>Space constraints are a factor<\/strong><\/li>\n<\/ul>\n<p><strong>Uygulamalar<\/strong><\/p>\n<p>G\u00fcm\u00fc\u015f Esnek Membran Anahtarlar \u00e7e\u015fitli end\u00fcstrilerde yayg\u0131n olarak kullan\u0131lmaktad\u0131r, \u00f6rne\u011fin:<\/p>\n<ul>\n<li><strong>T\u00fcketici elektroni\u011fi<\/strong><\/li>\n<li><strong>T\u0131bbi cihazlar<\/strong><\/li>\n<li><strong>End\u00fcstriyel kontrol panelleri<\/strong><\/li>\n<li><strong>Aletler<\/strong><\/li>\n<li><strong>Ve \u00e7ok daha fazlas\u0131<\/strong><\/li>\n<\/ul>\n<p><strong>\u00d6zelle\u015ftirilebilir Se\u00e7enekler<\/strong><\/p>\n<p>\u00d6zel ihtiya\u00e7lar\u0131n\u0131z\u0131 kar\u015f\u0131lamak i\u00e7in a\u015fa\u011f\u0131dakiler de dahil olmak \u00fczere \u00e7ok \u00e7e\u015fitli \u00f6zelle\u015ftirme se\u00e7enekleri sunuyoruz:<\/p>\n<ul>\n<li><strong>\u00c7e\u015fitli anahtar boyutlar\u0131 ve konfig\u00fcrasyonlar\u0131<\/strong><\/li>\n<li><strong>\u00d6zel grafikler ve arka ayd\u0131nlatma<\/strong><\/li>\n<li><strong>Dokunsal geri bildirim se\u00e7enekleri<\/strong><\/li>\n<li><strong>\u00c7evresel s\u0131zd\u0131rmazl\u0131k ve koruma<\/strong><\/li>\n<\/ul>\n<p><strong>G\u00fcvenilir bir Su Ge\u00e7irmez Membran Anahtar Tedarik\u00e7isi ile Ortakl\u0131k Kurun<\/strong><\/p>\n<p>Y\u0131llar\u0131n deneyimi ve kaliteye olan ba\u011fl\u0131l\u0131\u011f\u0131m\u0131zla, G\u00fcm\u00fc\u015f Esnek Membran Anahtarlar konusunda g\u00fcvenilir tedarik\u00e7iniziz. Uzman ekibimiz, uygulaman\u0131z i\u00e7in m\u00fckemmel anahtarlar\u0131 tasarlaman\u0131za ve \u00fcretmenize yard\u0131mc\u0131 olabilir.<\/p>\n<p><strong>Bug\u00fcn bize ula\u015f\u0131n<\/strong>\u00a0G\u00fcm\u00fc\u015f Esnek Membran Anahtarlar\u0131m\u0131z hakk\u0131nda daha fazla bilgi edinmek ve b\u00fct\u00e7eniz dahilinde kal\u0131rken \u00fcr\u00fcn hedeflerinize ula\u015fman\u0131za nas\u0131l yard\u0131mc\u0131 olabilece\u011fimizi \u00f6\u011frenmek i\u00e7in.<\/p>","protected":false},"excerpt":{"rendered":"<p>Silver Flex Membran Anahtarlar\u0131m\u0131zla performans ve uygun fiyat\u0131n m\u00fckemmel dengesini deneyimleyin. Bu \u00e7ok y\u00f6nl\u00fc anahtarlar, dokunsal, duyarl\u0131 bir his ve uzun \u00f6m\u00fcrl\u00fc dayan\u0131kl\u0131l\u0131k sunarak, \u00e7ok \u00e7e\u015fitli uygulamalar i\u00e7in ideal bir se\u00e7imdir.<\/p>","protected":false},"featured_media":1759,"template":"","meta":[],"product_brand":[],"product_cat":[40],"product_tag":[],"class_list":{"0":"post-1773","1":"product","2":"type-product","3":"status-publish","4":"has-post-thumbnail","6":"product_cat-membrane-switch","8":"first","9":"instock","10":"shipping-taxable","11":"product-type-simple"},"_links":{"self":[{"href":"https:\/\/membraneswitchmfg.com\/tr\/wp-json\/wp\/v2\/product\/1773","targetHints":{"allow":["GET"]}}],"collection":[{"href":"https:\/\/membraneswitchmfg.com\/tr\/wp-json\/wp\/v2\/product"}],"about":[{"href":"https:\/\/membraneswitchmfg.com\/tr\/wp-json\/wp\/v2\/types\/product"}],"wp:featuredmedia":[{"embeddable":true,"href":"https:\/\/membraneswitchmfg.com\/tr\/wp-json\/wp\/v2\/media\/1759"}],"wp:attachment":[{"href":"https:\/\/membraneswitchmfg.com\/tr\/wp-json\/wp\/v2\/media?parent=1773"}],"wp:term":[{"taxonomy":"product_brand","embeddable":true,"href":"https:\/\/membraneswitchmfg.com\/tr\/wp-json\/wp\/v2\/product_brand?post=1773"},{"taxonomy":"product_cat","embeddable":true,"href":"https:\/\/membraneswitchmfg.com\/tr\/wp-json\/wp\/v2\/product_cat?post=1773"},{"taxonomy":"product_tag","embeddable":true,"href":"https:\/\/membraneswitchmfg.com\/tr\/wp-json\/wp\/v2\/product_tag?post=1773"}],"curies":[{"name":"wp","href":"https:\/\/api.w.org\/{rel}","templated":true}]}}