{"id":1776,"date":"2024-06-24T05:57:57","date_gmt":"2024-06-24T05:57:57","guid":{"rendered":"https:\/\/membraneswitchmfg.com\/manufacturer\/rubber-keypad-membrane-switch\/"},"modified":"2024-06-25T13:32:14","modified_gmt":"2024-06-25T13:32:14","slug":"rubber-keypad-membrane-switch","status":"publish","type":"product","link":"https:\/\/membraneswitchmfg.com\/tr\/manufacturer\/rubber-keypad-membrane-switch\/","title":{"rendered":"Kau\u00e7uk Tu\u015f Tak\u0131ml\u0131 Membran Anahtar"},"content":{"rendered":"<h2><strong><b>Kau\u00e7uk Tu\u015f Tak\u0131m\u0131 Membran Anahtar\u0131: Geli\u015fmi\u015f Dayan\u0131kl\u0131l\u0131k ve Dokunsal Geri Bildirim<\/b><\/strong><\/h2>\n<p><strong>E\u015fsiz Dayan\u0131kl\u0131l\u0131k ve Dokunsal Tepki<\/strong><\/p>\n<p>Kau\u00e7uk Tu\u015f Tak\u0131ml\u0131 Membran Anahtarlar m\u00fckemmellik i\u00e7in tasarlanm\u0131\u015ft\u0131r:<\/p>\n<ul>\n<li><strong>\u00dcst\u00fcn dayan\u0131kl\u0131l\u0131k ve esneklik i\u00e7in y\u00fcksek kaliteli silikon kau\u00e7uk<\/strong><\/li>\n<li><strong>Tatmin edici ve duyarl\u0131 bir tu\u015f bas\u0131\u015f\u0131 i\u00e7in dokunsal kubbeler<\/strong><\/li>\n<li><strong>Neme, toza ve zorlu ortamlara kar\u015f\u0131 diren\u00e7<\/strong><\/li>\n<li><strong>Milyonlarca \u00e7al\u0131\u015ft\u0131rma ile uzun kullan\u0131m \u00f6mr\u00fc<\/strong><\/li>\n<\/ul>\n<p><strong>Faydalar\u0131 Deneyimleyin<\/strong><\/p>\n<p>Kau\u00e7uk Tu\u015f Tak\u0131ml\u0131 Membran Anahtarlar ile \u015funlar\u0131 bekleyebilirsiniz:<\/p>\n<ul>\n<li><strong>Azalt\u0131lm\u0131\u015f ar\u0131za s\u00fcresi ve bak\u0131m maliyetleri<\/strong><\/li>\n<li><strong>Geli\u015ftirilmi\u015f kullan\u0131c\u0131 memnuniyeti ve \u00fcr\u00fcn kullan\u0131labilirli\u011fi<\/strong><\/li>\n<li><strong>Geli\u015ftirilmi\u015f \u00fcr\u00fcn performans\u0131 ve g\u00fcvenilirli\u011fi<\/strong><\/li>\n<\/ul>\n<p><strong>Uygulamalar<\/strong><\/p>\n<p>Kau\u00e7uk Tu\u015f Tak\u0131ml\u0131 Membran Anahtarlar, a\u015fa\u011f\u0131dakiler de dahil olmak \u00fczere \u00e7ok \u00e7e\u015fitli uygulamalar i\u00e7in \u00e7ok uygundur:<\/p>\n<ul>\n<li><strong>T\u00fcketici elektroni\u011fi<\/strong><\/li>\n<li><strong>T\u0131bbi cihazlar<\/strong><\/li>\n<li><strong>End\u00fcstriyel kontrol panelleri<\/strong><\/li>\n<li><strong>Telekom\u00fcnikasyon ekipmanlar\u0131<\/strong><\/li>\n<li><strong>Ve \u00e7ok daha fazlas\u0131<\/strong><\/li>\n<\/ul>\n<p><strong>\u00d6zelle\u015ftirilebilir \u00c7\u00f6z\u00fcmler<\/strong><\/p>\n<p>\u00d6zel ihtiya\u00e7lar\u0131n\u0131z\u0131 kar\u015f\u0131lamak i\u00e7in a\u015fa\u011f\u0131dakiler de dahil olmak \u00fczere \u00e7ok \u00e7e\u015fitli \u00f6zelle\u015ftirme se\u00e7enekleri sunuyoruz:<\/p>\n<ul>\n<li><strong>\u00c7e\u015fitli anahtar boyutlar\u0131 ve konfig\u00fcrasyonlar\u0131<\/strong><\/li>\n<li><strong>\u00d6zel grafikler ve arka ayd\u0131nlatma<\/strong><\/li>\n<li><strong>Dokunsal geri bildirim se\u00e7enekleri<\/strong><\/li>\n<li><strong>\u00c7evresel s\u0131zd\u0131rmazl\u0131k ve koruma<\/strong><\/li>\n<\/ul>\n<p><strong>Deneyimli Bir Silikon Membran Switch Tedarik\u00e7isi ile \u0130\u015f Orta\u011f\u0131 Olun<\/strong><\/p>\n<p>Y\u0131llar\u0131n uzmanl\u0131\u011f\u0131 ve kaliteye olan ba\u011fl\u0131l\u0131\u011f\u0131m\u0131zla, Kau\u00e7uk Tu\u015f Tak\u0131m\u0131 Membran Anahtarlar\u0131 i\u00e7in g\u00fcvenilir kayna\u011f\u0131n\u0131z\u0131z. Uzman ekibimiz, uygulaman\u0131z i\u00e7in m\u00fckemmel anahtarlar\u0131 tasarlaman\u0131za ve \u00fcretmenize yard\u0131mc\u0131 olabilir.<\/p>\n<p><strong>Bug\u00fcn bize ula\u015f\u0131n<\/strong>\u00a0Kau\u00e7uk Tu\u015f Tak\u0131m\u0131 Membran Anahtarlar\u0131m\u0131z hakk\u0131nda daha fazla bilgi edinmek ve \u00fcr\u00fcnlerinizde \u00fcst\u00fcn performans, dayan\u0131kl\u0131l\u0131k ve kullan\u0131c\u0131 memnuniyeti elde etmenize nas\u0131l yard\u0131mc\u0131 olabilece\u011fimizi \u00f6\u011frenmek i\u00e7in.<\/p>","protected":false},"excerpt":{"rendered":"<p>Kau\u00e7uk Tu\u015f Tak\u0131m\u0131 Membran Anahtarlar\u0131m\u0131zla dayan\u0131kl\u0131l\u0131k ve dokunsal geri bildirimin m\u00fckemmel kar\u0131\u015f\u0131m\u0131n\u0131 deneyimleyin. Bu \u00e7ok y\u00f6nl\u00fc anahtarlar, \u00e7ok \u00e7e\u015fitli uygulamalar i\u00e7in rahat bir kullan\u0131c\u0131 deneyimi, uzun \u00f6m\u00fcrl\u00fc performans ve uygun maliyetli \u00e7\u00f6z\u00fcmler sunar.<\/p>","protected":false},"featured_media":1758,"template":"","meta":[],"product_brand":[],"product_cat":[40],"product_tag":[],"class_list":{"0":"post-1776","1":"product","2":"type-product","3":"status-publish","4":"has-post-thumbnail","6":"product_cat-membrane-switch","8":"first","9":"instock","10":"shipping-taxable","11":"product-type-simple"},"_links":{"self":[{"href":"https:\/\/membraneswitchmfg.com\/tr\/wp-json\/wp\/v2\/product\/1776","targetHints":{"allow":["GET"]}}],"collection":[{"href":"https:\/\/membraneswitchmfg.com\/tr\/wp-json\/wp\/v2\/product"}],"about":[{"href":"https:\/\/membraneswitchmfg.com\/tr\/wp-json\/wp\/v2\/types\/product"}],"wp:featuredmedia":[{"embeddable":true,"href":"https:\/\/membraneswitchmfg.com\/tr\/wp-json\/wp\/v2\/media\/1758"}],"wp:attachment":[{"href":"https:\/\/membraneswitchmfg.com\/tr\/wp-json\/wp\/v2\/media?parent=1776"}],"wp:term":[{"taxonomy":"product_brand","embeddable":true,"href":"https:\/\/membraneswitchmfg.com\/tr\/wp-json\/wp\/v2\/product_brand?post=1776"},{"taxonomy":"product_cat","embeddable":true,"href":"https:\/\/membraneswitchmfg.com\/tr\/wp-json\/wp\/v2\/product_cat?post=1776"},{"taxonomy":"product_tag","embeddable":true,"href":"https:\/\/membraneswitchmfg.com\/tr\/wp-json\/wp\/v2\/product_tag?post=1776"}],"curies":[{"name":"wp","href":"https:\/\/api.w.org\/{rel}","templated":true}]}}