{"id":1777,"date":"2024-06-24T05:57:57","date_gmt":"2024-06-24T05:57:57","guid":{"rendered":"https:\/\/membraneswitchmfg.com\/manufacturer\/graphic-overlay\/"},"modified":"2024-07-25T08:41:13","modified_gmt":"2024-07-25T08:41:13","slug":"graphic-overlay","status":"publish","type":"product","link":"https:\/\/membraneswitchmfg.com\/tr\/manufacturer\/graphic-overlay\/","title":{"rendered":"Grafik Yerle\u015fimi"},"content":{"rendered":"<h2><strong><b>Grafik Kaplamalar: Kullan\u0131c\u0131 Deneyimini ve Marka Kimli\u011fini Geli\u015ftirme<\/b><\/strong><\/h2>\n<p><strong>Kullan\u0131c\u0131 Deneyimini Geli\u015ftirme<\/strong><\/p>\n<p>Grafik kaplamalar, kullan\u0131c\u0131 deneyimini geli\u015ftirerek \u00f6nemli bir rol oynar:<\/p>\n<ul>\n<li><strong>A\u00e7\u0131k talimatlar ve etiketler sa\u011flama<\/strong><\/li>\n<li><strong>Kullan\u0131c\u0131lara i\u015flem ve i\u015flev konusunda rehberlik etmek<\/strong><\/li>\n<li><strong>Uyar\u0131lar\u0131 ve g\u00fcvenlik bilgilerini g\u00f6r\u00fcnt\u00fcleme<\/strong><\/li>\n<li><strong>Sezgisel ve kullan\u0131c\u0131 dostu bir aray\u00fcz olu\u015fturma<\/strong><\/li>\n<\/ul>\n<p><strong>Markala\u015fma ve Kimlik<\/strong><\/p>\n<p>Grafik kaplamalar, marka ileti\u015fimi i\u00e7in g\u00fc\u00e7l\u00fc ara\u00e7lar olarak hizmet eder:<\/p>\n<ul>\n<li><strong>\u015eirket logolar\u0131n\u0131n ve marka \u00f6\u011felerinin g\u00f6r\u00fcnt\u00fclenmesi<\/strong><\/li>\n<li><strong>Marka kimli\u011fini ve mesajla\u015fmay\u0131 g\u00fc\u00e7lendirme<\/strong><\/li>\n<li><strong>Uyumlu ve profesyonel bir marka imaj\u0131 olu\u015fturmak<\/strong><\/li>\n<\/ul>\n<p><strong>Uygulamalar<\/strong><\/p>\n<p>Grafik kaplamalar, a\u015fa\u011f\u0131dakiler dahil olmak \u00fczere \u00e7e\u015fitli uygulamalarda yayg\u0131n olarak kullan\u0131lmaktad\u0131r:<\/p>\n<ul>\n<li><strong>End\u00fcstriyel kontrol panelleri<\/strong><\/li>\n<li><strong>T\u0131bbi cihazlar<\/strong><\/li>\n<li><strong>T\u00fcketici elektroni\u011fi<\/strong><\/li>\n<li><strong>Aletler<\/strong><\/li>\n<li><strong>Makine ve ekipman<\/strong><\/li>\n<\/ul>\n<p><strong>\u00d6zelle\u015ftirilebilir \u00c7\u00f6z\u00fcmler<\/strong><\/p>\n<p>\u00d6zel ihtiya\u00e7lar\u0131n\u0131z\u0131 kar\u015f\u0131lamak i\u00e7in a\u015fa\u011f\u0131dakiler de dahil olmak \u00fczere \u00e7ok \u00e7e\u015fitli \u00f6zelle\u015ftirme se\u00e7enekleri sunuyoruz:<\/p>\n<ul>\n<li><strong>\u00c7e\u015fitli malzemeler ve kaplamalar<\/strong><\/li>\n<li><strong>\u00d6zel grafikler ve tasar\u0131mlar<\/strong><\/li>\n<li><strong>Arka ayd\u0131nlatma ve ayd\u0131nlatma se\u00e7enekleri<\/strong><\/li>\n<li><strong>Kabartma ve dokular<\/strong><\/li>\n<\/ul>\n<p><strong>Deneyimli Bir Grafik Kaplama \u00dcreticisi ile Ortakl\u0131k Kurun<\/strong><\/p>\n<p>Y\u0131llar\u0131n uzmanl\u0131\u011f\u0131 ve kaliteye olan ba\u011fl\u0131l\u0131\u011f\u0131m\u0131zla, \u00f6zel grafik kaplamalar i\u00e7in g\u00fcvenilir kayna\u011f\u0131n\u0131z\u0131z. Uzman ekibimiz, \u00fcr\u00fcn\u00fcn\u00fcz\u00fcn i\u015flevselli\u011fini, kullan\u0131c\u0131 deneyimini ve marka kimli\u011fini geli\u015ftirmek i\u00e7in m\u00fckemmel kaplamalar\u0131 tasarlaman\u0131za ve \u00fcretmenize yard\u0131mc\u0131 olabilir.<\/p>\n<p><strong>Bug\u00fcn bize ula\u015f\u0131n<\/strong>\u00a0grafik kaplama \u00e7\u00f6z\u00fcmlerimiz ve \u00fcr\u00fcnlerinizi nas\u0131l y\u00fckseltebilece\u011fimiz hakk\u0131nda daha fazla bilgi edinmek i\u00e7in.<\/p>\n<p><strong>Ek Anahtar Kelimeler:<\/strong>\u00a0membran seviye anahtar\u0131, anahtar membran\u0131, Grafik Kaplama<\/p>\n<h2><strong><b>\u0130sim Levhalar\u0131: \u00dcr\u00fcn\u00fcn\u00fcz\u00fcn Kimli\u011fini ve \u0130\u015flevselli\u011fini Geli\u015ftirin<\/b><\/strong><\/h2>\n<p><strong>\u00dcr\u00fcn\u00fcn\u00fcz\u00fcn Kimli\u011fini Y\u00fckseltin<\/strong><\/p>\n<p>\u0130sim levhalar\u0131, marka kimli\u011finizin olu\u015fturulmas\u0131nda hayati bir rol oynar:<\/p>\n<ul>\n<li><strong>\u015eirket logonuzun ve markan\u0131z\u0131n belirgin bir \u015fekilde sergilenmesi<\/strong><\/li>\n<li><strong>Marka mesaj\u0131n\u0131z\u0131 ve de\u011ferlerinizi g\u00fc\u00e7lendirmek<\/strong><\/li>\n<li><strong>Uyumlu ve profesyonel bir marka imaj\u0131 olu\u015fturmak<\/strong><\/li>\n<\/ul>\n<p><strong>Temel Bilgileri Aktar\u0131n<\/strong><\/p>\n<p>\u0130sim plakalar\u0131, a\u015fa\u011f\u0131dakiler de dahil olmak \u00fczere temel \u00fcr\u00fcn bilgilerini etkili bir \u015fekilde iletir:<\/p>\n<ul>\n<li><strong>\u00dcr\u00fcn ad\u0131 ve model numaras\u0131<\/strong><\/li>\n<li><strong>D\u00fczenleyici i\u015faretler ve sertifikalar<\/strong><\/li>\n<li><strong>Operasyonel talimatlar ve uyar\u0131lar<\/strong><\/li>\n<li><strong>Destek i\u00e7in ileti\u015fim bilgileri<\/strong><\/li>\n<\/ul>\n<p><strong>\u00dcr\u00fcn \u0130\u015flevselli\u011fini Geli\u015ftirin<\/strong><\/p>\n<p>\u0130sim levhalar\u0131, a\u015fa\u011f\u0131daki gibi i\u015flevsel unsurlar\u0131 da i\u00e7erebilir:<\/p>\n<ul>\n<li><strong>Kullan\u0131c\u0131 etkile\u015fimi i\u00e7in basmal\u0131 d\u00fc\u011fme membran anahtarlar\u0131<\/strong><\/li>\n<li><strong>Durum g\u00fcncellemeleri i\u00e7in LED g\u00f6stergeler<\/strong><\/li>\n<li><strong>Kolay tan\u0131mlama i\u00e7in barkod etiketleri<\/strong><\/li>\n<\/ul>\n<p><strong>Uygulamalar<\/strong><\/p>\n<p>\u0130sim levhalar\u0131, a\u015fa\u011f\u0131dakiler de dahil olmak \u00fczere \u00e7ok \u00e7e\u015fitli uygulamalarda yayg\u0131n olarak kullan\u0131lmaktad\u0131r:<\/p>\n<ul>\n<li><strong>End\u00fcstriyel kontrol panelleri<\/strong><\/li>\n<li><strong>T\u0131bbi cihazlar<\/strong><\/li>\n<li><strong>T\u00fcketici elektroni\u011fi<\/strong><\/li>\n<li><strong>Aletler<\/strong><\/li>\n<li><strong>Makine ve ekipman<\/strong><\/li>\n<\/ul>\n<p><strong>\u00d6zelle\u015ftirilebilir \u00c7\u00f6z\u00fcmler<\/strong><\/p>\n<p>\u00d6zel ihtiya\u00e7lar\u0131n\u0131z\u0131 kar\u015f\u0131lamak i\u00e7in a\u015fa\u011f\u0131dakiler de dahil olmak \u00fczere \u00e7ok \u00e7e\u015fitli \u00f6zelle\u015ftirme se\u00e7enekleri sunuyoruz:<\/p>\n<ul>\n<li><strong>\u00c7e\u015fitli malzemeler ve kaplamalar<\/strong><\/li>\n<li><strong>\u00d6zel grafikler ve tasar\u0131mlar<\/strong><\/li>\n<li><strong>Arka ayd\u0131nlatma ve ayd\u0131nlatma se\u00e7enekleri<\/strong><\/li>\n<li><strong>Kabartma ve dokular<\/strong><\/li>\n<\/ul>\n<p><strong>Deneyimli Bir \u0130sim Plakas\u0131 \u00dcreticisi ile \u0130\u015f Orta\u011f\u0131 Olun<\/strong><\/p>\n<p>Y\u0131llara dayanan uzmanl\u0131\u011f\u0131m\u0131z ve kaliteye olan ba\u011fl\u0131l\u0131\u011f\u0131m\u0131zla, \u00f6zel isim plakalar\u0131 i\u00e7in g\u00fcvenilir kayna\u011f\u0131n\u0131z\u0131z. Uzman ekibimiz, \u00fcr\u00fcn\u00fcn\u00fcz\u00fcn kimli\u011fini, i\u015flevselli\u011fini ve estetik \u00e7ekicili\u011fini geli\u015ftirmek i\u00e7in m\u00fckemmel isim plakalar\u0131 tasarlaman\u0131za ve \u00fcretmenize yard\u0131mc\u0131 olabilir.<\/p>\n<p><strong>Bug\u00fcn bize ula\u015f\u0131n<\/strong>\u00a0isim plakas\u0131 \u00e7\u00f6z\u00fcmlerimiz ve \u00fcr\u00fcnlerinizi nas\u0131l y\u00fckseltebilece\u011fimiz hakk\u0131nda daha fazla bilgi edinmek i\u00e7in.<\/p>\n<p><strong>Ek Anahtar Kelimeler:<\/strong>\u00a0basmal\u0131 d\u00fc\u011fme membran anahtar\u0131, anahtar tipi membran, \u0130sim plakas\u0131<\/p>","protected":false},"excerpt":{"rendered":"<p>Grafik kaplamalar, ayn\u0131 zamanda isim plakalar\u0131 veya \u00f6n paneller olarak da bilinir, elektronik cihazlar\u0131n kullan\u0131c\u0131 deneyimini ve marka kimli\u011fini y\u00fckselten temel bile\u015fenlerdir. \u00d6zel bask\u0131l\u0131 grafikler ve metin i\u00e7eren bu ince plastik veya polimer malzeme katmanlar\u0131, cihaz\u0131n y\u00fczeyine sorunsuz bir \u015fekilde entegre edilmi\u015ftir.<\/p>","protected":false},"featured_media":1749,"template":"","meta":[],"product_brand":[],"product_cat":[40],"product_tag":[],"class_list":{"0":"post-1777","1":"product","2":"type-product","3":"status-publish","4":"has-post-thumbnail","6":"product_cat-membrane-switch","8":"first","9":"instock","10":"shipping-taxable","11":"product-type-simple"},"_links":{"self":[{"href":"https:\/\/membraneswitchmfg.com\/tr\/wp-json\/wp\/v2\/product\/1777","targetHints":{"allow":["GET"]}}],"collection":[{"href":"https:\/\/membraneswitchmfg.com\/tr\/wp-json\/wp\/v2\/product"}],"about":[{"href":"https:\/\/membraneswitchmfg.com\/tr\/wp-json\/wp\/v2\/types\/product"}],"wp:featuredmedia":[{"embeddable":true,"href":"https:\/\/membraneswitchmfg.com\/tr\/wp-json\/wp\/v2\/media\/1749"}],"wp:attachment":[{"href":"https:\/\/membraneswitchmfg.com\/tr\/wp-json\/wp\/v2\/media?parent=1777"}],"wp:term":[{"taxonomy":"product_brand","embeddable":true,"href":"https:\/\/membraneswitchmfg.com\/tr\/wp-json\/wp\/v2\/product_brand?post=1777"},{"taxonomy":"product_cat","embeddable":true,"href":"https:\/\/membraneswitchmfg.com\/tr\/wp-json\/wp\/v2\/product_cat?post=1777"},{"taxonomy":"product_tag","embeddable":true,"href":"https:\/\/membraneswitchmfg.com\/tr\/wp-json\/wp\/v2\/product_tag?post=1777"}],"curies":[{"name":"wp","href":"https:\/\/api.w.org\/{rel}","templated":true}]}}