{"id":1778,"date":"2024-06-24T05:57:57","date_gmt":"2024-06-24T05:57:57","guid":{"rendered":"https:\/\/membraneswitchmfg.com\/manufacturer\/nameplate\/"},"modified":"2024-07-25T09:10:27","modified_gmt":"2024-07-25T09:10:27","slug":"nameplate","status":"publish","type":"product","link":"https:\/\/membraneswitchmfg.com\/tr\/manufacturer\/nameplate\/","title":{"rendered":"\u0130sim Levhas\u0131"},"content":{"rendered":"<h2><strong><b>\u0130sim Levhalar\u0131: \u00dcr\u00fcn\u00fcn\u00fcz\u00fcn Kimli\u011fini ve \u0130\u015flevselli\u011fini Geli\u015ftirin<\/b><\/strong><\/h2>\n<p><strong>\u00dcr\u00fcn\u00fcn\u00fcz\u00fcn Kimli\u011fini Y\u00fckseltin<\/strong><\/p>\n<p>\u0130sim levhalar\u0131, marka kimli\u011finizin olu\u015fturulmas\u0131nda hayati bir rol oynar:<\/p>\n<ul>\n<li><strong>\u015eirket logonuzun ve markan\u0131z\u0131n belirgin bir \u015fekilde sergilenmesi<\/strong><\/li>\n<li><strong>Marka mesaj\u0131n\u0131z\u0131 ve de\u011ferlerinizi g\u00fc\u00e7lendirmek<\/strong><\/li>\n<li><strong>Uyumlu ve profesyonel bir marka imaj\u0131 olu\u015fturmak<\/strong><\/li>\n<\/ul>\n<p><strong>Temel Bilgileri Aktar\u0131n<\/strong><\/p>\n<p>\u0130sim plakalar\u0131, a\u015fa\u011f\u0131dakiler de dahil olmak \u00fczere temel \u00fcr\u00fcn bilgilerini etkili bir \u015fekilde iletir:<\/p>\n<ul>\n<li><strong>\u00dcr\u00fcn ad\u0131 ve model numaras\u0131<\/strong><\/li>\n<li><strong>D\u00fczenleyici i\u015faretler ve sertifikalar<\/strong><\/li>\n<li><strong>Operasyonel talimatlar ve uyar\u0131lar<\/strong><\/li>\n<li><strong>Destek i\u00e7in ileti\u015fim bilgileri<\/strong><\/li>\n<\/ul>\n<p><strong>\u00dcr\u00fcn \u0130\u015flevselli\u011fini Geli\u015ftirin<\/strong><\/p>\n<p>\u0130sim levhalar\u0131, a\u015fa\u011f\u0131daki gibi i\u015flevsel unsurlar\u0131 da i\u00e7erebilir:<\/p>\n<ul>\n<li><strong>Kullan\u0131c\u0131 etkile\u015fimi i\u00e7in basmal\u0131 d\u00fc\u011fme membran anahtarlar\u0131<\/strong><\/li>\n<li><strong>Durum g\u00fcncellemeleri i\u00e7in LED g\u00f6stergeler<\/strong><\/li>\n<li><strong>Kolay tan\u0131mlama i\u00e7in barkod etiketleri<\/strong><\/li>\n<\/ul>\n<p><strong>Uygulamalar<\/strong><\/p>\n<p>\u0130sim levhalar\u0131, a\u015fa\u011f\u0131dakiler de dahil olmak \u00fczere \u00e7ok \u00e7e\u015fitli uygulamalarda yayg\u0131n olarak kullan\u0131lmaktad\u0131r:<\/p>\n<ul>\n<li><strong>End\u00fcstriyel kontrol panelleri<\/strong><\/li>\n<li><strong>T\u0131bbi cihazlar<\/strong><\/li>\n<li><strong>T\u00fcketici elektroni\u011fi<\/strong><\/li>\n<li><strong>Aletler<\/strong><\/li>\n<li><strong>Makine ve ekipman<\/strong><\/li>\n<\/ul>\n<p><strong>\u00d6zelle\u015ftirilebilir \u00c7\u00f6z\u00fcmler<\/strong><\/p>\n<p>\u00d6zel ihtiya\u00e7lar\u0131n\u0131z\u0131 kar\u015f\u0131lamak i\u00e7in a\u015fa\u011f\u0131dakiler de dahil olmak \u00fczere \u00e7ok \u00e7e\u015fitli \u00f6zelle\u015ftirme se\u00e7enekleri sunuyoruz:<\/p>\n<ul>\n<li><strong>\u00c7e\u015fitli malzemeler ve kaplamalar<\/strong><\/li>\n<li><strong>\u00d6zel grafikler ve tasar\u0131mlar<\/strong><\/li>\n<li><strong>Arka ayd\u0131nlatma ve ayd\u0131nlatma se\u00e7enekleri<\/strong><\/li>\n<li><strong>Kabartma ve dokular<\/strong><\/li>\n<\/ul>\n<p><strong>Deneyimli Bir \u0130sim Plakas\u0131 \u00dcreticisi ile \u0130\u015f Orta\u011f\u0131 Olun<\/strong><\/p>\n<p>Y\u0131llara dayanan uzmanl\u0131\u011f\u0131m\u0131z ve kaliteye olan ba\u011fl\u0131l\u0131\u011f\u0131m\u0131zla, \u00f6zel isim plakalar\u0131 i\u00e7in g\u00fcvenilir kayna\u011f\u0131n\u0131z\u0131z. Uzman ekibimiz, \u00fcr\u00fcn\u00fcn\u00fcz\u00fcn kimli\u011fini, i\u015flevselli\u011fini ve estetik \u00e7ekicili\u011fini geli\u015ftirmek i\u00e7in m\u00fckemmel isim plakalar\u0131 tasarlaman\u0131za ve \u00fcretmenize yard\u0131mc\u0131 olabilir.<\/p>\n<p>\u0130sim plakas\u0131 \u00e7\u00f6z\u00fcmlerimiz ve \u00fcr\u00fcnlerinizi geli\u015ftirmenize nas\u0131l yard\u0131mc\u0131 olabilece\u011fimiz hakk\u0131nda daha fazla bilgi edinmek i\u00e7in bug\u00fcn bize ula\u015f\u0131n.<\/p>\n<p><strong>Ek Anahtar Kelimeler:<\/strong>\u00a0basmal\u0131 d\u00fc\u011fme membran anahtar\u0131, anahtar tipi membran, \u0130sim plakas\u0131<\/p>","protected":false},"excerpt":{"rendered":"<p>\u00d6n paneller veya tan\u0131mlama plakalar\u0131 olarak da bilinen isim plakalar\u0131, elektronik cihaz\u0131n\u0131z\u0131n y\u00fcz\u00fc olarak hizmet eder, \u00f6nemli bilgileri iletir ve genel estetik \u00e7ekicili\u011fini art\u0131r\u0131r. Bu dayan\u0131kl\u0131 paneller tipik olarak plastik veya metalden yap\u0131l\u0131r ve \u015firket logolar\u0131, marka \u00f6\u011feleri ve \u00fcr\u00fcn \u00f6zellikleriyle \u00f6zel olarak bas\u0131l\u0131r.<\/p>","protected":false},"featured_media":1755,"template":"","meta":[],"product_brand":[],"product_cat":[15],"product_tag":[],"class_list":{"0":"post-1778","1":"product","2":"type-product","3":"status-publish","4":"has-post-thumbnail","6":"product_cat-print-label","8":"first","9":"instock","10":"shipping-taxable","11":"product-type-simple"},"_links":{"self":[{"href":"https:\/\/membraneswitchmfg.com\/tr\/wp-json\/wp\/v2\/product\/1778","targetHints":{"allow":["GET"]}}],"collection":[{"href":"https:\/\/membraneswitchmfg.com\/tr\/wp-json\/wp\/v2\/product"}],"about":[{"href":"https:\/\/membraneswitchmfg.com\/tr\/wp-json\/wp\/v2\/types\/product"}],"wp:featuredmedia":[{"embeddable":true,"href":"https:\/\/membraneswitchmfg.com\/tr\/wp-json\/wp\/v2\/media\/1755"}],"wp:attachment":[{"href":"https:\/\/membraneswitchmfg.com\/tr\/wp-json\/wp\/v2\/media?parent=1778"}],"wp:term":[{"taxonomy":"product_brand","embeddable":true,"href":"https:\/\/membraneswitchmfg.com\/tr\/wp-json\/wp\/v2\/product_brand?post=1778"},{"taxonomy":"product_cat","embeddable":true,"href":"https:\/\/membraneswitchmfg.com\/tr\/wp-json\/wp\/v2\/product_cat?post=1778"},{"taxonomy":"product_tag","embeddable":true,"href":"https:\/\/membraneswitchmfg.com\/tr\/wp-json\/wp\/v2\/product_tag?post=1778"}],"curies":[{"name":"wp","href":"https:\/\/api.w.org\/{rel}","templated":true}]}}