{"id":1779,"date":"2024-06-24T05:57:57","date_gmt":"2024-06-24T05:57:57","guid":{"rendered":"https:\/\/membraneswitchmfg.com\/manufacturer\/label\/"},"modified":"2024-07-25T09:16:57","modified_gmt":"2024-07-25T09:16:57","slug":"label","status":"publish","type":"product","link":"https:\/\/membraneswitchmfg.com\/tr\/manufacturer\/label\/","title":{"rendered":"Etiket"},"content":{"rendered":"<h2><strong><b>Etiketler: \u00dcr\u00fcn Tan\u0131mlama ve \u0130leti\u015fimin Geli\u015ftirilmesi<\/b><\/strong><\/h2>\n<p><strong>Etkili \u00dcr\u00fcn Tan\u0131mlama<\/strong><\/p>\n<p>Etiketler, \u00fcr\u00fcn tan\u0131mlamada \u00e7ok \u00f6nemli bir rol oynar:<\/p>\n<ul>\n<li><strong>\u00dcr\u00fcn adlar\u0131n\u0131n, logolar\u0131n ve ticari markalar\u0131n g\u00f6r\u00fcnt\u00fclenmesi<\/strong><\/li>\n<li><strong>Benzersiz seri numaralar\u0131 veya barkodlar sa\u011flama<\/strong><\/li>\n<li><strong>\u00dcr\u00fcn spesifikasyonlar\u0131n\u0131n ve \u00f6zelliklerinin iletilmesi<\/strong><\/li>\n<\/ul>\n<p><strong>Mevzuat Uyumlulu\u011funun Sa\u011flanmas\u0131<\/strong><\/p>\n<p>Etiketler, a\u015fa\u011f\u0131dakiler de dahil olmak \u00fczere \u00e7e\u015fitli y\u00f6netmelik ve standartlara uygunlu\u011fun sa\u011flanmas\u0131 i\u00e7in gereklidir:<\/p>\n<ul>\n<li><strong>G\u00fcvenlik uyar\u0131lar\u0131 ve talimatlar\u0131<\/strong><\/li>\n<li><strong>Malzeme i\u00e7erik bilgileri<\/strong><\/li>\n<li><strong>Bertaraf ve geri d\u00f6n\u00fc\u015f\u00fcm talimatlar\u0131<\/strong><\/li>\n<\/ul>\n<p><strong>\u0130leti\u015fim ve Markala\u015fman\u0131n Geli\u015ftirilmesi<\/strong><\/p>\n<p>Etiketler ayr\u0131ca ileti\u015fim ve markala\u015fmay\u0131 geli\u015ftirmek i\u00e7in de kullan\u0131labilir:<\/p>\n<ul>\n<li><strong>\u015eirket logolar\u0131n\u0131n ve marka \u00f6\u011felerinin g\u00f6r\u00fcnt\u00fclenmesi<\/strong><\/li>\n<li><strong>Marka mesajlar\u0131n\u0131n ve de\u011ferlerinin g\u00fc\u00e7lendirilmesi<\/strong><\/li>\n<li><strong>Uyumlu ve profesyonel bir marka imaj\u0131 olu\u015fturmak<\/strong><\/li>\n<\/ul>\n<p><strong>Uygulamalar<\/strong><\/p>\n<p>Etiketler, a\u015fa\u011f\u0131dakiler de dahil olmak \u00fczere \u00e7ok \u00e7e\u015fitli uygulamalarda yayg\u0131n olarak kullan\u0131lmaktad\u0131r:<\/p>\n<ul>\n<li><strong>T\u00fcketici elektroni\u011fi<\/strong><\/li>\n<li><strong>T\u0131bbi cihazlar<\/strong><\/li>\n<li><strong>G\u0131da ve i\u00e7ecek ambalajlar\u0131<\/strong><\/li>\n<li><strong>End\u00fcstriyel \u00fcr\u00fcnler<\/strong><\/li>\n<li><strong>Nakliye ve lojistik<\/strong><\/li>\n<\/ul>\n<p><strong>\u00d6zelle\u015ftirilebilir \u00c7\u00f6z\u00fcmler<\/strong><\/p>\n<p>\u00d6zel ihtiya\u00e7lar\u0131n\u0131z\u0131 kar\u015f\u0131lamak i\u00e7in a\u015fa\u011f\u0131dakiler de dahil olmak \u00fczere \u00e7ok \u00e7e\u015fitli \u00f6zelle\u015ftirme se\u00e7enekleri sunuyoruz:<\/p>\n<ul>\n<li><strong>\u00c7e\u015fitli malzemeler ve kaplamalar<\/strong><\/li>\n<li><strong>\u00d6zel bask\u0131 ve grafikler<\/strong><\/li>\n<li><strong>Kal\u0131p kesim ve \u015fekiller<\/strong><\/li>\n<li><strong>Yap\u0131\u015ft\u0131r\u0131c\u0131 se\u00e7enekleri<\/strong><\/li>\n<\/ul>\n<p><strong>Deneyimli Bir Etiket \u00dcreticisiyle \u0130\u015f Orta\u011f\u0131 Olun<\/strong><\/p>\n<p>Y\u0131llara dayanan uzmanl\u0131\u011f\u0131m\u0131z ve kaliteye olan ba\u011fl\u0131l\u0131\u011f\u0131m\u0131zla, \u00f6zel etiketler i\u00e7in g\u00fcvenilir kayna\u011f\u0131n\u0131z\u0131z. Uzman ekibimiz, \u00fcr\u00fcn tan\u0131mlaman\u0131z\u0131, ileti\u015fiminizi ve markala\u015fman\u0131z\u0131 geli\u015ftirmek i\u00e7in m\u00fckemmel etiketleri tasarlaman\u0131za ve \u00fcretmenize yard\u0131mc\u0131 olabilir.<\/p>\n<p><strong>Bug\u00fcn bize ula\u015f\u0131n<\/strong>\u00a0etiket \u00e7\u00f6z\u00fcmlerimiz hakk\u0131nda daha fazla bilgi edinmek ve \u00fcr\u00fcnlerinizi geli\u015ftirmenize nas\u0131l yard\u0131mc\u0131 olabilece\u011fimizi \u00f6\u011frenmek i\u00e7in.<\/p>","protected":false},"excerpt":{"rendered":"<p>Etiketler, \u00fcr\u00fcnler hakk\u0131nda net ve \u00f6zl\u00fc bilgiler sa\u011flayan, do\u011fru kullan\u0131mlar\u0131n\u0131, tan\u0131mlanmalar\u0131n\u0131 ve y\u00f6netmeliklere uygunluklar\u0131n\u0131 sa\u011flayan temel bile\u015fenlerdir. Bu \u00e7ok y\u00f6nl\u00fc etiketler ambalaj, bile\u015fenler ve mamul \u00fcr\u00fcnler dahil olmak \u00fczere \u00e7ok \u00e7e\u015fitli y\u00fczeylere yap\u0131\u015ft\u0131r\u0131labilir.<\/p>","protected":false},"featured_media":1750,"template":"","meta":[],"product_brand":[],"product_cat":[15],"product_tag":[],"class_list":{"0":"post-1779","1":"product","2":"type-product","3":"status-publish","4":"has-post-thumbnail","6":"product_cat-print-label","8":"first","9":"instock","10":"shipping-taxable","11":"product-type-simple"},"_links":{"self":[{"href":"https:\/\/membraneswitchmfg.com\/tr\/wp-json\/wp\/v2\/product\/1779","targetHints":{"allow":["GET"]}}],"collection":[{"href":"https:\/\/membraneswitchmfg.com\/tr\/wp-json\/wp\/v2\/product"}],"about":[{"href":"https:\/\/membraneswitchmfg.com\/tr\/wp-json\/wp\/v2\/types\/product"}],"wp:featuredmedia":[{"embeddable":true,"href":"https:\/\/membraneswitchmfg.com\/tr\/wp-json\/wp\/v2\/media\/1750"}],"wp:attachment":[{"href":"https:\/\/membraneswitchmfg.com\/tr\/wp-json\/wp\/v2\/media?parent=1779"}],"wp:term":[{"taxonomy":"product_brand","embeddable":true,"href":"https:\/\/membraneswitchmfg.com\/tr\/wp-json\/wp\/v2\/product_brand?post=1779"},{"taxonomy":"product_cat","embeddable":true,"href":"https:\/\/membraneswitchmfg.com\/tr\/wp-json\/wp\/v2\/product_cat?post=1779"},{"taxonomy":"product_tag","embeddable":true,"href":"https:\/\/membraneswitchmfg.com\/tr\/wp-json\/wp\/v2\/product_tag?post=1779"}],"curies":[{"name":"wp","href":"https:\/\/api.w.org\/{rel}","templated":true}]}}