{"id":1781,"date":"2024-06-24T05:57:57","date_gmt":"2024-06-24T05:57:57","guid":{"rendered":"https:\/\/membraneswitchmfg.com\/manufacturer\/membrane-switch-back-support\/"},"modified":"2024-07-25T08:37:56","modified_gmt":"2024-07-25T08:37:56","slug":"membrane-switch-back-support","status":"publish","type":"product","link":"https:\/\/membraneswitchmfg.com\/tr\/manufacturer\/membrane-switch-back-support\/","title":{"rendered":"Membran Anahtar + S\u0131rt Deste\u011fi"},"content":{"rendered":"<h2><strong><b>Membran Anahtar + S\u0131rt Deste\u011fi: Geli\u015fmi\u015f Dayan\u0131kl\u0131l\u0131k ve \u0130\u015flevsellik<\/b><\/strong><\/h2>\n<p><strong>Geli\u015ftirilmi\u015f Dayan\u0131kl\u0131l\u0131k ve Stabilite<\/strong><\/p>\n<p>S\u0131rt deste\u011fi, membran anahtar i\u00e7in sa\u011flam bir temel sa\u011flayarak dayan\u0131kl\u0131l\u0131\u011f\u0131n\u0131 ve kullan\u0131m \u00f6mr\u00fcn\u00fc \u00f6nemli \u00f6l\u00e7\u00fcde art\u0131r\u0131r. Bu, \u00f6zellikle anahtar\u0131n s\u0131k kullan\u0131ma veya zorlu ko\u015fullara maruz kald\u0131\u011f\u0131 ortamlarda faydal\u0131d\u0131r.<\/p>\n<ul>\n<li><strong>Deformasyona ve a\u015f\u0131nmaya kar\u015f\u0131 dayan\u0131kl\u0131d\u0131r<\/strong><\/li>\n<li><strong>Anahtar\u0131 darbelere ve titre\u015fimlere kar\u015f\u0131 korur<\/strong><\/li>\n<li><strong>Anahtar\u0131n kullan\u0131m \u00f6mr\u00fcn\u00fc uzat\u0131r<\/strong><\/li>\n<\/ul>\n<p><strong>Geli\u015ftirilmi\u015f \u0130\u015flevsellik ve Montaj Se\u00e7enekleri<\/strong><\/p>\n<p>Arka destek, membran anahtar\u0131n g\u00fcvenli ve hassas bir \u015fekilde monte edilmesini kolayla\u015ft\u0131rarak do\u011fru hizalama ve \u00e7al\u0131\u015fmay\u0131 sa\u011flar. Ayr\u0131ca LED'ler ve konekt\u00f6rler gibi ek bile\u015fenlerin entegrasyonuna da olanak sa\u011flar.<\/p>\n<ul>\n<li><strong>G\u00f6mme veya y\u00fckseltilmi\u015f montaja olanak sa\u011flar<\/strong><\/li>\n<li><strong>Montaj delikleri ve saplamalar sa\u011flar<\/strong><\/li>\n<li><strong>Elektronik entegrasyonuna izin verir<\/strong><\/li>\n<\/ul>\n<p><strong>Geli\u015ftirilmi\u015f Estetik ve Profesyonel G\u00f6r\u00fcn\u00fcm<\/strong><\/p>\n<p>S\u0131rt deste\u011fi, membran anahtar\u0131n genel esteti\u011fini geli\u015ftirerek daha profesyonel ve g\u00f6rsel olarak \u00e7ekici bir g\u00f6r\u00fcn\u00fcm yarat\u0131r. Cihaz\u0131n tasar\u0131m\u0131na uyacak \u015fekilde renkler, dokular ve kaplamalarla \u00f6zelle\u015ftirilebilir.<\/p>\n<ul>\n<li><strong>\u015e\u0131k ve modern tasar\u0131m<\/strong><\/li>\n<li><strong>Renk ve y\u00fczey \u00e7e\u015fitlili\u011fi<\/strong><\/li>\n<li><strong>\u00d6zelle\u015ftirilebilir grafikler ve logolar<\/strong><\/li>\n<\/ul>\n<p><strong>Uygulamalar<\/strong><\/p>\n<p>S\u0131rt destekli membran anahtarlar, a\u015fa\u011f\u0131dakiler de dahil olmak \u00fczere \u00e7e\u015fitli uygulamalarda yayg\u0131n olarak kullan\u0131lmaktad\u0131r:<\/p>\n<ul>\n<li><strong>End\u00fcstriyel kontrol panelleri<\/strong><\/li>\n<li><strong>T\u0131bbi cihazlar<\/strong><\/li>\n<li><strong>T\u00fcketici elektroni\u011fi<\/strong><\/li>\n<li><strong>Telekom\u00fcnikasyon ekipmanlar\u0131<\/strong><\/li>\n<li><strong>Ula\u015f\u0131m konsollar\u0131<\/strong><\/li>\n<\/ul>\n<p><strong>\u00d6zelle\u015ftirilebilir \u00c7\u00f6z\u00fcmler<\/strong><\/p>\n<p>\u00d6zel ihtiya\u00e7lar\u0131n\u0131z\u0131 kar\u015f\u0131lamak i\u00e7in a\u015fa\u011f\u0131dakiler de dahil olmak \u00fczere \u00e7ok \u00e7e\u015fitli \u00f6zelle\u015ftirme se\u00e7enekleri sunuyoruz:<\/p>\n<ul>\n<li><strong>\u00c7e\u015fitli s\u0131rt destek malzemeleri (al\u00fcminyum, plastik, vb.)<\/strong><\/li>\n<li><strong>\u00d6zel boyutlar ve \u015fekiller<\/strong><\/li>\n<li><strong>Bile\u015fenler i\u00e7in kesikler ve delikler<\/strong><\/li>\n<li><strong>Y\u00fczey i\u015flemleri ve kaplamalar<\/strong><\/li>\n<\/ul>\n<p><strong>Deneyimli Bir Membran Anahtar \u00dcreticisi ile \u0130\u015f Orta\u011f\u0131 Olun<\/strong><\/p>\n<p>Y\u0131llar\u0131n uzmanl\u0131\u011f\u0131 ve kaliteye olan ba\u011fl\u0131l\u0131\u011f\u0131m\u0131zla, s\u0131rt destekli \u00f6zel membran anahtarlar i\u00e7in g\u00fcvenilir kayna\u011f\u0131n\u0131z\u0131z. Uzman ekibimiz, \u00fcr\u00fcn\u00fcn\u00fcz\u00fcn dayan\u0131kl\u0131l\u0131\u011f\u0131n\u0131, i\u015flevselli\u011fini ve estetik \u00e7ekicili\u011fini art\u0131rmak i\u00e7in m\u00fckemmel anahtarlar\u0131 tasarlaman\u0131za ve \u00fcretmenize yard\u0131mc\u0131 olabilir.<\/p>\n<p><strong>Bug\u00fcn bize ula\u015f\u0131n<\/strong>\u00a0s\u0131rt destekli membran anahtar \u00e7\u00f6z\u00fcmlerimiz ve \u00fcr\u00fcnlerinizi geli\u015ftirmenize nas\u0131l yard\u0131mc\u0131 olabilece\u011fimiz hakk\u0131nda daha fazla bilgi edinmek i\u00e7in.<\/p>\n<p><strong>Ek Anahtar Kelimeler:<\/strong>\u00a0esnek membran anahtar, a\u00e7ma kapama membran anahtar\u0131<\/p>","protected":false},"excerpt":{"rendered":"<p>S\u0131rt deste\u011fi ile e\u015fle\u015ftirilmi\u015f membran anahtarlar, membran anahtarlar\u0131n dokunsal geri bildirimini bir arka panelin yap\u0131sal b\u00fct\u00fcnl\u00fc\u011f\u00fc ile birle\u015ftirerek kullan\u0131c\u0131 aray\u00fczleri i\u00e7in sa\u011flam ve \u00e7ok y\u00f6nl\u00fc bir \u00e7\u00f6z\u00fcm sunar. Bu entegrasyon, anahtar\u0131n dayan\u0131kl\u0131l\u0131\u011f\u0131n\u0131, i\u015flevselli\u011fini ve estetik \u00e7ekicili\u011fini art\u0131rarak onu \u00e7ok \u00e7e\u015fitli uygulamalar i\u00e7in ideal hale getirir.<\/p>","protected":false},"featured_media":1754,"template":"","meta":[],"product_brand":[],"product_cat":[40],"product_tag":[],"class_list":{"0":"post-1781","1":"product","2":"type-product","3":"status-publish","4":"has-post-thumbnail","6":"product_cat-membrane-switch","8":"first","9":"instock","10":"shipping-taxable","11":"product-type-simple"},"_links":{"self":[{"href":"https:\/\/membraneswitchmfg.com\/tr\/wp-json\/wp\/v2\/product\/1781","targetHints":{"allow":["GET"]}}],"collection":[{"href":"https:\/\/membraneswitchmfg.com\/tr\/wp-json\/wp\/v2\/product"}],"about":[{"href":"https:\/\/membraneswitchmfg.com\/tr\/wp-json\/wp\/v2\/types\/product"}],"wp:featuredmedia":[{"embeddable":true,"href":"https:\/\/membraneswitchmfg.com\/tr\/wp-json\/wp\/v2\/media\/1754"}],"wp:attachment":[{"href":"https:\/\/membraneswitchmfg.com\/tr\/wp-json\/wp\/v2\/media?parent=1781"}],"wp:term":[{"taxonomy":"product_brand","embeddable":true,"href":"https:\/\/membraneswitchmfg.com\/tr\/wp-json\/wp\/v2\/product_brand?post=1781"},{"taxonomy":"product_cat","embeddable":true,"href":"https:\/\/membraneswitchmfg.com\/tr\/wp-json\/wp\/v2\/product_cat?post=1781"},{"taxonomy":"product_tag","embeddable":true,"href":"https:\/\/membraneswitchmfg.com\/tr\/wp-json\/wp\/v2\/product_tag?post=1781"}],"curies":[{"name":"wp","href":"https:\/\/api.w.org\/{rel}","templated":true}]}}