{"id":1782,"date":"2024-06-24T05:57:57","date_gmt":"2024-06-24T05:57:57","guid":{"rendered":"https:\/\/membraneswitchmfg.com\/manufacturer\/membrane-switch-touch-screen\/"},"modified":"2024-06-25T13:51:39","modified_gmt":"2024-06-25T13:51:39","slug":"membrane-switch-touch-screen","status":"publish","type":"product","link":"https:\/\/membraneswitchmfg.com\/tr\/manufacturer\/membrane-switch-touch-screen\/","title":{"rendered":"Membran Anahtar + Dokunmatik Ekran"},"content":{"rendered":"<h2><strong><b>Membran Anahtar + Dokunmatik Ekran: Geli\u015fmi\u015f Kullan\u0131c\u0131 Deneyimi i\u00e7in Kusursuz Entegrasyon<\/b><\/strong><\/h2>\n<p><strong>Geli\u015fmi\u015f Kullan\u0131c\u0131 Deneyimi ve Eri\u015filebilirlik<\/strong><\/p>\n<p>Dokunmatik ekranl\u0131 membran anahtarlar, a\u015fa\u011f\u0131dakileri sa\u011flayarak daha sezgisel ve kullan\u0131c\u0131 dostu bir aray\u00fcz sunar:<\/p>\n<ul>\n<li><strong>Dokunsal geri bildirimi g\u00f6rsel ipu\u00e7lar\u0131yla birle\u015ftirme<\/strong><\/li>\n<li><strong>Kolay gezinme ve se\u00e7im olana\u011f\u0131 sa\u011flama<\/strong><\/li>\n<li><strong>Daha geni\u015f bir kullan\u0131c\u0131 tercihi yelpazesine hitap etme<\/strong><\/li>\n<\/ul>\n<p><strong>Art\u0131r\u0131lm\u0131\u015f \u0130\u015flevsellik ve \u00d6zelle\u015ftirme<\/strong><\/p>\n<p>Bu entegrasyon, a\u015fa\u011f\u0131dakiler gibi geli\u015fmi\u015f \u00f6zelliklerin dahil edilmesine olanak tan\u0131r:<\/p>\n<ul>\n<li><strong>\u00d6zelle\u015ftirilebilir grafikler ve simgeler<\/strong><\/li>\n<li><strong>\u0130nteraktif men\u00fcler ve ekranlar<\/strong><\/li>\n<li><strong>Veri giri\u015fi ve kontrol<\/strong><\/li>\n<\/ul>\n<p><strong>\u00c7e\u015fitli Tasar\u0131m Se\u00e7enekleri<\/strong><\/p>\n<p>Dokunmatik ekranl\u0131 membran anahtarlar, a\u015fa\u011f\u0131dakiler dahil olmak \u00fczere belirli tasar\u0131m gereksinimlerini kar\u015f\u0131layacak \u015fekilde \u00f6zelle\u015ftirilebilir:<\/p>\n<ul>\n<li><strong>\u00c7e\u015fitli anahtar boyutlar\u0131 ve konfig\u00fcrasyonlar\u0131<\/strong><\/li>\n<li><strong>Dokunmatik ekran boyutlar\u0131 ve teknolojileri<\/strong><\/li>\n<li><strong>Arka ayd\u0131nlatma ve ayd\u0131nlatma se\u00e7enekleri<\/strong><\/li>\n<li><strong>Cihaz tasar\u0131m\u0131yla estetik entegrasyon<\/strong><\/li>\n<\/ul>\n<p><strong>Uygulamalar<\/strong><\/p>\n<p>Dokunmatik ekranl\u0131 membran anahtarlar, a\u015fa\u011f\u0131dakiler dahil olmak \u00fczere \u00e7e\u015fitli uygulamalarda yayg\u0131n olarak kullan\u0131lmaktad\u0131r:<\/p>\n<ul>\n<li><strong>End\u00fcstriyel kontrol panelleri<\/strong><\/li>\n<li><strong>T\u0131bbi cihazlar<\/strong><\/li>\n<li><strong>T\u00fcketici elektroni\u011fi<\/strong><\/li>\n<li><strong>Ev aletleri<\/strong><\/li>\n<li><strong>Halka a\u00e7\u0131k kiosklar<\/strong><\/li>\n<\/ul>\n<p><strong>\u00d6zelle\u015ftirilebilir \u00c7\u00f6z\u00fcmler<\/strong><\/p>\n<p>\u00d6zel ihtiya\u00e7lar\u0131n\u0131z\u0131 kar\u015f\u0131lamak i\u00e7in a\u015fa\u011f\u0131dakiler de dahil olmak \u00fczere \u00e7ok \u00e7e\u015fitli \u00f6zelle\u015ftirme se\u00e7enekleri sunuyoruz:<\/p>\n<ul>\n<li><strong>Membran anahtar malzemeleri ve stilleri se\u00e7imi<\/strong><\/li>\n<li><strong>Dokunmatik ekran teknolojisi ve \u00e7\u00f6z\u00fcn\u00fcrl\u00fc\u011f\u00fc<\/strong><\/li>\n<li><strong>\u00d6zel grafikler ve kullan\u0131c\u0131 aray\u00fcz\u00fc tasar\u0131m\u0131<\/strong><\/li>\n<li><strong>Ek bile\u015fenlerle entegrasyon<\/strong><\/li>\n<\/ul>\n<p><strong>Deneyimli Bir Membran Anahtar ve Dokunmatik Ekran \u00dcreticisiyle Ortakl\u0131k Kurun<\/strong><\/p>\n<p>Y\u0131llar\u0131n uzmanl\u0131\u011f\u0131 ve kaliteye olan ba\u011fl\u0131l\u0131\u011f\u0131m\u0131zla, dokunmatik ekranl\u0131 \u00f6zel membran anahtarlar i\u00e7in g\u00fcvenilir kayna\u011f\u0131n\u0131z\u0131z. Uzmanlardan olu\u015fan ekibimiz, \u00fcr\u00fcn\u00fcn\u00fcz\u00fcn kullan\u0131c\u0131 deneyimini, i\u015flevselli\u011fini ve estetik \u00e7ekicili\u011fini art\u0131rmak i\u00e7in m\u00fckemmel \u00e7\u00f6z\u00fcm\u00fc tasarlaman\u0131za ve \u00fcretmenize yard\u0131mc\u0131 olabilir.<\/p>\n<p><strong>Bug\u00fcn bize ula\u015f\u0131n<\/strong>\u00a0membran anahtar ve dokunmatik ekran \u00e7\u00f6z\u00fcmlerimiz ve \u00fcr\u00fcnlerinizi nas\u0131l y\u00fckseltebilece\u011fimiz hakk\u0131nda daha fazla bilgi edinmek i\u00e7in.<\/p>","protected":false},"excerpt":{"rendered":"<p>Membran anahtarlar\u0131 ve dokunmatik ekranlar, membran anahtarlar\u0131n\u0131n dokunsal geri bildirimi ile dokunmatik ekranlar\u0131n g\u00f6rsel etkile\u015fimini birle\u015ftiren bir kullan\u0131c\u0131 aray\u00fcz\u00fc olu\u015fturmak i\u00e7in sorunsuz bir \u015fekilde entegre edilebilir. Bu yenilik\u00e7i kombinasyon, \u00e7ok \u00e7e\u015fitli uygulamalar i\u00e7in \u00e7ok y\u00f6nl\u00fc ve kullan\u0131c\u0131 dostu bir \u00e7\u00f6z\u00fcm sunar.<\/p>","protected":false},"featured_media":1762,"template":"","meta":[],"product_brand":[],"product_cat":[40],"product_tag":[],"class_list":{"0":"post-1782","1":"product","2":"type-product","3":"status-publish","4":"has-post-thumbnail","6":"product_cat-membrane-switch","8":"first","9":"instock","10":"shipping-taxable","11":"product-type-simple"},"_links":{"self":[{"href":"https:\/\/membraneswitchmfg.com\/tr\/wp-json\/wp\/v2\/product\/1782","targetHints":{"allow":["GET"]}}],"collection":[{"href":"https:\/\/membraneswitchmfg.com\/tr\/wp-json\/wp\/v2\/product"}],"about":[{"href":"https:\/\/membraneswitchmfg.com\/tr\/wp-json\/wp\/v2\/types\/product"}],"wp:featuredmedia":[{"embeddable":true,"href":"https:\/\/membraneswitchmfg.com\/tr\/wp-json\/wp\/v2\/media\/1762"}],"wp:attachment":[{"href":"https:\/\/membraneswitchmfg.com\/tr\/wp-json\/wp\/v2\/media?parent=1782"}],"wp:term":[{"taxonomy":"product_brand","embeddable":true,"href":"https:\/\/membraneswitchmfg.com\/tr\/wp-json\/wp\/v2\/product_brand?post=1782"},{"taxonomy":"product_cat","embeddable":true,"href":"https:\/\/membraneswitchmfg.com\/tr\/wp-json\/wp\/v2\/product_cat?post=1782"},{"taxonomy":"product_tag","embeddable":true,"href":"https:\/\/membraneswitchmfg.com\/tr\/wp-json\/wp\/v2\/product_tag?post=1782"}],"curies":[{"name":"wp","href":"https:\/\/api.w.org\/{rel}","templated":true}]}}