{"id":1783,"date":"2024-06-24T05:57:57","date_gmt":"2024-06-24T05:57:57","guid":{"rendered":"https:\/\/membraneswitchmfg.com\/manufacturer\/oca-membrane-switch-keypad\/"},"modified":"2024-06-25T14:00:06","modified_gmt":"2024-06-25T14:00:06","slug":"oca-membrane-switch-keypad","status":"publish","type":"product","link":"https:\/\/membraneswitchmfg.com\/tr\/manufacturer\/oca-membrane-switch-keypad\/","title":{"rendered":"OCA Membran Anahtar Tu\u015f Tak\u0131m\u0131"},"content":{"rendered":"<h2><strong><b>OCA Membran Anahtar Tu\u015f Tak\u0131m\u0131: Geli\u015fmi\u015f Dayan\u0131kl\u0131l\u0131k ve Dokunsal Tepki<\/b><\/strong><\/h2>\n<p><strong>Geli\u015ftirilmi\u015f Dayan\u0131kl\u0131l\u0131k ve Su Direnci<\/strong><\/p>\n<p>OCA membran anahtar tu\u015f tak\u0131mlar\u0131 son derece dayan\u0131kl\u0131d\u0131r, zorlu ko\u015fullara ve s\u0131k kullan\u0131ma dayan\u0131r. OCA katman\u0131 nem, toz ve kirleticilere kar\u015f\u0131 koruyucu bir bariyer sa\u011flayarak tu\u015f tak\u0131m\u0131n\u0131n \u00f6mr\u00fcn\u00fc uzat\u0131r.<\/p>\n<ul>\n<li><strong>Suya, kimyasallara ve UV \u0131\u015f\u0131nlar\u0131na dayan\u0131kl\u0131<\/strong><\/li>\n<li><strong>A\u015f\u0131r\u0131 s\u0131cakl\u0131klara ve titre\u015fimlere dayan\u0131kl\u0131d\u0131r<\/strong><\/li>\n<li><strong>D\u0131\u015f mekan ve end\u00fcstriyel ortamlar i\u00e7in uygundur<\/strong><\/li>\n<\/ul>\n<p><strong>\u00dcst\u00fcn Dokunsal Tepki ve Net Geri Bildirim<\/strong><\/p>\n<p>OCA membran anahtarl\u0131 tu\u015f tak\u0131mlar\u0131 hassas ve tutarl\u0131 bir dokunsal tepki sunarak do\u011fru ve g\u00fcvenilir kullan\u0131c\u0131 giri\u015fi sa\u011flar. OCA katman\u0131, tu\u015f hareketini geli\u015ftirir ve olumlu kullan\u0131c\u0131 onay\u0131 i\u00e7in net bir t\u0131klama geri bildirimi sa\u011flar.<\/p>\n<ul>\n<li><strong>Hassas ve tutarl\u0131 tu\u015f \u00e7al\u0131\u015ft\u0131rma<\/strong><\/li>\n<li><strong>Dokunsal onay i\u00e7in net t\u0131klama geri bildirimi<\/strong><\/li>\n<li><strong>Hatalar\u0131 en aza indirir ve kullan\u0131c\u0131 deneyimini iyile\u015ftirir<\/strong><\/li>\n<\/ul>\n<p><strong>Geli\u015ftirilmi\u015f G\u00f6rsel Netlik ve Arka Ayd\u0131nlatma Se\u00e7enekleri<\/strong><\/p>\n<p>OCA membran anahtar tu\u015f tak\u0131mlar\u0131, lo\u015f \u0131\u015f\u0131kta bile okunmas\u0131 kolay net yaz\u0131lar ve sembollerle ola\u011fan\u00fcst\u00fc g\u00f6rsel netlik sunar. OCA katman\u0131, e\u015fit arka ayd\u0131nlatma sa\u011flayarak d\u00fc\u015f\u00fck \u0131\u015f\u0131k ko\u015fullar\u0131nda net g\u00f6r\u00fcn\u00fcrl\u00fck sa\u011flar.<\/p>\n<ul>\n<li><strong>Net ve okunakl\u0131 lejantlar ve semboller<\/strong><\/li>\n<li><strong>Geli\u015fmi\u015f g\u00f6r\u00fcn\u00fcrl\u00fck i\u00e7in tek tip arka ayd\u0131nlatma se\u00e7enekleri<\/strong><\/li>\n<li><strong>\u00d6zelle\u015ftirilebilir grafikler ve marka \u00f6\u011feleri<\/strong><\/li>\n<\/ul>\n<p><strong>Uygulamalar<\/strong><\/p>\n<p>OCA membran anahtar tu\u015f tak\u0131mlar\u0131, a\u015fa\u011f\u0131dakiler de dahil olmak \u00fczere \u00e7e\u015fitli uygulamalarda yayg\u0131n olarak kullan\u0131lmaktad\u0131r:<\/p>\n<ul>\n<li><strong>End\u00fcstriyel kontrol panelleri<\/strong><\/li>\n<li><strong>T\u0131bbi cihazlar<\/strong><\/li>\n<li><strong>T\u00fcketici elektroni\u011fi<\/strong><\/li>\n<li><strong>Telekom\u00fcnikasyon ekipmanlar\u0131<\/strong><\/li>\n<li><strong>Ula\u015f\u0131m konsollar\u0131<\/strong><\/li>\n<\/ul>\n<p><strong>\u00d6zelle\u015ftirilebilir \u00c7\u00f6z\u00fcmler<\/strong><\/p>\n<p>\u00d6zel ihtiya\u00e7lar\u0131n\u0131z\u0131 kar\u015f\u0131lamak i\u00e7in a\u015fa\u011f\u0131dakiler de dahil olmak \u00fczere \u00e7ok \u00e7e\u015fitli \u00f6zelle\u015ftirme se\u00e7enekleri sunuyoruz:<\/p>\n<ul>\n<li><strong>\u00c7e\u015fitli anahtar boyutlar\u0131, d\u00fczenleri ve konfig\u00fcrasyonlar\u0131<\/strong><\/li>\n<li><strong>\u00d6zel grafikler, lejantlar ve marka \u00f6\u011feleri<\/strong><\/li>\n<li><strong>Arka ayd\u0131nlatma se\u00e7enekleri ve renkleri<\/strong><\/li>\n<li><strong>Ek bile\u015fenlerle entegrasyon<\/strong><\/li>\n<\/ul>\n<p><strong>Deneyimli bir OCA Membran Anahtar Tu\u015f Tak\u0131m\u0131 \u00dcreticisi ile \u0130\u015f Orta\u011f\u0131 Olun<\/strong><\/p>\n<p>Y\u0131llara dayanan uzmanl\u0131\u011f\u0131m\u0131z ve kaliteye olan ba\u011fl\u0131l\u0131\u011f\u0131m\u0131zla, \u00f6zel OCA membran anahtar tu\u015f tak\u0131mlar\u0131 i\u00e7in g\u00fcvenilir kayna\u011f\u0131n\u0131z\u0131z. Uzman ekibimiz, \u00fcr\u00fcn\u00fcn\u00fcz\u00fcn dayan\u0131kl\u0131l\u0131\u011f\u0131n\u0131, dokunsal tepkisini, g\u00f6rsel netli\u011fini ve genel performans\u0131n\u0131 art\u0131rmak i\u00e7in m\u00fckemmel tu\u015f tak\u0131mlar\u0131n\u0131 tasarlaman\u0131za ve \u00fcretmenize yard\u0131mc\u0131 olabilir.<\/p>\n<p><strong>Bug\u00fcn bize ula\u015f\u0131n<\/strong>\u00a0OCA membran anahtar tu\u015f tak\u0131m\u0131 \u00e7\u00f6z\u00fcmlerimiz ve \u00fcr\u00fcnlerinizi geli\u015ftirmenize nas\u0131l yard\u0131mc\u0131 olabilece\u011fimiz hakk\u0131nda daha fazla bilgi edinmek i\u00e7in.<\/p>","protected":false},"excerpt":{"rendered":"<p>OCA (Optically Clear Adhesive) membran anahtar tu\u015f tak\u0131mlar\u0131, geleneksel membran anahtar tu\u015f tak\u0131mlar\u0131na \u00fcst\u00fcn bir alternatif sunarak geli\u015fmi\u015f dayan\u0131kl\u0131l\u0131k, dokunsal tepki ve g\u00f6rsel netlik sa\u011flar. Bu yenilik\u00e7i tu\u015f tak\u0131mlar\u0131, zorlu ortamlarda y\u00fcksek performans ve g\u00fcvenilirlik gerektiren uygulamalar i\u00e7in idealdir.<\/p>","protected":false},"featured_media":1756,"template":"","meta":[],"product_brand":[],"product_cat":[40],"product_tag":[],"class_list":{"0":"post-1783","1":"product","2":"type-product","3":"status-publish","4":"has-post-thumbnail","6":"product_cat-membrane-switch","8":"first","9":"instock","10":"shipping-taxable","11":"product-type-simple"},"_links":{"self":[{"href":"https:\/\/membraneswitchmfg.com\/tr\/wp-json\/wp\/v2\/product\/1783","targetHints":{"allow":["GET"]}}],"collection":[{"href":"https:\/\/membraneswitchmfg.com\/tr\/wp-json\/wp\/v2\/product"}],"about":[{"href":"https:\/\/membraneswitchmfg.com\/tr\/wp-json\/wp\/v2\/types\/product"}],"wp:featuredmedia":[{"embeddable":true,"href":"https:\/\/membraneswitchmfg.com\/tr\/wp-json\/wp\/v2\/media\/1756"}],"wp:attachment":[{"href":"https:\/\/membraneswitchmfg.com\/tr\/wp-json\/wp\/v2\/media?parent=1783"}],"wp:term":[{"taxonomy":"product_brand","embeddable":true,"href":"https:\/\/membraneswitchmfg.com\/tr\/wp-json\/wp\/v2\/product_brand?post=1783"},{"taxonomy":"product_cat","embeddable":true,"href":"https:\/\/membraneswitchmfg.com\/tr\/wp-json\/wp\/v2\/product_cat?post=1783"},{"taxonomy":"product_tag","embeddable":true,"href":"https:\/\/membraneswitchmfg.com\/tr\/wp-json\/wp\/v2\/product_tag?post=1783"}],"curies":[{"name":"wp","href":"https:\/\/api.w.org\/{rel}","templated":true}]}}