{"id":1786,"date":"2024-06-24T05:57:57","date_gmt":"2024-06-24T05:57:57","guid":{"rendered":"https:\/\/membraneswitchmfg.com\/manufacturer\/medical-membrane-switches\/"},"modified":"2024-06-25T13:43:30","modified_gmt":"2024-06-25T13:43:30","slug":"medical-membrane-switches","status":"publish","type":"product","link":"https:\/\/membraneswitchmfg.com\/tr\/manufacturer\/medical-membrane-switches\/","title":{"rendered":"T\u0131bbi Membran Anahtar\u0131"},"content":{"rendered":"<h2><strong><b>T\u0131bbi Membran Anahtar\u0131: Sa\u011fl\u0131k Uygulamalar\u0131 i\u00e7in Hassasiyet, G\u00fcvenilirlik ve G\u00fcvenlik<\/b><\/strong><\/h2>\n<p><strong>Hassasiyet ve Dokunsal Tepki<\/strong><\/p>\n<p>T\u0131bbi membran anahtarlar\u0131, zorlu durumlarda bile do\u011fru kullan\u0131c\u0131 girdisi sa\u011flayarak hassas \u00e7al\u0131\u015ft\u0131rma ve tutarl\u0131 bir dokunsal tepki sunar. Bu, \u00f6zellikle hassas prosed\u00fcrlerde veya hasta g\u00fcvenli\u011finin \u00e7ok \u00f6nemli oldu\u011fu durumlarda kullan\u0131lan cihazlar i\u00e7in \u00f6nemlidir.<\/p>\n<ul>\n<li><strong>Hatas\u0131z \u00e7al\u0131\u015fma i\u00e7in hassas ve tutarl\u0131 tu\u015f vuru\u015flar\u0131<\/strong><\/li>\n<li><strong>Olumlu kullan\u0131c\u0131 onay\u0131 i\u00e7in net dokunsal geri bildirim<\/strong><\/li>\n<li><strong>Y\u00fcksek hassasiyet ve kontrol gerektiren uygulamalar i\u00e7in uygundur<\/strong><\/li>\n<\/ul>\n<p><strong>G\u00fcvenilirlik ve Dayan\u0131kl\u0131l\u0131k<\/strong><\/p>\n<p>T\u0131bbi membran anahtarlar\u0131, s\u00fcrekli kullan\u0131m\u0131n ve sert temizlik maddelerinin zorluklar\u0131na dayanacak \u015fekilde \u00fcretilmi\u015ftir ve zorlu sa\u011fl\u0131k ortamlar\u0131nda uzun \u00f6m\u00fcrl\u00fc performans sa\u011flar.<\/p>\n<ul>\n<li><strong>Y\u00fcksek \u00e7evrim \u00f6mr\u00fc i\u00e7in dayan\u0131kl\u0131 yap\u0131<\/strong><\/li>\n<li><strong>S\u0131v\u0131lara, kimyasallara ve dezenfektanlara dayan\u0131kl\u0131<\/strong><\/li>\n<li><strong>Yo\u011fun trafi\u011fe sahip alanlar ve s\u0131k temizlik i\u00e7in uygundur<\/strong><\/li>\n<\/ul>\n<p><strong>G\u00fcvenlik ve Enfeksiyon Kontrol\u00fc<\/strong><\/p>\n<p>T\u0131bbi membran anahtarlar\u0131, \u00e7apraz bula\u015fma riskini en aza indiren antimikrobiyal y\u00fczeylere ve p\u00fcr\u00fczs\u00fcz, g\u00f6zeneksiz y\u00fczeylere sahip, g\u00fcvenlik g\u00f6z \u00f6n\u00fcnde bulundurularak tasarlanm\u0131\u015ft\u0131r.<\/p>\n<ul>\n<li><strong>Antimikrobiyal y\u00fczeyler bakteri ve vir\u00fcslerin b\u00fcy\u00fcmesini engeller<\/strong><\/li>\n<li><strong>P\u00fcr\u00fczs\u00fcz, g\u00f6zeneksiz y\u00fczeylerin temizlenmesi ve dezenfekte edilmesi kolayd\u0131r<\/strong><\/li>\n<li><strong>\u0130lgili t\u0131bbi standartlara ve d\u00fczenlemelere uygundur<\/strong><\/li>\n<\/ul>\n<p><strong>Uygulamalar<\/strong><\/p>\n<p>T\u0131bbi membran anahtarlar\u0131, a\u015fa\u011f\u0131dakiler dahil olmak \u00fczere \u00e7e\u015fitli sa\u011fl\u0131k uygulamalar\u0131nda yayg\u0131n olarak kullan\u0131lmaktad\u0131r:<\/p>\n<ul>\n<li><strong>T\u0131bbi ekipman kontrol panelleri<\/strong><\/li>\n<li><strong>Hasta izleme sistemleri<\/strong><\/li>\n<li><strong>Cerrahi aletler<\/strong><\/li>\n<li><strong>Tan\u0131 ekipman\u0131<\/strong><\/li>\n<li><strong>Laboratuvar ekipman\u0131<\/strong><\/li>\n<\/ul>\n<p><strong>\u00d6zelle\u015ftirilebilir \u00c7\u00f6z\u00fcmler<\/strong><\/p>\n<p>\u00d6zel ihtiya\u00e7lar\u0131n\u0131z\u0131 kar\u015f\u0131lamak i\u00e7in a\u015fa\u011f\u0131dakiler de dahil olmak \u00fczere \u00e7ok \u00e7e\u015fitli \u00f6zelle\u015ftirme se\u00e7enekleri sunuyoruz:<\/p>\n<ul>\n<li><strong>\u00c7e\u015fitli anahtar boyutlar\u0131, \u015fekilleri ve yap\u0131land\u0131rmalar\u0131<\/strong><\/li>\n<li><strong>\u00d6zel grafikler, lejantlar ve marka \u00f6\u011feleri<\/strong><\/li>\n<li><strong>Arka ayd\u0131nlatma ve ayd\u0131nlatma se\u00e7enekleri<\/strong><\/li>\n<li><strong>Ek bile\u015fenlerle entegrasyon<\/strong><\/li>\n<\/ul>\n<p><strong>Deneyimli Bir T\u0131bbi Membran Anahtar \u00dcreticisi ile Ortakl\u0131k Kurun<\/strong><\/p>\n<p>Y\u0131llar\u0131n uzmanl\u0131\u011f\u0131 ve kaliteye olan ba\u011fl\u0131l\u0131\u011f\u0131m\u0131zla, \u00f6zel t\u0131bbi membran anahtarlar\u0131 i\u00e7in g\u00fcvenilir kayna\u011f\u0131n\u0131z\u0131z. Uzman ekibimiz, \u00f6zel uygulama gereksinimlerinizi kar\u015f\u0131lamak ve hastalar\u0131n g\u00fcvenli\u011fini ve refah\u0131n\u0131 sa\u011flamak i\u00e7in m\u00fckemmel anahtarlar\u0131 tasarlaman\u0131za ve \u00fcretmenize yard\u0131mc\u0131 olabilir.<\/p>\n<p><strong>Bug\u00fcn bize ula\u015f\u0131n<\/strong>\u00a0t\u0131bbi membran anahtar \u00e7\u00f6z\u00fcmlerimiz ve t\u0131bbi cihazlar\u0131n\u0131z\u0131 nas\u0131l geli\u015ftirebilece\u011fimiz hakk\u0131nda daha fazla bilgi edinmek i\u00e7in.<\/p>\n<p><strong>Ek Anahtar Kelimeler:<\/strong>\u00a0membran panel anahtar\u0131, end\u00fcstriyel membran anahtar\u0131<\/p>","protected":false},"excerpt":{"rendered":"<p>T\u0131bbi membran anahtarlar\u0131, sa\u011fl\u0131k ortamlar\u0131n\u0131n zorlu taleplerini kar\u015f\u0131lamak \u00fczere tasarlanm\u0131\u015ft\u0131r ve \u00e7ok \u00e7e\u015fitli t\u0131bbi cihazlar i\u00e7in hassas, g\u00fcvenilir ve g\u00fcvenli kullan\u0131c\u0131 aray\u00fczleri sa\u011flar. Bu anahtarlar, y\u00fcksek kaliteli malzemelerle \u00fcretilir ve kritik bak\u0131m ortamlar\u0131nda optimum performans sa\u011flamak i\u00e7in titizlikle test edilir.<\/p>","protected":false},"featured_media":1753,"template":"","meta":[],"product_brand":[],"product_cat":[40],"product_tag":[],"class_list":{"0":"post-1786","1":"product","2":"type-product","3":"status-publish","4":"has-post-thumbnail","6":"product_cat-membrane-switch","8":"first","9":"instock","10":"shipping-taxable","11":"product-type-simple"},"_links":{"self":[{"href":"https:\/\/membraneswitchmfg.com\/tr\/wp-json\/wp\/v2\/product\/1786","targetHints":{"allow":["GET"]}}],"collection":[{"href":"https:\/\/membraneswitchmfg.com\/tr\/wp-json\/wp\/v2\/product"}],"about":[{"href":"https:\/\/membraneswitchmfg.com\/tr\/wp-json\/wp\/v2\/types\/product"}],"wp:featuredmedia":[{"embeddable":true,"href":"https:\/\/membraneswitchmfg.com\/tr\/wp-json\/wp\/v2\/media\/1753"}],"wp:attachment":[{"href":"https:\/\/membraneswitchmfg.com\/tr\/wp-json\/wp\/v2\/media?parent=1786"}],"wp:term":[{"taxonomy":"product_brand","embeddable":true,"href":"https:\/\/membraneswitchmfg.com\/tr\/wp-json\/wp\/v2\/product_brand?post=1786"},{"taxonomy":"product_cat","embeddable":true,"href":"https:\/\/membraneswitchmfg.com\/tr\/wp-json\/wp\/v2\/product_cat?post=1786"},{"taxonomy":"product_tag","embeddable":true,"href":"https:\/\/membraneswitchmfg.com\/tr\/wp-json\/wp\/v2\/product_tag?post=1786"}],"curies":[{"name":"wp","href":"https:\/\/api.w.org\/{rel}","templated":true}]}}