{"id":1788,"date":"2024-06-24T05:57:57","date_gmt":"2024-06-24T05:57:57","guid":{"rendered":"https:\/\/membraneswitchmfg.com\/manufacturer\/digitally-printed-graphics\/"},"modified":"2024-06-25T13:43:13","modified_gmt":"2024-06-25T13:43:13","slug":"digitally-printed-graphics","status":"publish","type":"product","link":"https:\/\/membraneswitchmfg.com\/tr\/manufacturer\/digitally-printed-graphics\/","title":{"rendered":"Dijital Bask\u0131l\u0131 Grafikler"},"content":{"rendered":"<h2><strong><b>Dijital Bask\u0131l\u0131 Grafikler: Membran Anahtarlar\u0131 Canl\u0131 Tasar\u0131mlar ve Dayan\u0131kl\u0131l\u0131kla Geli\u015ftirmek<\/b><\/strong><\/h2>\n<p><strong>Tasar\u0131m Yarat\u0131c\u0131l\u0131\u011f\u0131n\u0131 Ortaya \u00c7\u0131kar\u0131n<\/strong><\/p>\n<p>Dijital bask\u0131, yaln\u0131zca hayal g\u00fcc\u00fcn\u00fczle s\u0131n\u0131rl\u0131 olan karma\u015f\u0131k tasar\u0131mlar\u0131n, karma\u015f\u0131k desenlerin ve fotoger\u00e7ek\u00e7i g\u00f6r\u00fcnt\u00fclerin olu\u015fturulmas\u0131na olanak tan\u0131r. Bu, membran anahtarlar\u0131n herhangi bir marka kimli\u011fine veya \u00fcr\u00fcn esteti\u011fine uyacak \u015fekilde \u00f6zelle\u015ftirilmesi i\u00e7in bir olas\u0131l\u0131klar d\u00fcnyas\u0131n\u0131n kap\u0131lar\u0131n\u0131 a\u00e7ar.<\/p>\n<ul>\n<li><strong>\u015eirket logolar\u0131n\u0131, marka \u00f6\u011felerini ve \u00fcr\u00fcn grafiklerini dahil edin<\/strong><\/li>\n<li><strong>G\u00f6rsel olarak \u00e7ekici ve kullan\u0131c\u0131 dostu aray\u00fczler olu\u015fturma<\/strong><\/li>\n<li><strong>\u00dcr\u00fcn farkl\u0131la\u015ft\u0131rmas\u0131n\u0131 ve marka bilinirli\u011fini art\u0131r\u0131n<\/strong><\/li>\n<\/ul>\n<p><strong>Canl\u0131 Renkler ve Uzun S\u00fcreli \u0130zlenimler<\/strong><\/p>\n<p>Dijital bask\u0131da, zorlu ortamlarda bile solmaya ve a\u015f\u0131nmaya diren\u00e7li zengin, canl\u0131 renkler \u00fcreten y\u00fcksek kaliteli m\u00fcrekkepler kullan\u0131l\u0131r. Bu, membran anahtarlar\u0131n\u0131z\u0131n g\u00f6rsel \u00e7ekicili\u011fini ve etkisini y\u0131llarca korumas\u0131n\u0131 sa\u011flar.<\/p>\n<ul>\n<li><strong>Net ve anla\u015f\u0131l\u0131r metin ve semboller<\/strong><\/li>\n<li><strong>\u00dcretim \u00e7al\u0131\u015fmalar\u0131 boyunca tutarl\u0131 renk \u00fcretimi<\/strong><\/li>\n<li><strong>\u00c7izilmelere, kimyasallara ve UV \u0131\u015f\u0131nlar\u0131na kar\u015f\u0131 dayan\u0131kl\u0131d\u0131r<\/strong><\/li>\n<\/ul>\n<p><strong>Dayan\u0131kl\u0131 ve Uygun Maliyetli \u00c7\u00f6z\u00fcmler<\/strong><\/p>\n<p>Dijital olarak bas\u0131lan grafikler sadece g\u00f6rsel olarak \u00e7arp\u0131c\u0131 olmakla kalmaz, ayn\u0131 zamanda s\u0131k kullan\u0131ma ve sert temizlik maddelerine kar\u015f\u0131 olduk\u00e7a dayan\u0131kl\u0131d\u0131r. Bu da onlar\u0131 zaman i\u00e7inde g\u00f6r\u00fcn\u00fcmlerini ve i\u015flevselliklerini koruyan uzun \u00f6m\u00fcrl\u00fc membran anahtarlar i\u00e7in uygun maliyetli bir \u00e7\u00f6z\u00fcm haline getirir.<\/p>\n<p><strong>Uygulamalar<\/strong><\/p>\n<p>Dijital olarak bas\u0131lan grafikler, a\u015fa\u011f\u0131dakiler de dahil olmak \u00fczere \u00e7ok \u00e7e\u015fitli uygulamalarda yayg\u0131n olarak kullan\u0131lmaktad\u0131r:<\/p>\n<ul>\n<li><strong>End\u00fcstriyel kontrol panelleri<\/strong><\/li>\n<li><strong>T\u0131bbi cihazlar<\/strong><\/li>\n<li><strong>T\u00fcketici elektroni\u011fi<\/strong><\/li>\n<li><strong>Aletler<\/strong><\/li>\n<li><strong>Makine ve ekipman<\/strong><\/li>\n<\/ul>\n<p><strong>Deneyimli Bir Dijital Bask\u0131 ve Membran Anahtar \u00dcreticisi ile \u0130\u015f Orta\u011f\u0131 Olun<\/strong><\/p>\n<p>Dijital bask\u0131 ve membran anahtar teknolojisinde y\u0131llara dayanan uzmanl\u0131\u011f\u0131m\u0131zla, y\u00fcksek kaliteli, \u00f6zel bask\u0131l\u0131 membran anahtarlar i\u00e7in g\u00fcvenilir kayna\u011f\u0131n\u0131z\u0131z. Uzman ekibimiz, tasar\u0131m gereksinimlerinizi anlamak ve \u00fcr\u00fcnlerinizi geli\u015ftirmek i\u00e7in m\u00fckemmel \u00e7\u00f6z\u00fcm\u00fc sunmak \u00fczere sizinle yak\u0131n i\u015fbirli\u011fi i\u00e7inde \u00e7al\u0131\u015facakt\u0131r.<\/p>\n<p><strong>Bug\u00fcn bize ula\u015f\u0131n<\/strong>\u00a0Dijital bask\u0131 yeteneklerimiz ve membran anahtarlar\u0131n\u0131z\u0131 \u00e7arp\u0131c\u0131 grafikler ve uzun \u00f6m\u00fcrl\u00fc dayan\u0131kl\u0131l\u0131k ile y\u00fckseltmenize nas\u0131l yard\u0131mc\u0131 olabilece\u011fimiz hakk\u0131nda daha fazla bilgi edinmek i\u00e7in.<\/p>","protected":false},"excerpt":{"rendered":"<p>Dijital olarak bas\u0131lan grafikler, benzersiz tasar\u0131m esnekli\u011fi, canl\u0131 renkler ve ola\u011fan\u00fcst\u00fc dayan\u0131kl\u0131l\u0131k sunarak membran anahtarlar d\u00fcnyas\u0131nda devrim yaratm\u0131\u015ft\u0131r. Bu yenilik\u00e7i bask\u0131 tekni\u011fi, s\u0131radan membran anahtarlar\u0131 g\u00f6rsel olarak \u00e7ekici ve bilgilendirici kullan\u0131c\u0131 aray\u00fczlerine d\u00f6n\u00fc\u015ft\u00fcren y\u00fcksek \u00e7\u00f6z\u00fcn\u00fcrl\u00fckl\u00fc grafiklerin, logolar\u0131n ve lejantlar\u0131n olu\u015fturulmas\u0131n\u0131 sa\u011flar.<\/p>","protected":false},"featured_media":1764,"template":"","meta":[],"product_brand":[],"product_cat":[40],"product_tag":[],"class_list":{"0":"post-1788","1":"product","2":"type-product","3":"status-publish","4":"has-post-thumbnail","6":"product_cat-membrane-switch","8":"first","9":"instock","10":"shipping-taxable","11":"product-type-simple"},"_links":{"self":[{"href":"https:\/\/membraneswitchmfg.com\/tr\/wp-json\/wp\/v2\/product\/1788","targetHints":{"allow":["GET"]}}],"collection":[{"href":"https:\/\/membraneswitchmfg.com\/tr\/wp-json\/wp\/v2\/product"}],"about":[{"href":"https:\/\/membraneswitchmfg.com\/tr\/wp-json\/wp\/v2\/types\/product"}],"wp:featuredmedia":[{"embeddable":true,"href":"https:\/\/membraneswitchmfg.com\/tr\/wp-json\/wp\/v2\/media\/1764"}],"wp:attachment":[{"href":"https:\/\/membraneswitchmfg.com\/tr\/wp-json\/wp\/v2\/media?parent=1788"}],"wp:term":[{"taxonomy":"product_brand","embeddable":true,"href":"https:\/\/membraneswitchmfg.com\/tr\/wp-json\/wp\/v2\/product_brand?post=1788"},{"taxonomy":"product_cat","embeddable":true,"href":"https:\/\/membraneswitchmfg.com\/tr\/wp-json\/wp\/v2\/product_cat?post=1788"},{"taxonomy":"product_tag","embeddable":true,"href":"https:\/\/membraneswitchmfg.com\/tr\/wp-json\/wp\/v2\/product_tag?post=1788"}],"curies":[{"name":"wp","href":"https:\/\/api.w.org\/{rel}","templated":true}]}}