{"id":1789,"date":"2024-06-24T05:57:57","date_gmt":"2024-06-24T05:57:57","guid":{"rendered":"https:\/\/membraneswitchmfg.com\/manufacturer\/screen-printed-graphics\/"},"modified":"2024-06-25T13:37:37","modified_gmt":"2024-06-25T13:37:37","slug":"screen-printed-graphics","status":"publish","type":"product","link":"https:\/\/membraneswitchmfg.com\/tr\/manufacturer\/screen-printed-graphics\/","title":{"rendered":"Serigrafi Bask\u0131l\u0131 Grafikler"},"content":{"rendered":"<h2><strong><b>Serigrafi Bask\u0131l\u0131 Grafikler: Membran Anahtar Kaplamalar\u0131 i\u00e7in Dayan\u0131kl\u0131 ve Uygun Maliyetli \u00c7\u00f6z\u00fcmler<\/b><\/strong><\/h2>\n<p><strong>Dayan\u0131kl\u0131 ve Uzun \u00d6m\u00fcrl\u00fc<\/strong><\/p>\n<p>Serigrafi bask\u0131l\u0131 grafikler, zorlu ortamlara, s\u0131k kullan\u0131ma ve agresif temizlik maddelerine dayanarak ola\u011fan\u00fcst\u00fc dayan\u0131kl\u0131l\u0131klar\u0131yla \u00fcnl\u00fcd\u00fcr. M\u00fcrekkep, solmaya, \u00e7izilmelere ve kimyasallara kar\u015f\u0131 direnerek kaplama malzemesine s\u0131k\u0131ca yap\u0131\u015f\u0131r.<\/p>\n<ul>\n<li><strong>Uzun \u00f6m\u00fcrl\u00fc renkler ve yaz\u0131lar<\/strong><\/li>\n<li><strong>D\u0131\u015f mekan ve end\u00fcstriyel uygulamalar i\u00e7in uygundur<\/strong><\/li>\n<li><strong>A\u015f\u0131nmaya ve y\u0131pranmaya kar\u015f\u0131 dayan\u0131kl\u0131d\u0131r<\/strong><\/li>\n<\/ul>\n<p><strong>Y\u00fcksek Hacimli \u00dcretim i\u00e7in Uygun Maliyetli<\/strong><\/p>\n<p>Serigrafi bask\u0131, \u00f6zellikle y\u00fcksek hacimli \u00fcretim \u00e7al\u0131\u015fmalar\u0131 i\u00e7in uygun maliyetlidir, \u00e7\u00fcnk\u00fc kurulum maliyetleri \u00e7ok say\u0131da birime da\u011f\u0131t\u0131l\u0131r. Bu, tutarl\u0131 markala\u015fma ve y\u00fcksek d\u00fczeyde dayan\u0131kl\u0131l\u0131k gerektiren uygulamalar i\u00e7in ideal bir se\u00e7imdir.<\/p>\n<ul>\n<li><strong>B\u00fcy\u00fck sipari\u015fler i\u00e7in daha d\u00fc\u015f\u00fck birim maliyetleri<\/strong><\/li>\n<li><strong>Tutarl\u0131 kalite ve g\u00f6r\u00fcn\u00fcm<\/strong><\/li>\n<li><strong>Seri \u00fcretim i\u00e7in uygundur<\/strong><\/li>\n<\/ul>\n<p><strong>\u00c7ok Y\u00f6nl\u00fcl\u00fck ve Tasar\u0131m Se\u00e7enekleri<\/strong><\/p>\n<p>Serigrafi bask\u0131, plastikler, metaller ve kuma\u015flar dahil olmak \u00fczere \u00e7ok \u00e7e\u015fitli malzemelerle kullan\u0131labilir. Ayr\u0131ca a\u015fa\u011f\u0131dakiler dahil \u00e7e\u015fitli tasar\u0131m se\u00e7enekleri sunar:<\/p>\n<ul>\n<li><strong>Net ve anla\u015f\u0131l\u0131r metin ve semboller<\/strong><\/li>\n<li><strong>Canl\u0131 ve tutarl\u0131 renkler<\/strong><\/li>\n<li><strong>Karma\u015f\u0131k desenler ve dokular<\/strong><\/li>\n<\/ul>\n<p><strong>Uygulamalar<\/strong><\/p>\n<p>Serigrafi bask\u0131l\u0131 grafikler, a\u015fa\u011f\u0131dakiler dahil olmak \u00fczere \u00e7e\u015fitli uygulamalarda yayg\u0131n olarak kullan\u0131lmaktad\u0131r:<\/p>\n<ul>\n<li><strong>Membran anahtar kaplamalar\u0131<\/strong><\/li>\n<li><strong>Kontrol panelleri<\/strong><\/li>\n<li><strong>T\u0131bbi cihazlar<\/strong><\/li>\n<li><strong>T\u00fcketici elektroni\u011fi<\/strong><\/li>\n<li><strong>Aletler<\/strong><\/li>\n<\/ul>\n<p><strong>Deneyimli Bir Serigrafi Bask\u0131 ve Membran Anahtar \u00dcreticisi ile Ortakl\u0131k Kurun<\/strong><\/p>\n<p>Serigrafi bask\u0131 ve membran anahtar teknolojisindeki y\u0131llar\u0131n deneyimiyle, y\u00fcksek kaliteli, \u00f6zel bask\u0131l\u0131 membran anahtar kaplamalar\u0131 i\u00e7in g\u00fcvenilir kayna\u011f\u0131n\u0131z\u0131z. Uzman ekibimiz, tasar\u0131mlar\u0131n\u0131z\u0131n do\u011fru bir \u015fekilde yeniden \u00fcretilmesini ve membran anahtarlar\u0131n\u0131z\u0131n \u00f6zel performans ve dayan\u0131kl\u0131l\u0131k gereksinimlerinizi kar\u015f\u0131lamas\u0131n\u0131 sa\u011flamak i\u00e7in sizinle yak\u0131n bir \u015fekilde \u00e7al\u0131\u015facakt\u0131r.<\/p>\n<p><strong>Bug\u00fcn bize ula\u015f\u0131n<\/strong>\u00a0serigrafi bask\u0131 yeteneklerimiz ve dayan\u0131kl\u0131 ve uygun maliyetli membran anahtar kaplamalar\u0131 olu\u015fturman\u0131za nas\u0131l yard\u0131mc\u0131 olabilece\u011fimiz hakk\u0131nda daha fazla bilgi edinmek i\u00e7in.<\/p>","protected":false},"excerpt":{"rendered":"<p>Serigrafi bask\u0131l\u0131 grafikler, membran anahtarlar\u0131 i\u00e7in dayan\u0131kl\u0131 ve g\u00f6rsel olarak \u00e7ekici kaplamalar olu\u015fturmak i\u00e7in zamanla test edilmi\u015f ve uygun maliyetli bir y\u00f6ntem sunar. Bu \u00e7ok y\u00f6nl\u00fc bask\u0131 tekni\u011fi, \u00e7e\u015fitli malzemeler \u00fczerine tasar\u0131mlar\u0131 aktarmak i\u00e7in \u015fablonlar ve m\u00fcrekkepler kullanarak hassas ve tutarl\u0131 sonu\u00e7lar sa\u011flar.<\/p>","protected":false},"featured_media":1765,"template":"","meta":[],"product_brand":[],"product_cat":[40],"product_tag":[],"class_list":{"0":"post-1789","1":"product","2":"type-product","3":"status-publish","4":"has-post-thumbnail","6":"product_cat-membrane-switch","8":"first","9":"instock","10":"shipping-taxable","11":"product-type-simple"},"_links":{"self":[{"href":"https:\/\/membraneswitchmfg.com\/tr\/wp-json\/wp\/v2\/product\/1789","targetHints":{"allow":["GET"]}}],"collection":[{"href":"https:\/\/membraneswitchmfg.com\/tr\/wp-json\/wp\/v2\/product"}],"about":[{"href":"https:\/\/membraneswitchmfg.com\/tr\/wp-json\/wp\/v2\/types\/product"}],"wp:featuredmedia":[{"embeddable":true,"href":"https:\/\/membraneswitchmfg.com\/tr\/wp-json\/wp\/v2\/media\/1765"}],"wp:attachment":[{"href":"https:\/\/membraneswitchmfg.com\/tr\/wp-json\/wp\/v2\/media?parent=1789"}],"wp:term":[{"taxonomy":"product_brand","embeddable":true,"href":"https:\/\/membraneswitchmfg.com\/tr\/wp-json\/wp\/v2\/product_brand?post=1789"},{"taxonomy":"product_cat","embeddable":true,"href":"https:\/\/membraneswitchmfg.com\/tr\/wp-json\/wp\/v2\/product_cat?post=1789"},{"taxonomy":"product_tag","embeddable":true,"href":"https:\/\/membraneswitchmfg.com\/tr\/wp-json\/wp\/v2\/product_tag?post=1789"}],"curies":[{"name":"wp","href":"https:\/\/api.w.org\/{rel}","templated":true}]}}