{"id":1791,"date":"2024-06-24T05:57:58","date_gmt":"2024-06-24T05:57:58","guid":{"rendered":"https:\/\/membraneswitchmfg.com\/manufacturer\/anti-glare-membrane-switch\/"},"modified":"2024-06-25T13:10:23","modified_gmt":"2024-06-25T13:10:23","slug":"anti-glare-membrane-switch","status":"publish","type":"product","link":"https:\/\/membraneswitchmfg.com\/tr\/manufacturer\/anti-glare-membrane-switch\/","title":{"rendered":"Parlama \u00d6nleyici Membran Anahtar"},"content":{"rendered":"<h2><strong><b>Parlama \u00d6nleyici Membran Anahtarlar: Parlak Ortamlarda G\u00f6r\u00fcn\u00fcrl\u00fc\u011f\u00fc ve Kullan\u0131c\u0131 Deneyimini Geli\u015ftirme<\/b><\/strong><\/h2>\n<p><strong>Parlama ve Yans\u0131malarla M\u00fccadele<\/strong><\/p>\n<p>Parlama \u00f6nleyici membran anahtarlar, \u0131\u015f\u0131\u011f\u0131 da\u011f\u0131tan, yans\u0131malar\u0131n yo\u011funlu\u011funu azaltan ve parlamay\u0131 en aza indiren benzersiz bir y\u00fczey dokusuna veya kaplamaya sahiptir. Bu, kullan\u0131c\u0131lar\u0131n parlak \u0131\u015f\u0131kl\u0131 ko\u015fullarda bile efsaneleri ve simgeleri kolayca okumas\u0131n\u0131 sa\u011flar.<\/p>\n<ul>\n<li><strong>Do\u011frudan g\u00fcne\u015f \u0131\u015f\u0131\u011f\u0131nda veya parlak ayd\u0131nlatmada iyile\u015ftirilmi\u015f g\u00f6r\u00fcn\u00fcrl\u00fck<\/strong><\/li>\n<li><strong>Azalt\u0131lm\u0131\u015f g\u00f6z yorgunlu\u011fu ve yorgunluk<\/strong><\/li>\n<li><strong>Geli\u015fmi\u015f kullan\u0131c\u0131 konforu ve \u00fcretkenli\u011fi<\/strong><\/li>\n<\/ul>\n<p><strong>\u00c7e\u015fitli Ortamlar i\u00e7in Uygundur<\/strong><\/p>\n<p>Parlama \u00f6nleyici membran anahtarlar, \u00f6zellikle parlaman\u0131n yayg\u0131n bir sorun oldu\u011fu uygulamalar i\u00e7in \u00e7ok uygundur:<\/p>\n<ul>\n<li><strong>End\u00fcstriyel kontrol panelleri<\/strong><\/li>\n<li><strong>T\u0131bbi ekipman<\/strong><\/li>\n<li><strong>D\u0131\u015f mekan kiosklar\u0131 ve tabelalar\u0131<\/strong><\/li>\n<li><strong>Perakende ve ticari ortamlar<\/strong><\/li>\n<li><strong>Ula\u015f\u0131m konsollar\u0131<\/strong><\/li>\n<\/ul>\n<p><strong>Dayan\u0131kl\u0131 ve Fonksiyonel Tasar\u0131m<\/strong><\/p>\n<p>Parlama \u00f6nleyici \u00f6zelliklerine ra\u011fmen, parlama \u00f6nleyici membran anahtarlar, standart membran anahtarlardan beklenen dayan\u0131kl\u0131l\u0131\u011f\u0131 ve i\u015flevselli\u011fi korur. \u00c7izilmelere, kimyasallara ve UV \u0131\u015f\u0131nlar\u0131na kar\u015f\u0131 dayan\u0131kl\u0131d\u0131rlar ve uzun \u00f6m\u00fcrl\u00fc performans sa\u011flarlar.<\/p>\n<ul>\n<li><strong>Net ve duyarl\u0131 dokunsal geri bildirim<\/strong><\/li>\n<li><strong>\u00c7izilmelere, kimyasallara ve UV \u0131\u015f\u0131nlar\u0131na kar\u015f\u0131 dayan\u0131kl\u0131d\u0131r<\/strong><\/li>\n<li><strong>Zorlu ortamlarda uzun \u00f6m\u00fcrl\u00fc performans<\/strong><\/li>\n<\/ul>\n<p><strong>Uygulamalar<\/strong><\/p>\n<p>Parlama \u00f6nleyici membran anahtarlar, net g\u00f6r\u00fcn\u00fcrl\u00fc\u011f\u00fcn ve kullan\u0131c\u0131 deneyiminin \u00e7ok \u00f6nemli oldu\u011fu \u00e7ok \u00e7e\u015fitli uygulamalarda yayg\u0131n olarak kullan\u0131lmaktad\u0131r:<\/p>\n<ul>\n<li><strong>End\u00fcstriyel kontrol panelleri:<\/strong>Fabrikalar, depolar, enerji santralleri<\/li>\n<li><strong>T\u0131bbi ekipman:<\/strong>Hasta monit\u00f6rleri, cerrahi konsollar, te\u015fhis cihazlar\u0131<\/li>\n<li><strong>D\u0131\u015f mekan kiosklar\u0131 ve tabelalar\u0131:<\/strong>ATM'ler, bilgi kiosklar\u0131, dijital tabelalar<\/li>\n<li><strong>Perakende ve ticari ortamlar:<\/strong>POS terminalleri, yazar kasalar, otomatlar<\/li>\n<li><strong>Ula\u015f\u0131m konsollar\u0131:<\/strong>U\u00e7ak kokpitleri, tren kontrol panelleri, otob\u00fcs g\u00f6sterge panelleri<\/li>\n<\/ul>\n<p><strong>Deneyimli Bir Parlama \u00d6nleyici Membran Anahtar \u00dcreticisi ile Ortak Olun<\/strong><\/p>\n<p>Parlama \u00f6nleyici teknoloji ve membran anahtar \u00fcretimindeki y\u0131llar\u0131n deneyimiyle, y\u00fcksek kaliteli, parlama \u00f6nleyici membran anahtarlar i\u00e7in g\u00fcvenilir kayna\u011f\u0131n\u0131z\u0131z. Uzmanlardan olu\u015fan ekibimiz, \u00f6zel ihtiya\u00e7lar\u0131n\u0131z\u0131 anlamak ve g\u00f6r\u00fcn\u00fcrl\u00fc\u011f\u00fc ve kullan\u0131c\u0131 deneyimini geli\u015ftiren \u00f6zelle\u015ftirilmi\u015f \u00e7\u00f6z\u00fcmler sunmak i\u00e7in sizinle yak\u0131n bir \u015fekilde \u00e7al\u0131\u015facakt\u0131r.<\/p>\n<p><strong>Bug\u00fcn bize ula\u015f\u0131n<\/strong>\u00a0Parlama \u00f6nleyici membran anahtar \u00e7\u00f6z\u00fcmlerimiz ve \u00fcr\u00fcnleriniz i\u00e7in net, kullan\u0131c\u0131 dostu aray\u00fczler olu\u015fturman\u0131za nas\u0131l yard\u0131mc\u0131 olabilece\u011fimiz hakk\u0131nda daha fazla bilgi edinmek i\u00e7in.<\/p>","protected":false},"excerpt":{"rendered":"<p>Parlak ayd\u0131nlatma veya do\u011frudan g\u00fcne\u015f \u0131\u015f\u0131\u011f\u0131 olan ortamlarda, geleneksel membran anahtarlar parlama ve azalm\u0131\u015f g\u00f6r\u00fcn\u00fcrl\u00fckten muzdarip olabilir, bu da kullan\u0131c\u0131lar\u0131n bunlar\u0131 etkili bir \u015fekilde kullanmas\u0131n\u0131 zorla\u015ft\u0131r\u0131r. Parlama \u00f6nleyici membran anahtarlar, parlama ve yans\u0131malar\u0131 en aza indiren, net g\u00f6r\u00fcn\u00fcrl\u00fck ve optimum kullan\u0131c\u0131 deneyimi sa\u011flayan \u00f6zel malzemeler ve y\u00fczey i\u015flemleri i\u00e7ererek bu zorlu\u011fun \u00fcstesinden gelir.<\/p>","protected":false},"featured_media":1767,"template":"","meta":[],"product_brand":[],"product_cat":[40],"product_tag":[],"class_list":{"0":"post-1791","1":"product","2":"type-product","3":"status-publish","4":"has-post-thumbnail","6":"product_cat-membrane-switch","8":"first","9":"instock","10":"shipping-taxable","11":"product-type-simple"},"_links":{"self":[{"href":"https:\/\/membraneswitchmfg.com\/tr\/wp-json\/wp\/v2\/product\/1791","targetHints":{"allow":["GET"]}}],"collection":[{"href":"https:\/\/membraneswitchmfg.com\/tr\/wp-json\/wp\/v2\/product"}],"about":[{"href":"https:\/\/membraneswitchmfg.com\/tr\/wp-json\/wp\/v2\/types\/product"}],"wp:featuredmedia":[{"embeddable":true,"href":"https:\/\/membraneswitchmfg.com\/tr\/wp-json\/wp\/v2\/media\/1767"}],"wp:attachment":[{"href":"https:\/\/membraneswitchmfg.com\/tr\/wp-json\/wp\/v2\/media?parent=1791"}],"wp:term":[{"taxonomy":"product_brand","embeddable":true,"href":"https:\/\/membraneswitchmfg.com\/tr\/wp-json\/wp\/v2\/product_brand?post=1791"},{"taxonomy":"product_cat","embeddable":true,"href":"https:\/\/membraneswitchmfg.com\/tr\/wp-json\/wp\/v2\/product_cat?post=1791"},{"taxonomy":"product_tag","embeddable":true,"href":"https:\/\/membraneswitchmfg.com\/tr\/wp-json\/wp\/v2\/product_tag?post=1791"}],"curies":[{"name":"wp","href":"https:\/\/api.w.org\/{rel}","templated":true}]}}