{"id":1794,"date":"2024-06-24T05:57:58","date_gmt":"2024-06-24T05:57:58","guid":{"rendered":"https:\/\/membraneswitchmfg.com\/manufacturer\/ip65-waterproof-membrane-switch\/"},"modified":"2024-06-25T13:14:18","modified_gmt":"2024-06-25T13:14:18","slug":"ip65-waterproof-membrane-switch","status":"publish","type":"product","link":"https:\/\/membraneswitchmfg.com\/tr\/manufacturer\/ip65-waterproof-membrane-switch\/","title":{"rendered":"IP65 Su Ge\u00e7irmez Membran Anahtar"},"content":{"rendered":"<h2><strong><b>IP65 Su Ge\u00e7irmez Membran Anahtarlar: G\u00fcnl\u00fck Uygulamalar i\u00e7in Uygun Fiyatl\u0131 Koruma<\/b><\/strong><\/h2>\n<p><strong>Uygun Fiyata Etkili Koruma<\/strong><\/p>\n<p>IP65 su ge\u00e7irmez membran anahtarlar, koruma ve uygun fiyat aras\u0131nda bir denge sa\u011flayarak, suya veya toza ara s\u0131ra maruz kalman\u0131n s\u00f6z konusu oldu\u011fu uygulamalar i\u00e7in ideal bir se\u00e7imdir. G\u00fcnl\u00fck s\u0131\u00e7ramalara ve toza kar\u015f\u0131 etkinlikleri onlar\u0131 \u015fu uygulamalar i\u00e7in uygun k\u0131lar:<\/p>\n<ul>\n<li><strong>End\u00fcstriyel kontrol panelleri<\/strong><\/li>\n<li><strong>T\u0131bbi cihazlar<\/strong><\/li>\n<li><strong>T\u00fcketici elektroni\u011fi<\/strong><\/li>\n<li><strong>Aletler<\/strong><\/li>\n<li><strong>Makine ve ekipman<\/strong><\/li>\n<\/ul>\n<p><strong>Dayan\u0131kl\u0131 ve G\u00fcvenilir<\/strong><\/p>\n<p>Uygun maliyetli yap\u0131lar\u0131na ra\u011fmen, IP65 su ge\u00e7irmez membran anahtarlar, standart membran anahtarlardan beklenen dayan\u0131kl\u0131l\u0131\u011f\u0131 ve g\u00fcvenilirli\u011fi korur. \u00c7izilmelere, kimyasallara ve UV \u0131\u015f\u0131nlar\u0131na kar\u015f\u0131 dayan\u0131kl\u0131d\u0131rlar ve uzun \u00f6m\u00fcrl\u00fc performans sa\u011flarlar.<\/p>\n<ul>\n<li><strong>Net ve duyarl\u0131 dokunsal geri bildirim<\/strong><\/li>\n<li><strong>\u00c7izilmelere, kimyasallara ve UV \u0131\u015f\u0131nlar\u0131na kar\u015f\u0131 dayan\u0131kl\u0131d\u0131r<\/strong><\/li>\n<li><strong>\u0130\u00e7 ve d\u0131\u015f mekan uygulamalar\u0131 i\u00e7in uygundur<\/strong><\/li>\n<\/ul>\n<p><strong>\u00d6zelle\u015ftirilebilir Se\u00e7enekler<\/strong><\/p>\n<p>IP65 su ge\u00e7irmez membran anahtarlar i\u00e7in \u00e7e\u015fitli \u00f6zelle\u015ftirme se\u00e7enekleri sunuyoruz, bunlar aras\u0131nda:<\/p>\n<ul>\n<li><strong>\u00c7e\u015fitli anahtar boyutlar\u0131 ve stilleri<\/strong><\/li>\n<li><strong>\u00d6zel grafikler ve lejantlar<\/strong><\/li>\n<li><strong>Arka ayd\u0131nlatma ve ayd\u0131nlatma se\u00e7enekleri<\/strong><\/li>\n<li><strong>Ek bile\u015fenlerin entegrasyonu<\/strong><\/li>\n<\/ul>\n<p><strong>Deneyimli Bir IP65 Su Ge\u00e7irmez Membran Anahtar \u00dcreticisi ile Ortakl\u0131k Kurun<\/strong><\/p>\n<p>Su ge\u00e7irmez membran anahtar teknolojisindeki y\u0131llar\u0131n uzmanl\u0131\u011f\u0131 ve kaliteye ve uygun fiyata olan ba\u011fl\u0131l\u0131\u011f\u0131m\u0131zla, \u00f6zelle\u015ftirilmi\u015f IP65 su ge\u00e7irmez membran anahtarlar i\u00e7in g\u00fcvenilir kayna\u011f\u0131n\u0131z\u0131z. Uzman ekibimiz, \u00f6zel ihtiya\u00e7lar\u0131n\u0131z\u0131 anlamak ve rekabet\u00e7i bir fiyata etkili koruma ve uzun \u00f6m\u00fcrl\u00fc performans sa\u011flayan \u00e7\u00f6z\u00fcmler sunmak i\u00e7in sizinle yak\u0131n bir \u015fekilde \u00e7al\u0131\u015facakt\u0131r.<\/p>\n<p><strong>Bug\u00fcn bize ula\u015f\u0131n<\/strong>\u00a0IP65 su ge\u00e7irmez membran anahtar \u00e7\u00f6z\u00fcmlerimiz hakk\u0131nda daha fazla bilgi edinmek ve elektronik cihazlar\u0131n\u0131z\u0131 nas\u0131l koruyabilece\u011fimiz ve g\u00fcnl\u00fck ortamlarda sorunsuz \u00e7al\u0131\u015fmay\u0131 nas\u0131l sa\u011flayabilece\u011fimiz hakk\u0131nda bilgi almak i\u00e7in.<\/p>","protected":false},"excerpt":{"rendered":"<p>IP65 su ge\u00e7irmez membran anahtarlar, hassas elektronik cihazlar\u0131 su ve toz giri\u015fine kar\u015f\u0131 korumak i\u00e7in uygun maliyetli bir \u00e7\u00f6z\u00fcm sunar. Bu \u00e7ok y\u00f6nl\u00fc anahtarlar, d\u00fc\u015f\u00fck bas\u0131n\u00e7l\u0131 su jetlerine ve toz giri\u015fine kar\u015f\u0131 koruma sa\u011flayarak IP65 giri\u015f koruma standard\u0131n\u0131 kar\u015f\u0131lar ve geni\u015f bir uygulama yelpazesi i\u00e7in uygun hale getirir.<\/p>","protected":false},"featured_media":1770,"template":"","meta":[],"product_brand":[],"product_cat":[40],"product_tag":[],"class_list":{"0":"post-1794","1":"product","2":"type-product","3":"status-publish","4":"has-post-thumbnail","6":"product_cat-membrane-switch","8":"first","9":"instock","10":"shipping-taxable","11":"product-type-simple"},"_links":{"self":[{"href":"https:\/\/membraneswitchmfg.com\/tr\/wp-json\/wp\/v2\/product\/1794","targetHints":{"allow":["GET"]}}],"collection":[{"href":"https:\/\/membraneswitchmfg.com\/tr\/wp-json\/wp\/v2\/product"}],"about":[{"href":"https:\/\/membraneswitchmfg.com\/tr\/wp-json\/wp\/v2\/types\/product"}],"wp:featuredmedia":[{"embeddable":true,"href":"https:\/\/membraneswitchmfg.com\/tr\/wp-json\/wp\/v2\/media\/1770"}],"wp:attachment":[{"href":"https:\/\/membraneswitchmfg.com\/tr\/wp-json\/wp\/v2\/media?parent=1794"}],"wp:term":[{"taxonomy":"product_brand","embeddable":true,"href":"https:\/\/membraneswitchmfg.com\/tr\/wp-json\/wp\/v2\/product_brand?post=1794"},{"taxonomy":"product_cat","embeddable":true,"href":"https:\/\/membraneswitchmfg.com\/tr\/wp-json\/wp\/v2\/product_cat?post=1794"},{"taxonomy":"product_tag","embeddable":true,"href":"https:\/\/membraneswitchmfg.com\/tr\/wp-json\/wp\/v2\/product_tag?post=1794"}],"curies":[{"name":"wp","href":"https:\/\/api.w.org\/{rel}","templated":true}]}}