{"id":1795,"date":"2024-06-24T05:57:58","date_gmt":"2024-06-24T05:57:58","guid":{"rendered":"https:\/\/membraneswitchmfg.com\/manufacturer\/membrane-keypads-and-keyboards\/"},"modified":"2024-06-25T12:34:01","modified_gmt":"2024-06-25T12:34:01","slug":"membrane-keypads-and-keyboards","status":"publish","type":"product","link":"https:\/\/membraneswitchmfg.com\/tr\/manufacturer\/membrane-keypads-and-keyboards\/","title":{"rendered":"Membran Tu\u015f Tak\u0131mlar\u0131 ve Klavyeler"},"content":{"rendered":"<h2><strong><b>Membran Tu\u015f Tak\u0131mlar\u0131 ve Klavyeler: G\u00fcvenilir ve Uygun Maliyetli Giri\u015f \u00c7\u00f6z\u00fcmleri<\/b><\/strong><\/h2>\n<p><strong>Dayan\u0131kl\u0131 ve Uygun Maliyetli<\/strong><\/p>\n<p>Membran tu\u015f tak\u0131mlar\u0131 ve klavyeler dayan\u0131kl\u0131l\u0131klar\u0131 ve uygun fiyatlar\u0131yla \u00fcnl\u00fcd\u00fcr. Basit yap\u0131lar\u0131 ve hareketli par\u00e7alar\u0131n\u0131n olmamas\u0131, a\u015f\u0131nma ve y\u0131pranmaya kar\u015f\u0131 daha az duyarl\u0131 olmalar\u0131n\u0131 sa\u011flayarak kullan\u0131m \u00f6m\u00fcrlerini uzat\u0131r. Ayr\u0131ca, \u00fcretim s\u00fcreci nispeten ucuzdur ve bu da di\u011fer giri\u015f cihazlar\u0131na k\u0131yasla daha d\u00fc\u015f\u00fck maliyetlerle sonu\u00e7lan\u0131r.<\/p>\n<ul>\n<li><strong>Minimum bak\u0131m ile uzun kullan\u0131m \u00f6mr\u00fc<\/strong><\/li>\n<li><strong>Y\u00fcksek hacimli uygulamalar i\u00e7in uygun maliyetli \u00e7\u00f6z\u00fcm<\/strong><\/li>\n<li><strong>Zorlu ortamlar ve s\u0131k kullan\u0131m i\u00e7in uygundur<\/strong><\/li>\n<\/ul>\n<p><strong>\u00c7ok Y\u00f6nl\u00fc Uygulamalar<\/strong><\/p>\n<p>Membran tu\u015f tak\u0131mlar\u0131 ve klavyeler, a\u015fa\u011f\u0131dakiler de dahil olmak \u00fczere \u00e7ok \u00e7e\u015fitli uygulamalar i\u00e7in uygun olan \u00e7ok y\u00f6nl\u00fc giri\u015f cihazlar\u0131d\u0131r:<\/p>\n<ul>\n<li><strong>End\u00fcstriyel kontrol panelleri<\/strong><\/li>\n<li><strong>T\u0131bbi cihazlar<\/strong><\/li>\n<li><strong>T\u00fcketici elektroni\u011fi<\/strong><\/li>\n<li><strong>Aletler<\/strong><\/li>\n<li><strong>Otomatlar<\/strong><\/li>\n<li><strong>Otomatik vezne makineleri (ATM'ler)<\/strong><\/li>\n<\/ul>\n<p><strong>\u00d6zelle\u015ftirilebilir Se\u00e7enekler<\/strong><\/p>\n<p>Membran tu\u015f tak\u0131mlar\u0131 ve klavyeler, a\u015fa\u011f\u0131dakiler de dahil olmak \u00fczere \u00f6zel gereksinimleri kar\u015f\u0131layacak \u015fekilde \u00f6zelle\u015ftirilebilir:<\/p>\n<ul>\n<li><strong>\u00c7e\u015fitli anahtar d\u00fczenleri ve boyutlar\u0131<\/strong><\/li>\n<li><strong>\u00d6zel grafikler ve lejantlar<\/strong><\/li>\n<li><strong>Arka ayd\u0131nlatma ve ayd\u0131nlatma se\u00e7enekleri<\/strong><\/li>\n<li><strong>Ek bile\u015fenlerin entegrasyonu<\/strong><\/li>\n<\/ul>\n<p><strong>Deneyimli Bir Membran Tu\u015f Tak\u0131m\u0131 ve Klavye \u00dcreticisi ile \u0130\u015f Orta\u011f\u0131 Olun<\/strong><\/p>\n<p>Membran tu\u015f tak\u0131m\u0131 ve klavye teknolojisinde y\u0131llara dayanan uzmanl\u0131\u011f\u0131m\u0131zla, y\u00fcksek kaliteli, \u00f6zelle\u015ftirilmi\u015f giri\u015f \u00e7\u00f6z\u00fcmleri i\u00e7in g\u00fcvenilir kayna\u011f\u0131n\u0131z\u0131z. Uzman ekibimiz, \u00f6zel ihtiya\u00e7lar\u0131n\u0131z\u0131 anlamak ve g\u00fcvenilir performans, maliyet etkinli\u011fi ve \u00e7ok y\u00f6nl\u00fcl\u00fck sa\u011flayan \u00e7\u00f6z\u00fcmler sunmak i\u00e7in sizinle yak\u0131n i\u015fbirli\u011fi i\u00e7inde \u00e7al\u0131\u015facakt\u0131r.<\/p>\n<p><strong><a href=\"https:\/\/membraneswitchmfg.com\/tr\/contact\/\">Bize ula\u015f\u0131n <\/a>bug\u00fcn<\/strong>\u00a0membran tu\u015f tak\u0131m\u0131 ve klavye \u00e7\u00f6z\u00fcmlerimiz hakk\u0131nda daha fazla bilgi edinmek ve uygulamalar\u0131n\u0131z i\u00e7in kullan\u0131c\u0131 dostu ve dayan\u0131kl\u0131 giri\u015f cihazlar\u0131 olu\u015fturman\u0131za nas\u0131l yard\u0131mc\u0131 olabilece\u011fimizi \u00f6\u011frenmek i\u00e7in.<\/p>","protected":false},"excerpt":{"rendered":"<p>Membran tu\u015f tak\u0131mlar\u0131 ve klavyeler, \u00e7ok \u00e7e\u015fitli giri\u015f uygulamalar\u0131 i\u00e7in g\u00fcvenilir ve uygun maliyetli bir \u00e7\u00f6z\u00fcm sunar. Bu giri\u015f cihazlar\u0131, tu\u015f vuru\u015flar\u0131n\u0131 kaydetmek i\u00e7in bas\u0131nca duyarl\u0131 membranlar ve iletken izler kullanan, dokunsal bir yan\u0131t ve uzun \u00f6m\u00fcrl\u00fc performans sa\u011flayan benzersiz bir tasar\u0131m kullan\u0131r.<\/p>","protected":false},"featured_media":1751,"template":"","meta":[],"product_brand":[],"product_cat":[40],"product_tag":[],"class_list":{"0":"post-1795","1":"product","2":"type-product","3":"status-publish","4":"has-post-thumbnail","6":"product_cat-membrane-switch","8":"first","9":"instock","10":"shipping-taxable","11":"product-type-simple"},"_links":{"self":[{"href":"https:\/\/membraneswitchmfg.com\/tr\/wp-json\/wp\/v2\/product\/1795","targetHints":{"allow":["GET"]}}],"collection":[{"href":"https:\/\/membraneswitchmfg.com\/tr\/wp-json\/wp\/v2\/product"}],"about":[{"href":"https:\/\/membraneswitchmfg.com\/tr\/wp-json\/wp\/v2\/types\/product"}],"wp:featuredmedia":[{"embeddable":true,"href":"https:\/\/membraneswitchmfg.com\/tr\/wp-json\/wp\/v2\/media\/1751"}],"wp:attachment":[{"href":"https:\/\/membraneswitchmfg.com\/tr\/wp-json\/wp\/v2\/media?parent=1795"}],"wp:term":[{"taxonomy":"product_brand","embeddable":true,"href":"https:\/\/membraneswitchmfg.com\/tr\/wp-json\/wp\/v2\/product_brand?post=1795"},{"taxonomy":"product_cat","embeddable":true,"href":"https:\/\/membraneswitchmfg.com\/tr\/wp-json\/wp\/v2\/product_cat?post=1795"},{"taxonomy":"product_tag","embeddable":true,"href":"https:\/\/membraneswitchmfg.com\/tr\/wp-json\/wp\/v2\/product_tag?post=1795"}],"curies":[{"name":"wp","href":"https:\/\/api.w.org\/{rel}","templated":true}]}}