{"id":1975,"date":"2024-06-30T14:12:55","date_gmt":"2024-06-30T14:12:55","guid":{"rendered":"https:\/\/membraneswitchmfg.com\/?post_type=product&#038;p=1975"},"modified":"2024-06-30T14:19:38","modified_gmt":"2024-06-30T14:19:38","slug":"pc-print-label","status":"publish","type":"product","link":"https:\/\/membraneswitchmfg.com\/tr\/manufacturer\/pc-print-label\/","title":{"rendered":"PC Etiket Yazd\u0131r"},"content":{"rendered":"<p data-sourcepos=\"3:1-3:59\"><strong>PC Etiket Yazd\u0131rma:<\/strong> Verimli Etiketleme \u00c7\u00f6z\u00fcmlerini G\u00fc\u00e7lendirme<\/p>\n<p data-sourcepos=\"5:1-5:8\">PC Etiket Yazd\u0131rma, \u00e7ok \u00e7e\u015fitli uygulamalar i\u00e7in etiket olu\u015fturma ve yazd\u0131rma s\u00fcrecini kolayla\u015ft\u0131ran kapsaml\u0131 bir yaz\u0131l\u0131m \u00e7\u00f6z\u00fcm\u00fcd\u00fcr. \u0130ster \u00fcr\u00fcnleri, kargo paketlerini etiketlemeniz, ister envanterinizi d\u00fczenlemeniz gereksin, PC Etiket Yazd\u0131rma, etiketleme g\u00f6revlerinizi kolayl\u0131kla y\u00f6netmeniz i\u00e7in ara\u00e7lar ve esneklik sa\u011flar.<\/p>\n<p data-sourcepos=\"7:1-7:17\"><strong>Temel \u00d6zellikler:<\/strong><\/p>\n<ul data-sourcepos=\"9:1-9:23\">\n<li data-sourcepos=\"9:1-9:23\">\n<p data-sourcepos=\"9:3-9:144\"><strong>Sezgisel Tasar\u0131m:<\/strong> PC Etiket Yazd\u0131rma, acemi kullan\u0131c\u0131lar i\u00e7in bile etiket tasarlamay\u0131 ve \u00f6zelle\u015ftirmeyi kolayla\u015ft\u0131ran kullan\u0131c\u0131 dostu bir aray\u00fcze sahiptir.<\/p>\n<\/li>\n<li data-sourcepos=\"11:1-11:46\">\n<p data-sourcepos=\"11:3-11:46\"><strong>\u00c7ok Y\u00f6nl\u00fc Etiket \u015eablonlar\u0131:<\/strong> \u00d6nceden tasarlanm\u0131\u015f \u00e7ok \u00e7e\u015fitli etiket \u015fablonlar\u0131 aras\u0131ndan se\u00e7im yap\u0131n veya g\u00fc\u00e7l\u00fc etiket d\u00fczenleyicisini kullanarak kendi benzersiz tasar\u0131mlar\u0131n\u0131z\u0131 olu\u015fturun.<\/p>\n<\/li>\n<li data-sourcepos=\"13:1-14:0\">\n<p data-sourcepos=\"13:3-13:189\"><strong>Dinamik Veri Entegrasyonu:<\/strong> \u00dcr\u00fcn bilgileri, m\u00fc\u015fteri ayr\u0131nt\u0131lar\u0131 veya g\u00f6nderim adresleriyle etiketleri ki\u015fiselle\u015ftirmek i\u00e7in elektronik tablolar veya veritabanlar\u0131 gibi \u00e7e\u015fitli kaynaklardan veri i\u00e7e aktar\u0131n.<\/p>\n<\/li>\n<li data-sourcepos=\"15:1-16:0\">\n<p data-sourcepos=\"15:3-15:116\"><strong>Barkod Olu\u015fturma:<\/strong> Verimli \u00fcr\u00fcn tan\u0131mlamas\u0131 ve envanter y\u00f6netimi i\u00e7in barkodlar olu\u015fturun ve yazd\u0131r\u0131n.<\/p>\n<\/li>\n<li data-sourcepos=\"17:1-17:140\">\n<p data-sourcepos=\"17:3-17:140\"><strong>Esnek Yazd\u0131rma Se\u00e7enekleri:<\/strong> Standart masa\u00fcst\u00fc yaz\u0131c\u0131lar, \u00f6zel etiket yaz\u0131c\u0131lar\u0131 ve end\u00fcstriyel etiket yaz\u0131c\u0131lar\u0131 dahil olmak \u00fczere \u00e7e\u015fitli etiket yaz\u0131c\u0131lar\u0131na etiket yazd\u0131r\u0131n.<\/p>\n<\/li>\n<\/ul>","protected":false},"excerpt":{"rendered":"<p>Kapsaml\u0131 \u00f6zellikleri ve kullan\u0131c\u0131 dostu aray\u00fcz\u00fc ile PC Print Label, verimli ve do\u011fru etiketleme \u00e7\u00f6z\u00fcmlerine ihtiya\u00e7 duyan i\u015fletmeler ve bireyler i\u00e7in vazge\u00e7ilmez bir ara\u00e7t\u0131r. PC Print Label ile etiketleme verimlili\u011finizi ve organizasyonunuzu art\u0131r\u0131n.<\/p>","protected":false},"featured_media":1976,"template":"","meta":[],"product_brand":[],"product_cat":[15],"product_tag":[],"class_list":{"0":"post-1975","1":"product","2":"type-product","3":"status-publish","4":"has-post-thumbnail","6":"product_cat-print-label","8":"first","9":"instock","10":"shipping-taxable","11":"product-type-simple"},"_links":{"self":[{"href":"https:\/\/membraneswitchmfg.com\/tr\/wp-json\/wp\/v2\/product\/1975","targetHints":{"allow":["GET"]}}],"collection":[{"href":"https:\/\/membraneswitchmfg.com\/tr\/wp-json\/wp\/v2\/product"}],"about":[{"href":"https:\/\/membraneswitchmfg.com\/tr\/wp-json\/wp\/v2\/types\/product"}],"wp:featuredmedia":[{"embeddable":true,"href":"https:\/\/membraneswitchmfg.com\/tr\/wp-json\/wp\/v2\/media\/1976"}],"wp:attachment":[{"href":"https:\/\/membraneswitchmfg.com\/tr\/wp-json\/wp\/v2\/media?parent=1975"}],"wp:term":[{"taxonomy":"product_brand","embeddable":true,"href":"https:\/\/membraneswitchmfg.com\/tr\/wp-json\/wp\/v2\/product_brand?post=1975"},{"taxonomy":"product_cat","embeddable":true,"href":"https:\/\/membraneswitchmfg.com\/tr\/wp-json\/wp\/v2\/product_cat?post=1975"},{"taxonomy":"product_tag","embeddable":true,"href":"https:\/\/membraneswitchmfg.com\/tr\/wp-json\/wp\/v2\/product_tag?post=1975"}],"curies":[{"name":"wp","href":"https:\/\/api.w.org\/{rel}","templated":true}]}}