{"id":1977,"date":"2024-06-30T14:21:59","date_gmt":"2024-06-30T14:21:59","guid":{"rendered":"https:\/\/membraneswitchmfg.com\/?post_type=product&#038;p=1977"},"modified":"2024-06-30T14:23:24","modified_gmt":"2024-06-30T14:23:24","slug":"pmma-print-label","status":"publish","type":"product","link":"https:\/\/membraneswitchmfg.com\/tr\/manufacturer\/pmma-print-label\/","title":{"rendered":"PMMA Bask\u0131 Etiketi"},"content":{"rendered":"<p data-sourcepos=\"3:1-3:62\"><strong>PMMA Bask\u0131 Etiketi: Dayan\u0131kl\u0131 ve \u00c7ok Y\u00f6nl\u00fc Etiketleme \u00c7\u00f6z\u00fcmleri<\/strong><\/p>\n<p data-sourcepos=\"5:1-5:170\">PMMA bask\u0131 etiketi, akrilik bask\u0131 etiketleri olarak da bilinir, ola\u011fan\u00fcst\u00fc dayan\u0131kl\u0131l\u0131klar\u0131, \u00e7ok y\u00f6nl\u00fcl\u00fckleri ve estetik \u00e7ekicilikleri nedeniyle \u00e7ok \u00e7e\u015fitli etiketleme uygulamalar\u0131 i\u00e7in pop\u00fcler bir se\u00e7imdir. Bu etiketler, mukavemeti, \u00e7izilme direnci, kimyasallara ve UV \u0131\u015f\u0131nlar\u0131na kar\u015f\u0131 direnci ile \u00fcnl\u00fc, y\u00fcksek etkili bir plastik olan polimetil metakrilattan (PMMA) \u00fcretilir.<\/p>\n<p data-sourcepos=\"7:1-7:19\"><strong>Temel Avantajlar:<\/strong><\/p>\n<ul data-sourcepos=\"9:1-9:131\">\n<li data-sourcepos=\"9:1-9:131\">\n<p class=\"\" data-sourcepos=\"9:3-9:226\"><strong class=\"\">Dayan\u0131kl\u0131l\u0131k:<\/strong> PMMA etiketleri zorlu ortamlara dayanabilir, bu da onlar\u0131 d\u0131\u015f mekan ve end\u00fcstriyel uygulamalar i\u00e7in ideal k\u0131lar. A\u015f\u0131r\u0131 s\u0131cakl\u0131klara, neme ve kimyasallara kar\u015f\u0131 dayan\u0131kl\u0131d\u0131rlar ve uzun \u00f6m\u00fcrl\u00fc performans sa\u011flarlar.<\/p>\n<\/li>\n<li data-sourcepos=\"11:1-12:0\">\n<p data-sourcepos=\"11:3-11:244\"><strong>\u00c7ok Y\u00f6nl\u00fcl\u00fck:<\/strong> PMMA etiketleri plastik, metal, cam ve ah\u015fap dahil olmak \u00fczere \u00e7e\u015fitli y\u00fczeylere bas\u0131labilir. \u00dcr\u00fcn etiketlemesinden ve varl\u0131k takibinden tabelalara ve tan\u0131t\u0131m ekranlar\u0131na kadar \u00e7ok \u00e7e\u015fitli uygulamalar i\u00e7in uygundurlar.<\/p>\n<\/li>\n<li data-sourcepos=\"13:1-14:0\">\n<p data-sourcepos=\"13:3-13:249\"><strong>Estetik:<\/strong> PMMA etiketleri, zarafet ve sofistike yayan y\u00fcksek parlakl\u0131kta bir y\u00fczey sunar. \u00c7e\u015fitli renklerde mevcutturlar ve \u00fcr\u00fcnlerinizin veya markan\u0131z\u0131n g\u00f6rsel \u00e7ekicili\u011fini art\u0131ran karma\u015f\u0131k tasar\u0131mlar ve logolarla bas\u0131labilirler.<\/p>\n<\/li>\n<\/ul>\n<p data-sourcepos=\"15:1-15:54\"><strong>PMMA Bask\u0131 Etiketi: Zorlu Etiketleme \u0130htiya\u00e7lar\u0131 \u0130\u00e7in Tercih Edilen Se\u00e7im<\/strong><\/p>\n<p data-sourcepos=\"17:1-17:278\">PMMA bask\u0131 etiketleri, dayan\u0131kl\u0131l\u0131k, \u00e7ok y\u00f6nl\u00fcl\u00fck ve bir zarafet dokunu\u015fu gerektiren uygulamalar i\u00e7in tercih edilen se\u00e7imdir. \u0130ster end\u00fcstriyel ekipman, ister d\u0131\u015f mekan tabelalar\u0131 veya \u00fcst d\u00fczey \u00fcr\u00fcnler i\u00e7in etiketlere ihtiyac\u0131n\u0131z olsun, PMMA etiketleri ola\u011fan\u00fcst\u00fc performans ve g\u00f6rsel \u00e7ekicilik sunacakt\u0131r.<\/p>\n<p data-sourcepos=\"19:1-19:30\"><strong>Ek Hususlar:<\/strong><\/p>\n<ul data-sourcepos=\"21:1-24:0\">\n<li data-sourcepos=\"21:1-22:0\">\n<p data-sourcepos=\"21:3-21:227\"><strong>Bask\u0131 Y\u00f6ntemleri:<\/strong> PMMA etiketleri, dijital bask\u0131, serigrafi ve lazer bask\u0131 dahil olmak \u00fczere \u00e7e\u015fitli y\u00f6ntemler kullan\u0131larak bas\u0131labilir. Bask\u0131 y\u00f6ntemi se\u00e7imi, istenen etiket tasar\u0131m\u0131na, miktar\u0131na ve b\u00fct\u00e7esine ba\u011fl\u0131d\u0131r.<\/p>\n<\/li>\n<li data-sourcepos=\"23:1-24:0\">\n<p data-sourcepos=\"23:3-23:226\"><strong>Yap\u0131\u015fkan Se\u00e7enekleri:<\/strong> PMMA etiketleri, kal\u0131c\u0131, \u00e7\u0131kar\u0131labilir ve yeniden konumland\u0131r\u0131labilir yap\u0131\u015ft\u0131r\u0131c\u0131lar dahil olmak \u00fczere \u00e7e\u015fitli yap\u0131\u015fkan se\u00e7enekleriyle mevcuttur. Uygulaman\u0131za ve y\u00fczey gereksinimlerinize en uygun yap\u0131\u015ft\u0131r\u0131c\u0131y\u0131 se\u00e7in.<\/p>\n<\/li>\n<\/ul>","protected":false},"excerpt":{"rendered":"<p>\u00dcst\u00fcn dayan\u0131kl\u0131l\u0131klar\u0131, \u00e7ok y\u00f6nl\u00fcl\u00fckleri ve estetik \u00e7ekicilikleriyle PMMA bask\u0131 etiketleri, y\u00fcksek kaliteli etiketleme \u00e7\u00f6z\u00fcmleri arayan i\u015fletmeler ve bireyler i\u00e7in g\u00fcvenilir bir se\u00e7imdir. Bir sonraki etiketleme projeniz i\u00e7in PMMA etiketlerini se\u00e7in ve performans ve g\u00f6rsel etkideki fark\u0131 deneyimleyin.<\/p>","protected":false},"featured_media":1978,"template":"","meta":[],"product_brand":[],"product_cat":[15],"product_tag":[],"class_list":{"0":"post-1977","1":"product","2":"type-product","3":"status-publish","4":"has-post-thumbnail","6":"product_cat-print-label","8":"first","9":"instock","10":"shipping-taxable","11":"product-type-simple"},"_links":{"self":[{"href":"https:\/\/membraneswitchmfg.com\/tr\/wp-json\/wp\/v2\/product\/1977","targetHints":{"allow":["GET"]}}],"collection":[{"href":"https:\/\/membraneswitchmfg.com\/tr\/wp-json\/wp\/v2\/product"}],"about":[{"href":"https:\/\/membraneswitchmfg.com\/tr\/wp-json\/wp\/v2\/types\/product"}],"wp:featuredmedia":[{"embeddable":true,"href":"https:\/\/membraneswitchmfg.com\/tr\/wp-json\/wp\/v2\/media\/1978"}],"wp:attachment":[{"href":"https:\/\/membraneswitchmfg.com\/tr\/wp-json\/wp\/v2\/media?parent=1977"}],"wp:term":[{"taxonomy":"product_brand","embeddable":true,"href":"https:\/\/membraneswitchmfg.com\/tr\/wp-json\/wp\/v2\/product_brand?post=1977"},{"taxonomy":"product_cat","embeddable":true,"href":"https:\/\/membraneswitchmfg.com\/tr\/wp-json\/wp\/v2\/product_cat?post=1977"},{"taxonomy":"product_tag","embeddable":true,"href":"https:\/\/membraneswitchmfg.com\/tr\/wp-json\/wp\/v2\/product_tag?post=1977"}],"curies":[{"name":"wp","href":"https:\/\/api.w.org\/{rel}","templated":true}]}}