{"id":1979,"date":"2024-06-30T14:30:58","date_gmt":"2024-06-30T14:30:58","guid":{"rendered":"https:\/\/membraneswitchmfg.com\/?post_type=product&#038;p=1979"},"modified":"2024-06-30T14:31:27","modified_gmt":"2024-06-30T14:31:27","slug":"acrylic-print-label","status":"publish","type":"product","link":"https:\/\/membraneswitchmfg.com\/tr\/manufacturer\/acrylic-print-label\/","title":{"rendered":"Akrilik Bask\u0131 Etiket"},"content":{"rendered":"<p data-sourcepos=\"3:1-3:60\"><strong>Akrilik Bask\u0131 Etiketi: Dayan\u0131kl\u0131l\u0131k ve Zarafetin Birle\u015fimi<\/strong><\/p>\n<p data-sourcepos=\"5:1-5:7\">Akrilik bask\u0131 etiketleri, PMMA bask\u0131 etiketleri olarak da bilinir, dayan\u0131kl\u0131l\u0131k, \u00e7ok y\u00f6nl\u00fcl\u00fck ve estetik \u00e7ekicili\u011fin benzersiz bir kombinasyonunu sunarak, \u00e7ok \u00e7e\u015fitli etiketleme uygulamalar\u0131 i\u00e7in pop\u00fcler bir se\u00e7imdir. Bu etiketler, ola\u011fan\u00fcst\u00fc mukavemeti, \u00e7izilme direnci ve kimyasallara ve UV \u0131\u015f\u0131nlar\u0131na kar\u015f\u0131 direnci ile \u00fcnl\u00fc, y\u00fcksek etkili bir plastik olan polimetil metakrilattan (PMMA) \u00fcretilmi\u015ftir.<\/p>\n<p data-sourcepos=\"7:1-7:19\"><strong>Temel Avantajlar:<\/strong><\/p>\n<ul data-sourcepos=\"9:1-13:122\">\n<li data-sourcepos=\"9:1-10:0\">\n<p data-sourcepos=\"9:3-9:274\"><strong>Kal\u0131c\u0131 Performans:<\/strong> Akrilik bask\u0131 etiketleri zorlu ortamlara dayanabilir, bu da onlar\u0131 d\u0131\u015f mekan ve end\u00fcstriyel uygulamalar i\u00e7in ideal k\u0131lar. A\u015f\u0131r\u0131 s\u0131cakl\u0131klara, neme ve kimyasallara kar\u015f\u0131 dayan\u0131kl\u0131d\u0131rlar ve zorlu ko\u015fullarda bile uzun \u00f6m\u00fcrl\u00fc performans sa\u011flarlar.<\/p>\n<\/li>\n<li data-sourcepos=\"11:1-12:0\">\n<p data-sourcepos=\"11:3-11:293\"><strong>\u00c7e\u015fitli Y\u00fczeylere Uyarlanabilir:<\/strong> Akrilik bask\u0131 etiketleri, plastik, metal, cam ve ah\u015fap dahil olmak \u00fczere \u00e7e\u015fitli y\u00fczeylere s\u0131k\u0131ca yap\u0131\u015f\u0131r. Bu \u00e7ok y\u00f6nl\u00fcl\u00fck, onlar\u0131 \u00fcr\u00fcn etiketleme ve varl\u0131k takibinden tabelalara ve tan\u0131t\u0131m ekranlar\u0131na kadar geni\u015f bir uygulama yelpazesi i\u00e7in uygun hale getirir.<\/p>\n<\/li>\n<li data-sourcepos=\"13:1-13:122\">\n<p data-sourcepos=\"13:3-13:122\"><strong>Geli\u015fmi\u015f G\u00f6rsel \u00c7ekicilik:<\/strong> Akrilik bask\u0131 etiketleri, zarafet ve sofistike yayan y\u00fcksek parlakl\u0131\u011fa sahiptir. \u00c7ok \u00e7e\u015fitli renklerde mevcutturlar ve karma\u015f\u0131k tasar\u0131mlar ve logolarla bas\u0131labilirler, bu da \u00fcr\u00fcnlerinize veya markan\u0131za bir incelik dokunu\u015fu katar.<\/p>\n<\/li>\n<\/ul>\n<p data-sourcepos=\"15:1-15:74\"><strong>Akrilik Bask\u0131 Etiketi: Zorlu Etiketleme \u0130htiya\u00e7lar\u0131 \u0130\u00e7in Tercih Edilen Se\u00e7im<\/strong><\/p>\n<p data-sourcepos=\"17:1-17:287\">Dayan\u0131kl\u0131l\u0131k, \u00e7ok y\u00f6nl\u00fcl\u00fck ve estetik \u00e7ekicilik \u00e7ok \u00f6nemli oldu\u011funda, akrilik bask\u0131 etiketleri tercih edilen se\u00e7im olarak ortaya \u00e7\u0131kar. \u0130ster end\u00fcstriyel ekipman, ister d\u0131\u015f mekan tabelalar\u0131 veya \u00fcst d\u00fczey \u00fcr\u00fcnler i\u00e7in etiketlere ihtiyac\u0131n\u0131z olsun, akrilik bask\u0131 etiketleri ola\u011fan\u00fcst\u00fc performans ve g\u00f6rsel etki sa\u011flayacakt\u0131r.<\/p>\n<p data-sourcepos=\"19:1-19:30\"><strong>Ek Hususlar:<\/strong><\/p>\n<ul data-sourcepos=\"21:1-24:0\">\n<li data-sourcepos=\"21:1-22:0\">\n<p data-sourcepos=\"21:3-21:236\"><strong>Bask\u0131 Y\u00f6ntemleri:<\/strong> Akrilik bask\u0131 etiketleri, dijital bask\u0131, serigrafi ve lazer bask\u0131 dahil olmak \u00fczere \u00e7e\u015fitli y\u00f6ntemler kullan\u0131larak bas\u0131labilir. Bask\u0131 y\u00f6ntemi se\u00e7imi, istenen etiket tasar\u0131m\u0131na, miktar\u0131na ve b\u00fct\u00e7esine ba\u011fl\u0131d\u0131r.<\/p>\n<\/li>\n<li data-sourcepos=\"23:1-24:0\">\n<p data-sourcepos=\"23:3-23:226\"><strong>Yap\u0131\u015fkan Se\u00e7enekleri:<\/strong> Akrilik bask\u0131 etiketleri, kal\u0131c\u0131, \u00e7\u0131kar\u0131labilir ve yeniden konumland\u0131r\u0131labilir yap\u0131\u015ft\u0131r\u0131c\u0131lar dahil olmak \u00fczere \u00e7e\u015fitli yap\u0131\u015fkan se\u00e7enekleriyle birlikte gelir. Uygulaman\u0131za ve y\u00fczey gereksinimlerinize en uygun yap\u0131\u015ft\u0131r\u0131c\u0131y\u0131 se\u00e7in.<\/p>\n<\/li>\n<\/ul>","protected":false},"excerpt":{"rendered":"<div class=\"response-container ng-tns-c4213264577-106 ng-star-inserted response-container-has-multiple-responses\">\n<div class=\"presented-response-container ng-tns-c4213264577-106\">\n<div class=\"response-container-content ng-tns-c4213264577-106 tunable-selection-with-avatar\">\n<div class=\"response-content ng-tns-c4213264577-106\">\n<div class=\"markdown markdown-main-panel\" dir=\"ltr\">\n<p data-sourcepos=\"27:1-27:303\">\u00dcst\u00fcn dayan\u0131kl\u0131l\u0131klar\u0131, \u00e7ok y\u00f6nl\u00fcl\u00fckleri ve estetik \u00e7ekicilikleriyle akrilik bask\u0131 etiketleri, y\u00fcksek kaliteli etiketleme \u00e7\u00f6z\u00fcmleri arayan i\u015fletmeler ve bireyler i\u00e7in g\u00fcvenilir bir se\u00e7imdir. Bir sonraki etiketleme projeniz i\u00e7in akrilik bask\u0131 etiketlerini se\u00e7in ve performans ve g\u00f6rsel etkideki fark\u0131 deneyimleyin.<\/p>\n<\/div>\n<\/div>\n<\/div>\n<\/div>\n<\/div>","protected":false},"featured_media":1980,"template":"","meta":[],"product_brand":[],"product_cat":[15],"product_tag":[],"class_list":{"0":"post-1979","1":"product","2":"type-product","3":"status-publish","4":"has-post-thumbnail","6":"product_cat-print-label","8":"first","9":"instock","10":"shipping-taxable","11":"product-type-simple"},"_links":{"self":[{"href":"https:\/\/membraneswitchmfg.com\/tr\/wp-json\/wp\/v2\/product\/1979","targetHints":{"allow":["GET"]}}],"collection":[{"href":"https:\/\/membraneswitchmfg.com\/tr\/wp-json\/wp\/v2\/product"}],"about":[{"href":"https:\/\/membraneswitchmfg.com\/tr\/wp-json\/wp\/v2\/types\/product"}],"wp:featuredmedia":[{"embeddable":true,"href":"https:\/\/membraneswitchmfg.com\/tr\/wp-json\/wp\/v2\/media\/1980"}],"wp:attachment":[{"href":"https:\/\/membraneswitchmfg.com\/tr\/wp-json\/wp\/v2\/media?parent=1979"}],"wp:term":[{"taxonomy":"product_brand","embeddable":true,"href":"https:\/\/membraneswitchmfg.com\/tr\/wp-json\/wp\/v2\/product_brand?post=1979"},{"taxonomy":"product_cat","embeddable":true,"href":"https:\/\/membraneswitchmfg.com\/tr\/wp-json\/wp\/v2\/product_cat?post=1979"},{"taxonomy":"product_tag","embeddable":true,"href":"https:\/\/membraneswitchmfg.com\/tr\/wp-json\/wp\/v2\/product_tag?post=1979"}],"curies":[{"name":"wp","href":"https:\/\/api.w.org\/{rel}","templated":true}]}}