{"id":2225,"date":"2024-07-22T14:19:03","date_gmt":"2024-07-22T14:19:03","guid":{"rendered":"https:\/\/membraneswitchmfg.com\/manufacturer\/silicone-keypad\/"},"modified":"2024-07-25T05:39:12","modified_gmt":"2024-07-25T05:39:12","slug":"silicone-keypad","status":"publish","type":"product","link":"https:\/\/membraneswitchmfg.com\/tr\/manufacturer\/silicone-keypad\/","title":{"rendered":"Silikon Tu\u015f Tak\u0131m\u0131"},"content":{"rendered":"<h3><strong>Silikon Tu\u015f Tak\u0131m\u0131 Temel \u00d6zellikler:<\/strong><\/h3>\n<p>1. Dayan\u0131kl\u0131l\u0131k: Y\u00fcksek kaliteli silikon kau\u00e7uktan \u00fcretilen tu\u015f tak\u0131mlar\u0131m\u0131z a\u015f\u0131r\u0131 s\u0131cakl\u0131klara, neme ve a\u015f\u0131nmaya kar\u015f\u0131 dayan\u0131kl\u0131d\u0131r ve her ortam i\u00e7in uzun \u00f6m\u00fcrl\u00fc ve sa\u011flam bir \u00e7\u00f6z\u00fcm sa\u011flar.<\/p>\n<p>Silikon klavye tu\u015f \u00f6mr\u00fcm\u00fcz ula\u015fabilir:<\/p>\n<ul>\n<li>1000 bin kez<\/li>\n<li>2000 bin kez<\/li>\n<li>5000K kez <strong>(sekt\u00f6rdeki en uzun kullan\u0131m \u00f6mr\u00fc)<\/strong><\/li>\n<\/ul>\n<p>2. Dokunsal Geri Bildirim: Hassasiyet i\u00e7in tasarlanan bu tu\u015f tak\u0131mlar\u0131 m\u00fckemmel dokunsal geri bildirim sa\u011flayarak her bas\u0131\u015fta duyarl\u0131 ve tatmin edici bir dokunu\u015f sunarak kullan\u0131c\u0131 deneyimini geli\u015ftirir.<\/p>\n<p>3. \u00d6zelle\u015ftirilebilirlik: \u00c7e\u015fitli \u015fekil, boyut ve renklerde mevcut olan silikon tu\u015f tak\u0131mlar\u0131m\u0131z, projenizin \u00f6zel ihtiya\u00e7lar\u0131n\u0131 kar\u015f\u0131layacak \u015fekilde uyarlanabilir. \u00d6zel lejantlar, arka ayd\u0131nlatma se\u00e7enekleri ve farkl\u0131 sertlik seviyeleri de mevcuttur Genel boyutlar end\u00fcstri standard\u0131 M1, M2 ve M3'\u00fc kapsar.<\/p>\n<p>4. \u00c7ok y\u00f6nl\u00fcl\u00fck: T\u00fcketici elektroni\u011fi, t\u0131bbi cihazlar, end\u00fcstriyel kontroller, otomotiv sistemleri ve daha bir\u00e7ok alandaki uygulamalar i\u00e7in idealdir. Silikon malzeme m\u00fckemmel esneklik sunar, bu da onu karma\u015f\u0131k tasar\u0131mlar ve d\u00fczenler i\u00e7in uygun hale getirir.<\/p>\n<p>5. Kolay Entegrasyon: Sorunsuz entegrasyon i\u00e7in tasarlanan tu\u015f tak\u0131mlar\u0131m\u0131z, PCB'ye monte \u00e7\u00f6z\u00fcmler ve membran anahtar tertibatlar\u0131 dahil olmak \u00fczere \u00e7e\u015fitli aray\u00fcz t\u00fcrleriyle uyumludur.<\/p>\n<p>6. S\u0131f\u0131r kusurlu siyah nokta kontrol\u00fc: Geli\u015fmi\u015f \u00fcretim s\u00fcre\u00e7leri ve s\u0131k\u0131 kalite kontrol sistemleri kullanan silikon klavyelerimiz, her \u00fcr\u00fcn\u00fcn en y\u00fcksek g\u00f6r\u00fcn\u00fcm kalite standartlar\u0131na ula\u015fmas\u0131n\u0131 sa\u011flayarak g\u00f6r\u00fcn\u00fcmde s\u0131f\u0131r kusur elde eder.<\/p>\n<p>&nbsp;<\/p>\n<h3><strong>Silikon Tu\u015f Tak\u0131m\u0131 Uygulamalar\u0131:<\/strong><\/h3>\n<p>1. T\u00fcketici Elektroni\u011fi: Uzaktan kumandalar, oyun cihazlar\u0131 ve el cihazlar\u0131 i\u00e7in m\u00fckemmeldir.<\/p>\n<p>2. T\u0131bbi Cihazlar: Hasta monit\u00f6rleri, te\u015fhis ekipmanlar\u0131 ve giyilebilir sa\u011fl\u0131k teknolojileri i\u00e7in idealdir.<\/p>\n<p>3. End\u00fcstriyel Kontroller: Makine kontrolleri, enstr\u00fcmantasyon panelleri ve d\u0131\u015f mekan ekipmanlar\u0131 i\u00e7in yeterince sa\u011flamd\u0131r.<\/p>\n<p>4. Otomotiv Sistemleri: G\u00f6sterge paneli kontrolleri, bilgi-e\u011flence sistemleri ve anahtars\u0131z giri\u015f sistemleri i\u00e7in g\u00fcvenilirdir.<\/p>","protected":false},"excerpt":{"rendered":"<p>Silikon Tu\u015f Tak\u0131mlar\u0131m\u0131z ile dokunsal memnuniyetin ve i\u015flevselli\u011fin zirvesini ya\u015fay\u0131n. T\u00fcketici elektroni\u011finden end\u00fcstriyel makinelere kadar \u00e7ok \u00e7e\u015fitli uygulamalar i\u00e7in tasarlanan bu tu\u015f tak\u0131mlar\u0131 benzersiz performans, g\u00fcvenilirlik ve \u00f6zelle\u015ftirme sunar. \u0130ster t\u00fcketici elektroni\u011finde, ister t\u0131bbi ekipmanlarda veya end\u00fcstriyel kontrolde kullan\u0131ls\u0131n, kusursuz bir g\u00f6r\u00fcn\u00fcm ve \u00fcst\u00fcn kullan\u0131c\u0131 deneyimi i\u00e7in silikon klavyelerimize g\u00fcvenebilirsiniz.<\/p>","protected":false},"featured_media":1735,"template":"","meta":[],"product_brand":[],"product_cat":[39],"product_tag":[],"class_list":{"0":"post-2225","1":"product","2":"type-product","3":"status-publish","4":"has-post-thumbnail","6":"product_cat-silicone-rubber","8":"first","9":"instock","10":"shipping-taxable","11":"product-type-simple"},"_links":{"self":[{"href":"https:\/\/membraneswitchmfg.com\/tr\/wp-json\/wp\/v2\/product\/2225","targetHints":{"allow":["GET"]}}],"collection":[{"href":"https:\/\/membraneswitchmfg.com\/tr\/wp-json\/wp\/v2\/product"}],"about":[{"href":"https:\/\/membraneswitchmfg.com\/tr\/wp-json\/wp\/v2\/types\/product"}],"wp:featuredmedia":[{"embeddable":true,"href":"https:\/\/membraneswitchmfg.com\/tr\/wp-json\/wp\/v2\/media\/1735"}],"wp:attachment":[{"href":"https:\/\/membraneswitchmfg.com\/tr\/wp-json\/wp\/v2\/media?parent=2225"}],"wp:term":[{"taxonomy":"product_brand","embeddable":true,"href":"https:\/\/membraneswitchmfg.com\/tr\/wp-json\/wp\/v2\/product_brand?post=2225"},{"taxonomy":"product_cat","embeddable":true,"href":"https:\/\/membraneswitchmfg.com\/tr\/wp-json\/wp\/v2\/product_cat?post=2225"},{"taxonomy":"product_tag","embeddable":true,"href":"https:\/\/membraneswitchmfg.com\/tr\/wp-json\/wp\/v2\/product_tag?post=2225"}],"curies":[{"name":"wp","href":"https:\/\/api.w.org\/{rel}","templated":true}]}}