{"id":2227,"date":"2024-07-22T14:19:04","date_gmt":"2024-07-22T14:19:04","guid":{"rendered":"https:\/\/membraneswitchmfg.com\/manufacturer\/silicone-gasket\/"},"modified":"2024-07-25T06:04:54","modified_gmt":"2024-07-25T06:04:54","slug":"silicone-gasket","status":"publish","type":"product","link":"https:\/\/membraneswitchmfg.com\/tr\/manufacturer\/silicone-gasket\/","title":{"rendered":"Silikon Conta"},"content":{"rendered":"<h2><strong>Temel \u00d6zellikler:<\/strong><\/h2>\n<p>1. Y\u00fcksek S\u0131cakl\u0131k Dayan\u0131m\u0131: Silikon contalar\u0131m\u0131z, -60\u00b0C ila 230\u00b0C aras\u0131nda de\u011fi\u015fen a\u015f\u0131r\u0131 s\u0131cakl\u0131klara dayanabilir, bu da onlar\u0131 hem y\u00fcksek \u0131s\u0131 hem de dondurucu ortamlar i\u00e7in uygun hale getirir.<\/p>\n<p>2. M\u00fckemmel Esneklik ve Elastikiyet: Silikonun do\u011fal esnekli\u011fi, contalar\u0131m\u0131z\u0131n d\u00fczensiz y\u00fczeylere uyum sa\u011flamas\u0131na olanak tan\u0131r ve y\u00fcksek bas\u0131n\u00e7 alt\u0131nda bile s\u0131k\u0131 ve g\u00fcvenilir bir s\u0131zd\u0131rmazl\u0131k sa\u011flar.<\/p>\n<p>3. \u00dcst\u00fcn Kimyasal Dayan\u0131m: \u00c7ok \u00e7e\u015fitli kimyasallara, ya\u011flara ve \u00e7\u00f6z\u00fcc\u00fclere dayan\u0131kl\u0131 olan silikon contalar\u0131m\u0131z, en zorlu ortamlarda bile b\u00fct\u00fcnl\u00fcklerini ve performanslar\u0131n\u0131 korur.<\/p>\n<p>4. Uzun \u00d6m\u00fcrl\u00fc Dayan\u0131kl\u0131l\u0131k: Uzun \u00f6m\u00fcrl\u00fcl\u00fck i\u00e7in tasarlanan bu contalar, eskimeye, hava ko\u015fullar\u0131na ve UV \u0131\u015f\u0131nlar\u0131na maruz kalmaya kar\u015f\u0131 dayan\u0131kl\u0131d\u0131r ve minimum bak\u0131m ile uzun s\u00fcreli bir hizmet \u00f6mr\u00fc sa\u011flar.<\/p>\n<p>5. FDA ve T\u0131bbi S\u0131n\u0131f Se\u00e7enekleri: G\u0131da s\u0131n\u0131f\u0131 ve t\u0131bbi s\u0131n\u0131f se\u00e7eneklerinde mevcut olan silikon contalar\u0131m\u0131z, g\u0131da i\u015fleme, ila\u00e7 ve sa\u011fl\u0131k uygulamalar\u0131nda kullan\u0131m i\u00e7in g\u00fcvenlidir.<\/p>\n<h2><strong>Silikon Conta Uygulamalar\u0131:<\/strong><\/h2>\n<p>1. Otomotiv: A\u015f\u0131r\u0131 ko\u015fullar alt\u0131nda g\u00fcvenilir s\u0131zd\u0131rmazl\u0131k sa\u011flayan motorlar, \u015fanz\u0131manlar ve egzoz sistemleri i\u00e7in idealdir.<\/p>\n<p>2. End\u00fcstriyel Ekipman: Pompalar, kompres\u00f6rler ve makineler i\u00e7in uygundur, s\u0131z\u0131nt\u0131lar\u0131 \u00f6nler ve verimli \u00e7al\u0131\u015fma sa\u011flar.<\/p>\n<p>3. Yiyecek ve \u0130\u00e7ecek: G\u0131da i\u015fleme ekipmanlar\u0131nda s\u0131zd\u0131rmazl\u0131k i\u00e7in m\u00fckemmeldir, hijyen ve g\u00fcvenlik standartlar\u0131n\u0131 sa\u011flar.<\/p>\n<p>4. T\u0131bbi Cihazlar: T\u0131bbi cihazlarda ve ekipmanlarda kullan\u0131m i\u00e7in g\u00fcvenlidir ve kritik uygulamalarda g\u00fcvenilir s\u0131zd\u0131rmazl\u0131k sa\u011flar.<\/p>\n<p>5. Elektronik: Hassas bile\u015fenleri nem ve tozdan koruyan elektronik muhafazalarda s\u0131zd\u0131rmazl\u0131k i\u00e7in etkilidir.<\/p>","protected":false},"excerpt":{"rendered":"<p>Ke\u015ffedin \u00fcst\u00fcn s\u0131zd\u0131rmazl\u0131k \u00e7\u00f6z\u00fcm\u00fcn\u00fc birinci s\u0131n\u0131f Silikon Contalar\u0131m\u0131zla. Ola\u011fan\u00fcst\u00fc performans sa\u011flamak \u00fczere tasarlanan bu contalar, \u00e7e\u015fitli end\u00fcstrilerin zorlu taleplerini kar\u015f\u0131lamak \u00fczere tasarlanm\u0131\u015ft\u0131r ve her seferinde m\u00fckemmel bir s\u0131zd\u0131rmazl\u0131k sa\u011flar. Ekipman\u0131n\u0131z\u0131n dayan\u0131kl\u0131l\u0131\u011f\u0131n\u0131 art\u0131rmak veya s\u0131z\u0131nt\u0131s\u0131z bir ortam sa\u011flamak istiyorsan\u0131z, silikon contalar\u0131m\u0131z ideal se\u00e7imdir. Kalite ve yenili\u011fe olan ba\u011fl\u0131l\u0131\u011f\u0131m\u0131z, silikon contalar\u0131m\u0131z\u0131n en y\u00fcksek end\u00fcstri standartlar\u0131n\u0131 kar\u015f\u0131lamas\u0131n\u0131 sa\u011flar. \u00d6zel ihtiya\u00e7lar\u0131n\u0131z\u0131 kar\u015f\u0131lamak i\u00e7in \u00e7ok \u00e7e\u015fitli boyutlar, \u015fekiller ve \u00f6zel se\u00e7enekler sunuyoruz. Uzman ekibimiz ve geli\u015fmi\u015f \u00fcretim s\u00fcre\u00e7lerimizle, tutarl\u0131 performans ve g\u00fcvenilirlik sa\u011flayan contalar sunuyoruz.<\/p>","protected":false},"featured_media":2216,"template":"","meta":[],"product_brand":[],"product_cat":[39],"product_tag":[],"class_list":{"0":"post-2227","1":"product","2":"type-product","3":"status-publish","4":"has-post-thumbnail","6":"product_cat-silicone-rubber","8":"first","9":"instock","10":"shipping-taxable","11":"product-type-simple"},"_links":{"self":[{"href":"https:\/\/membraneswitchmfg.com\/tr\/wp-json\/wp\/v2\/product\/2227","targetHints":{"allow":["GET"]}}],"collection":[{"href":"https:\/\/membraneswitchmfg.com\/tr\/wp-json\/wp\/v2\/product"}],"about":[{"href":"https:\/\/membraneswitchmfg.com\/tr\/wp-json\/wp\/v2\/types\/product"}],"wp:featuredmedia":[{"embeddable":true,"href":"https:\/\/membraneswitchmfg.com\/tr\/wp-json\/wp\/v2\/media\/2216"}],"wp:attachment":[{"href":"https:\/\/membraneswitchmfg.com\/tr\/wp-json\/wp\/v2\/media?parent=2227"}],"wp:term":[{"taxonomy":"product_brand","embeddable":true,"href":"https:\/\/membraneswitchmfg.com\/tr\/wp-json\/wp\/v2\/product_brand?post=2227"},{"taxonomy":"product_cat","embeddable":true,"href":"https:\/\/membraneswitchmfg.com\/tr\/wp-json\/wp\/v2\/product_cat?post=2227"},{"taxonomy":"product_tag","embeddable":true,"href":"https:\/\/membraneswitchmfg.com\/tr\/wp-json\/wp\/v2\/product_tag?post=2227"}],"curies":[{"name":"wp","href":"https:\/\/api.w.org\/{rel}","templated":true}]}}