{"id":2228,"date":"2024-07-22T14:19:04","date_gmt":"2024-07-22T14:19:04","guid":{"rendered":"https:\/\/membraneswitchmfg.com\/manufacturer\/silicon-pad\/"},"modified":"2024-07-25T08:35:32","modified_gmt":"2024-07-25T08:35:32","slug":"silicone-pad","status":"publish","type":"product","link":"https:\/\/membraneswitchmfg.com\/tr\/manufacturer\/silicone-pad\/","title":{"rendered":"Silikon Ped"},"content":{"rendered":"<h2><strong>Silikon Ped Temel \u00d6zellikleri:<\/strong><\/h2>\n<p>1.\u00dcst\u00fcn Dayan\u0131kl\u0131l\u0131k: Y\u00fcksek kaliteli silikon kau\u00e7uktan \u00fcretilen pedlerimiz, a\u015f\u0131r\u0131 s\u0131cakl\u0131klara, UV radyasyonuna ve a\u015f\u0131nmaya kar\u015f\u0131 dayan\u0131kl\u0131d\u0131r ve en zorlu ortamlarda bile uzun \u00f6m\u00fcrl\u00fc performans sa\u011flar.<\/p>\n<p>2.M\u00fckemmel Esneklik: Silikonun do\u011fal esnekli\u011fi, pedlerimizin d\u00fczensiz y\u00fczeylere uyum sa\u011flamas\u0131na ve \u015feklini korumas\u0131na olanak tan\u0131yarak tutarl\u0131 koruma ve yast\u0131klama sa\u011flar.<\/p>\n<p>3.Is\u0131 Y\u00f6netimi: \u00dcst\u00fcn \u0131s\u0131 iletkenli\u011fi \u00f6zelliklerine sahip silikon pedlerimiz, elektronik ve LED ayd\u0131nlatma gibi verimli \u0131s\u0131 da\u011f\u0131l\u0131m\u0131 gerektiren uygulamalar i\u00e7in idealdir.<\/p>\n<p>4.Titre\u015fim S\u00f6n\u00fcmleme: Titre\u015fimleri emmek ve s\u00f6nd\u00fcrmek i\u00e7in tasarlanan pedlerimiz, g\u00fcr\u00fclt\u00fcy\u00fc ve mekanik \u015foku azaltarak hassas bile\u015fenleri korur ve ekipman\u0131n\u0131z\u0131n \u00f6mr\u00fcn\u00fc uzat\u0131r.<\/p>\n<p>5.\u00d6zelle\u015ftirilebilir Se\u00e7enekler: \u00c7e\u015fitli kal\u0131nl\u0131klarda, boyutlarda ve sertlik seviyelerinde mevcut olan silikon pedlerimiz, projenizin \u00f6zel ihtiya\u00e7lar\u0131n\u0131 kar\u015f\u0131layacak \u015fekilde uyarlanabilir. \u00d6zel \u015fekiller ve kal\u0131p kesim se\u00e7enekleri de mevcuttur.<\/p>\n<p>6.Kimyasal Diren\u00e7: \u00c7ok \u00e7e\u015fitli kimyasallara, ya\u011flara ve \u00e7\u00f6z\u00fcc\u00fclere kar\u015f\u0131 dayan\u0131kl\u0131 olan silikon pedlerimiz, zorlu ortamlarda b\u00fct\u00fcnl\u00fc\u011f\u00fcn\u00fc ve performans\u0131n\u0131 korur.<\/p>\n<h2><strong>Silikon Ped Uygulamalar\u0131:<\/strong><\/h2>\n<p>1.Elektronik: Elektronik cihazlarda \u0131s\u0131 y\u00f6netimi i\u00e7in idealdir, verimli \u0131s\u0131 transferi ve hassas bile\u015fenler i\u00e7in koruma sa\u011flar.<\/p>\n<p>2.Otomotiv: Motorlarda, \u015fanz\u0131manlarda ve di\u011fer otomotiv sistemlerinde kullan\u0131m i\u00e7in uygundur, titre\u015fim s\u00f6n\u00fcmleme ve \u0131s\u0131 y\u00f6netimi sunar.<\/p>\n<p>3.End\u00fcstriyel Ekipman: Yast\u0131klama, g\u00fcr\u00fclt\u00fc azaltma ve mekanik \u015foka kar\u015f\u0131 koruma gerektiren makine ve ekipmanlar i\u00e7in m\u00fckemmeldir.<\/p>\n<p>4.T\u0131bbi Cihazlar: T\u0131bbi ekipmanlarda kullan\u0131m i\u00e7in g\u00fcvenlidir, hassas aletler i\u00e7in g\u00fcvenilir yast\u0131klama ve koruma sa\u011flar.<\/p>\n<p>5.T\u00fcketim Mallar\u0131: Ev aletleri, mobilyalar ve di\u011fer t\u00fcketim \u00fcr\u00fcnleri i\u00e7in idealdir, yast\u0131klama ve koruma sa\u011flar.<\/p>","protected":false},"excerpt":{"rendered":"<p>Silikon Pedlerimiz, \u00e7ok \u00e7e\u015fitli uygulamalar i\u00e7in dayan\u0131kl\u0131l\u0131k, esneklik ve y\u00fcksek performansl\u0131 yast\u0131klaman\u0131n m\u00fckemmel bir kombinasyonunu sunar. \u0130ster g\u00fcvenilir termal y\u00f6netime, ister titre\u015fim s\u00f6n\u00fcmlemeye veya koruyucu dolguya ihtiyac\u0131n\u0131z olsun, silikon pedlerimiz ola\u011fan\u00fcst\u00fc kalite ve tutarl\u0131l\u0131kla \u00f6zel gereksinimlerinizi kar\u015f\u0131lamak \u00fczere tasarlanm\u0131\u015ft\u0131r. Kalite ve yenili\u011fe olan ba\u011fl\u0131l\u0131\u011f\u0131m\u0131z, silikon pedlerimizin en y\u00fcksek end\u00fcstri standartlar\u0131n\u0131 kar\u015f\u0131lamas\u0131n\u0131 sa\u011flar. \u00d6zel ihtiya\u00e7lar\u0131n\u0131za uygun geni\u015f bir se\u00e7enek yelpazesi sunuyoruz ve uzman ekibimiz beklentilerinizi a\u015fan \u00fcr\u00fcnler sunmaya kendini adam\u0131\u015ft\u0131r. \u0130ster standart pedlere ister tamamen \u00f6zelle\u015ftirilmi\u015f \u00e7\u00f6z\u00fcmlere ihtiyac\u0131n\u0131z olsun, uygulaman\u0131z i\u00e7in m\u00fckemmel yast\u0131klama \u00e7\u00f6z\u00fcm\u00fcn\u00fc sa\u011flamak i\u00e7in uzmanl\u0131\u011fa ve kaynaklara sahibiz.<\/p>","protected":false},"featured_media":2220,"template":"","meta":[],"product_brand":[],"product_cat":[39],"product_tag":[],"class_list":{"0":"post-2228","1":"product","2":"type-product","3":"status-publish","4":"has-post-thumbnail","6":"product_cat-silicone-rubber","8":"first","9":"instock","10":"shipping-taxable","11":"product-type-simple"},"_links":{"self":[{"href":"https:\/\/membraneswitchmfg.com\/tr\/wp-json\/wp\/v2\/product\/2228","targetHints":{"allow":["GET"]}}],"collection":[{"href":"https:\/\/membraneswitchmfg.com\/tr\/wp-json\/wp\/v2\/product"}],"about":[{"href":"https:\/\/membraneswitchmfg.com\/tr\/wp-json\/wp\/v2\/types\/product"}],"wp:featuredmedia":[{"embeddable":true,"href":"https:\/\/membraneswitchmfg.com\/tr\/wp-json\/wp\/v2\/media\/2220"}],"wp:attachment":[{"href":"https:\/\/membraneswitchmfg.com\/tr\/wp-json\/wp\/v2\/media?parent=2228"}],"wp:term":[{"taxonomy":"product_brand","embeddable":true,"href":"https:\/\/membraneswitchmfg.com\/tr\/wp-json\/wp\/v2\/product_brand?post=2228"},{"taxonomy":"product_cat","embeddable":true,"href":"https:\/\/membraneswitchmfg.com\/tr\/wp-json\/wp\/v2\/product_cat?post=2228"},{"taxonomy":"product_tag","embeddable":true,"href":"https:\/\/membraneswitchmfg.com\/tr\/wp-json\/wp\/v2\/product_tag?post=2228"}],"curies":[{"name":"wp","href":"https:\/\/api.w.org\/{rel}","templated":true}]}}