{"id":2274,"date":"2024-07-26T02:52:22","date_gmt":"2024-07-26T02:52:22","guid":{"rendered":"https:\/\/membraneswitchmfg.com\/?post_type=product&#038;p=2274"},"modified":"2024-09-19T12:54:44","modified_gmt":"2024-09-19T12:54:44","slug":"magnetic-switch","status":"publish","type":"product","link":"https:\/\/membraneswitchmfg.com\/tr\/manufacturer\/magnetic-switch\/","title":{"rendered":"Manyetik Anahtar"},"content":{"rendered":"<h4><strong><b>Temel \u00d6zellikler:<\/b><\/strong><\/h4>\n<p><strong>1.<\/strong><strong>Benzeri G\u00f6r\u00fclmemi\u015f Dayan\u0131kl\u0131l\u0131k<\/strong>: 10 milyon bask\u0131ya kadar dayanacak \u015fekilde tasarlanan \u00fcr\u00fcn\u00fcm\u00fcz, uzun bir s\u00fcre boyunca tutarl\u0131 performans ve g\u00fcvenilirlik sa\u011flayarak uzun vadeli uygulamalar i\u00e7in uygun maliyetli bir se\u00e7imdir.<\/p>\n<p><strong>2.<\/strong><strong>\u00c7ok Y\u00f6nl\u00fc Uygulamalar<\/strong>: \u015eu anda Manyetik Anahtar\u0131m\u0131z, a\u015fa\u011f\u0131dakiler de dahil olmak \u00fczere \u00e7e\u015fitli y\u00fcksek talep g\u00f6ren sekt\u00f6rlerde yayg\u0131n olarak kullan\u0131lmaktad\u0131r:<\/p>\n<ul>\n<li><strong>T\u0131bbi Ekipman<\/strong>: Hassas ve g\u00fcvenilir kontrol sa\u011flayan anahtar\u0131m\u0131z, t\u0131bbi cihazlarda kritik bir bile\u015fendir ve sa\u011fl\u0131k hizmeti ortamlar\u0131nda g\u00fcvenlik ve g\u00fcvenilirlik sa\u011flar.<\/li>\n<li><strong>Ko\u015fu Bantlar\u0131<\/strong>: Fitness ekipmanlar\u0131na entegre edilen anahtar\u0131m\u0131z sorunsuz \u00e7al\u0131\u015fmay\u0131 garanti eder ve kullan\u0131c\u0131 deneyimini geli\u015ftirir, s\u0131k kullan\u0131m\u0131n zorlu taleplerine dayan\u0131r.<\/li>\n<\/ul>\n<h4><strong><b>Neden Manyetik Anahtar\u0131m\u0131z\u0131 Se\u00e7melisiniz?<\/b><\/strong><\/h4>\n<p><strong>1.<\/strong><strong>E\u015fsiz Kullan\u0131m \u00d6mr\u00fc<\/strong>: \u0130\u00e7 pazarda 10 milyon basma \u00f6mr\u00fcne sahip tek Manyetik Anahtar olarak dayan\u0131kl\u0131l\u0131k standard\u0131n\u0131 belirliyoruz.<\/p>\n<p><strong>2.<\/strong><strong>Kritik Uygulamalarda G\u00fcvenilirlik<\/strong>: G\u00fcvenilirlik ve hassasiyetin \u00e7ok \u00f6nemli oldu\u011fu t\u0131bbi ekipmanlarda \u015falterimize g\u00fcvenilmektedir.<\/p>\n<p><strong>3.<\/strong><strong>Y\u00fcksek Kullan\u0131ml\u0131 Ortamlarda Performans<\/strong>: Ko\u015fu bantlar\u0131ndaki uygulamalarla, anahtar\u0131m\u0131z y\u00fcksek trafikli, y\u00fcksek kullan\u0131ml\u0131 ortamlarda dayan\u0131kl\u0131l\u0131\u011f\u0131n\u0131 kan\u0131tlamaktad\u0131r.<\/p>","protected":false},"excerpt":{"rendered":"<p>Geli\u015fmi\u015f \u00fcr\u00fcnlerimizle tan\u0131\u015f\u0131n <span class=\"Y2IQFc\" lang=\"en\">Manyetik membran anahtar<\/span>piyasadaki dayan\u0131kl\u0131l\u0131k ve g\u00fcvenilirli\u011fin \u00f6z\u00fcd\u00fcr. A\u015fa\u011f\u0131dakilere kadar kayda de\u011fer bir \u00fcr\u00fcn \u00f6mr\u00fcne sahiptir <strong>10 milyon bask\u0131<\/strong>, Manyetik Anahtar\u0131m\u0131z \u015fu \u015fekilde durmaktad\u0131r <strong>i\u00e7 pazarda bu kadar uzun \u00f6m\u00fcr sunan t\u00fcr\u00fcn\u00fcn tek \u00f6rne\u011fi<\/strong>Piyasada dayan\u0131kl\u0131l\u0131k ve g\u00fcvenilirli\u011fin timsali olan geli\u015fmi\u015f Manyetik Anahtar\u0131m\u0131zla tan\u0131\u015f\u0131n. \u00dcr\u00fcn \u00f6mr\u00fc 10 milyon bas\u0131\u015fa kadar \u00e7\u0131kan Manyetik Anahtar\u0131m\u0131z, i\u00e7 pazarda bu kadar uzun \u00f6m\u00fcr sunan t\u00fcr\u00fcn\u00fcn tek \u00f6rne\u011fi olarak \u00f6ne \u00e7\u0131k\u0131yor.<\/p>","protected":false},"featured_media":2435,"template":"","meta":[],"product_brand":[],"product_cat":[40],"product_tag":[],"class_list":{"0":"post-2274","1":"product","2":"type-product","3":"status-publish","4":"has-post-thumbnail","6":"product_cat-membrane-switch","8":"first","9":"instock","10":"shipping-taxable","11":"product-type-simple"},"_links":{"self":[{"href":"https:\/\/membraneswitchmfg.com\/tr\/wp-json\/wp\/v2\/product\/2274","targetHints":{"allow":["GET"]}}],"collection":[{"href":"https:\/\/membraneswitchmfg.com\/tr\/wp-json\/wp\/v2\/product"}],"about":[{"href":"https:\/\/membraneswitchmfg.com\/tr\/wp-json\/wp\/v2\/types\/product"}],"wp:featuredmedia":[{"embeddable":true,"href":"https:\/\/membraneswitchmfg.com\/tr\/wp-json\/wp\/v2\/media\/2435"}],"wp:attachment":[{"href":"https:\/\/membraneswitchmfg.com\/tr\/wp-json\/wp\/v2\/media?parent=2274"}],"wp:term":[{"taxonomy":"product_brand","embeddable":true,"href":"https:\/\/membraneswitchmfg.com\/tr\/wp-json\/wp\/v2\/product_brand?post=2274"},{"taxonomy":"product_cat","embeddable":true,"href":"https:\/\/membraneswitchmfg.com\/tr\/wp-json\/wp\/v2\/product_cat?post=2274"},{"taxonomy":"product_tag","embeddable":true,"href":"https:\/\/membraneswitchmfg.com\/tr\/wp-json\/wp\/v2\/product_tag?post=2274"}],"curies":[{"name":"wp","href":"https:\/\/api.w.org\/{rel}","templated":true}]}}